{"id":182204,"date":"2025-12-10T21:34:49","date_gmt":"2025-12-10T19:34:49","guid":{"rendered":"https:\/\/shop4trac.com\/bez-kategorii\/pompa-paliwa-pompa-zasilajaca-kubota-v2607-v3307-v3800-bobcat\/"},"modified":"2025-12-10T22:01:01","modified_gmt":"2025-12-10T20:01:01","slug":"pompa-paliwa-pompa-zasilajaca-kubota-v2607-v3307-v3800-bobcat","status":"publish","type":"product","link":"https:\/\/shop4trac.com\/pl\/czesci-silnika\/pompa-doladowania-paliwa\/pompa-paliwa-pompa-zasilajaca-kubota-v2607-v3307-v3800-bobcat\/","title":{"rendered":"Pompa paliwa | Pompa zasilaj\u0105ca Kubota V2607 | V3307 | V3800 | Bobcat"},"content":{"rendered":"<p><b>Mechaniczna pompa zasilaj\u0105ca do nowoczesnych silnik\u00f3w Kubota.<\/b>  Ta pompa paliwa zosta\u0142a specjalnie opracowana dla nowszej generacji silnik\u00f3w Kubota z bezpo\u015brednim wtryskiem i systemami common rail.<\/p>\n<h5 data-path-to-node=\"5\"><b>Specyfikacja<\/b><\/h5>\n<ul>\n<li data-path-to-node=\"6,0,0\"><b>Typ:<\/b> Mechaniczna pompa zasilaj\u0105ca (membranowa)<\/li>\n<li data-path-to-node=\"6,1,0\"><b>Nap\u0119d:<\/b> Wa\u0142ek rozrz\u0105du<\/li>\n<li data-path-to-node=\"6,2,0\"><b>Po\u0142\u0105czenie:<\/b> Wlot \/ Wylot (Zwr\u00f3\u0107 uwag\u0119 na kierunek strza\u0142ki na pompie)<\/li>\n<li data-path-to-node=\"6,3,0\"><b>Zastosowanie:<\/b> Silniki Kubota serii -07 i -03-M (Tier 4)<\/li>\n<li data-path-to-node=\"6,4,0\"><b>W zestawie:<\/b> Uszczelka monta\u017cowa<\/li>\n<\/ul>\n<p><strong>Kubota<\/strong><\/p>\n<ul data-path-to-node=\"16\">\n<li>KX057-4, KX080-3, KX080-4, KX080-4a, U48-4, U55-4, SVL75, SVL75-2, SVL90, SVL90-2, SSV65, SSV75<\/li>\n<li>\n<p data-path-to-node=\"16,0,0\">M4062, M4072, M5091, M5111, M6040, M6060, M7040, M7060, M8540, M8560, M9540, M9960<\/p>\n<\/li>\n<\/ul>\n<p><strong>Silnik Kubota<\/strong><\/p>\n<ul>\n<li>V2607-DI-T, V3307-DI-T, V3800-DI-T, V3007<\/li>\n<\/ul>\n<p><strong>Bobcat<\/strong><\/p>\n<ul>\n<li>S630, S650, S750, S770, S850, T630, T650, T750, T770, T870, A770<\/li>\n<\/ul>\n<p><strong>Takeuchi<\/strong><\/p>\n<ul>\n<li>TB260<\/li>\n<\/ul>\n<p><strong>Numery OEM do por\u00f3wnania<\/strong><\/p>\n<ul>\n<li data-path-to-node=\"9,0,0\">1J710-52032, 1J710-52030, 1J710-52031, 1J71052032<\/li>\n<li>6691456<\/li>\n<\/ul>\n","protected":false},"excerpt":{"rendered":"<p>Mechaniczna pompa zasilaj\u0105ca do nowoczesnych silnik\u00f3w Kubota. Ta pompa paliwa zosta\u0142a specjalnie opracowana dla nowszej generacji silnik\u00f3w Kubota z bezpo\u015brednim wtryskiem i systemami common rail. Specyfikacja Typ: Mechaniczna pompa zasilaj\u0105ca (membranowa) Nap\u0119d: Wa\u0142ek rozrz\u0105du Po\u0142\u0105czenie: Wlot \/ Wylot (Zwr\u00f3\u0107 uwag\u0119 na kierunek strza\u0142ki na pompie) Zastosowanie: Silniki Kubota serii -07 i -03-M (Tier 4) W&hellip;<\/p>\n","protected":false},"featured_media":182576,"comment_status":"","ping_status":"closed","template":"","meta":[],"product_cat":[19480],"product_tag":[],"class_list":{"0":"post-182204","1":"product","2":"type-product","3":"status-publish","4":"has-post-thumbnail","6":"product_cat-pompa-doladowania-paliwa","7":"pa_merk-bobcat-pl","8":"pa_merk-kubota-pl","9":"pa_merk-takeuchi-pl","11":"first","12":"instock","13":"sale","14":"taxable","15":"shipping-taxable","16":"purchasable","17":"product-type-simple","18":"col-xs-6 col-sm-4","19":"col-md-3 col-lg-3","20":"un-4-cols"},"_links":{"self":[{"href":"https:\/\/shop4trac.com\/pl\/wp-json\/wp\/v2\/product\/182204","targetHints":{"allow":["GET"]}}],"collection":[{"href":"https:\/\/shop4trac.com\/pl\/wp-json\/wp\/v2\/product"}],"about":[{"href":"https:\/\/shop4trac.com\/pl\/wp-json\/wp\/v2\/types\/product"}],"replies":[{"embeddable":true,"href":"https:\/\/shop4trac.com\/pl\/wp-json\/wp\/v2\/comments?post=182204"}],"wp:featuredmedia":[{"embeddable":true,"href":"https:\/\/shop4trac.com\/pl\/wp-json\/wp\/v2\/media\/182576"}],"wp:attachment":[{"href":"https:\/\/shop4trac.com\/pl\/wp-json\/wp\/v2\/media?parent=182204"}],"wp:term":[{"taxonomy":"product_cat","embeddable":true,"href":"https:\/\/shop4trac.com\/pl\/wp-json\/wp\/v2\/product_cat?post=182204"},{"taxonomy":"product_tag","embeddable":true,"href":"https:\/\/shop4trac.com\/pl\/wp-json\/wp\/v2\/product_tag?post=182204"}],"curies":[{"name":"wp","href":"https:\/\/api.w.org\/{rel}","templated":true}]}}