{"id":182176,"date":"2025-12-10T18:41:18","date_gmt":"2025-12-10T16:41:18","guid":{"rendered":"https:\/\/shop4trac.com\/bez-kategorii\/pompa-paliwa-pompa-zasilajaca-yanmar-3tnv70-4tnv98-elektryczna\/"},"modified":"2025-12-10T21:59:23","modified_gmt":"2025-12-10T19:59:23","slug":"pompa-paliwa-pompa-zasilajaca-yanmar-3tnv70-4tnv98-elektryczna","status":"publish","type":"product","link":"https:\/\/shop4trac.com\/pl\/czesci-silnika\/pompa-doladowania-paliwa\/pompa-paliwa-pompa-zasilajaca-yanmar-3tnv70-4tnv98-elektryczna\/","title":{"rendered":"Pompa paliwa | Pompa zasilaj\u0105ca Yanmar 3TNV70 \u2013 4TNV98 | Elektryczna"},"content":{"rendered":"<p>Problemy z rozruchem lub spadek ci\u015bnienia podczas du\u017cego obci\u0105\u017cenia? Cz\u0119sto przyczyn\u0105 jest elektryczna pompa zasilaj\u0105ca. Ta 12V pompa paliwa jest bezpo\u015brednim zamiennikiem (&#8217;Direct Fit&#8217;) do silnik\u00f3w Yanmar TNV.  <\/p>\n<p><strong>Dane techniczne<\/strong><\/p>\n<ul>\n<li data-path-to-node=\"6,0,0\"><b>Napi\u0119cie:<\/b> 12 Volt<\/li>\n<li data-path-to-node=\"6,1,0\"><b>Nat\u0119\u017cenie:<\/b> 1,5A<\/li>\n<li data-path-to-node=\"6,2,0\"><b>Typ:<\/b> Elektryczna pompa liniowa (wtyczka 2-pinowa)<\/li>\n<li data-path-to-node=\"6,3,0\"><b>Przy\u0142\u0105cze:<\/b> kr\u00f3\u0107ce 8mm (wlot\/wylot)<\/li>\n<li data-path-to-node=\"6,4,0\"><b>Ci\u015bnienie:<\/b> ok. 0,03 MPa (Niskoci\u015bnieniowe pompowanie wst\u0119pne)<\/li>\n<li data-path-to-node=\"6,5,0\"><b>Przep\u0142yw:<\/b> 90 L\/h<\/li>\n<\/ul>\n<p><strong>Yanmar<\/strong><\/p>\n<ul>\n<li>Vio30, Vio35<\/li>\n<li>Vio45, Vio50, Vio55<\/li>\n<li>Vio57, Vio80<\/li>\n<li>SV100<\/li>\n<\/ul>\n<p><strong>Silnik Yanmar<\/strong><\/p>\n<ul>\n<li data-path-to-node=\"4,0,1,0,0\">3TNV88 (Najcz\u0119stsze zastosowanie)<\/li>\n<li data-path-to-node=\"4,0,1,1,0\">3TNV84 \/ 3TNV84T<\/li>\n<li data-path-to-node=\"4,0,1,2,0\">3TNV70<\/li>\n<li data-path-to-node=\"4,0,1,3,0\">3TNV76<\/li>\n<li data-path-to-node=\"4,0,1,4,0\">3TNV82A<\/li>\n<li data-path-to-node=\"4,1,1,0,0\">4TNV88<\/li>\n<li data-path-to-node=\"4,1,1,1,0\">4TNV84 \/ 4TNV84T<\/li>\n<li data-path-to-node=\"4,1,1,2,0\">4TNV94 \/ 4TNV94L<\/li>\n<li data-path-to-node=\"4,1,1,3,0\">4TNV98 \/ 4TNV98T<\/li>\n<\/ul>\n<p><strong>Komatsu (Koparki i \u0142adowarki):<\/strong><\/p>\n<ul>\n<li>Seria PC: PC30MR-2, PC30MR-3, PC35MR-2, PC35MR-3<\/li>\n<li>Seria PC: PC45MR-3, PC55MR-3<\/li>\n<li>Seria PC: PC20MR-2, PC27MR-2<\/li>\n<li>Seria SK (\u0141adowarki): SK714, SK815, SK820<\/li>\n<li>Seria WA (\u0141adowarki): WA90-3<\/li>\n<\/ul>\n<p><strong>Takeuchi<\/strong> :<\/p>\n<ul>\n<li>TB230<\/li>\n<li>TB235, TB240<\/li>\n<li>TB260, TB290<\/li>\n<li>TB153FR<\/li>\n<\/ul>\n<p><strong>Hitachi<\/strong>:<\/p>\n<ul>\n<li>ZX30U-2, ZX30U-3<\/li>\n<li>ZX35U-2, ZX35U-3<\/li>\n<li>ZX40, ZX50<\/li>\n<\/ul>\n<p><strong>Numery OEM do por\u00f3wnania<\/strong><\/p>\n<ul>\n<li>129612-52100<\/li>\n<\/ul>\n","protected":false},"excerpt":{"rendered":"<p>Problemy z rozruchem lub spadek ci\u015bnienia podczas du\u017cego obci\u0105\u017cenia? Cz\u0119sto przyczyn\u0105 jest elektryczna pompa zasilaj\u0105ca. Ta 12V pompa paliwa jest bezpo\u015brednim zamiennikiem (&#8217;Direct Fit&#8217;) do silnik\u00f3w Yanmar TNV. Dane techniczne Napi\u0119cie: 12 Volt Nat\u0119\u017cenie: 1,5A Typ: Elektryczna pompa liniowa (wtyczka 2-pinowa) Przy\u0142\u0105cze: kr\u00f3\u0107ce 8mm (wlot\/wylot) Ci\u015bnienie: ok. 0,03 MPa (Niskoci\u015bnieniowe pompowanie wst\u0119pne) Przep\u0142yw: 90 L\/h&hellip;<\/p>\n","protected":false},"featured_media":182530,"comment_status":"","ping_status":"closed","template":"","meta":[],"product_cat":[19480],"product_tag":[],"class_list":{"0":"post-182176","1":"product","2":"type-product","3":"status-publish","4":"has-post-thumbnail","6":"product_cat-pompa-doladowania-paliwa","7":"pa_merk-hitachi-pl","8":"pa_merk-takeuchi-pl","9":"pa_merk-yanmar-pl","11":"first","12":"outofstock","13":"sale","14":"taxable","15":"shipping-taxable","16":"purchasable","17":"product-type-simple","18":"col-xs-6 col-sm-4","19":"col-md-3 col-lg-3","20":"un-4-cols"},"_links":{"self":[{"href":"https:\/\/shop4trac.com\/pl\/wp-json\/wp\/v2\/product\/182176","targetHints":{"allow":["GET"]}}],"collection":[{"href":"https:\/\/shop4trac.com\/pl\/wp-json\/wp\/v2\/product"}],"about":[{"href":"https:\/\/shop4trac.com\/pl\/wp-json\/wp\/v2\/types\/product"}],"replies":[{"embeddable":true,"href":"https:\/\/shop4trac.com\/pl\/wp-json\/wp\/v2\/comments?post=182176"}],"wp:featuredmedia":[{"embeddable":true,"href":"https:\/\/shop4trac.com\/pl\/wp-json\/wp\/v2\/media\/182530"}],"wp:attachment":[{"href":"https:\/\/shop4trac.com\/pl\/wp-json\/wp\/v2\/media?parent=182176"}],"wp:term":[{"taxonomy":"product_cat","embeddable":true,"href":"https:\/\/shop4trac.com\/pl\/wp-json\/wp\/v2\/product_cat?post=182176"},{"taxonomy":"product_tag","embeddable":true,"href":"https:\/\/shop4trac.com\/pl\/wp-json\/wp\/v2\/product_tag?post=182176"}],"curies":[{"name":"wp","href":"https:\/\/api.w.org\/{rel}","templated":true}]}}