{"id":130550,"date":"2024-10-03T08:57:47","date_gmt":"2024-10-03T07:57:47","guid":{"rendered":"https:\/\/shop4trac.com\/bez-kategorii\/kierownica-kierownica-yanmar-ym1500-ym3000\/"},"modified":"2025-08-01T17:18:07","modified_gmt":"2025-08-01T15:18:07","slug":"kierownica-kierownica-yanmar-ym1500-ym3000","status":"publish","type":"product","link":"https:\/\/shop4trac.com\/pl\/podwozie\/kierownica\/kierownica-kierownica-yanmar-ym1500-ym3000\/","title":{"rendered":"Kierownica | Kierownica Yanmar YM1500 \u2013 YM3000"},"content":{"rendered":"<p>Kierownica do nast\u0119puj\u0105cych ci\u0105gnik\u00f3w Yanmar<\/p>\n<p><strong>Yanmar<\/strong><\/p>\n<ul>\n<li class=\"p1\">YM195, YM240, YM330<\/li>\n<li class=\"p1\">YM1500, YM1600, YM1700, YM1900, YM2000, YM2200, YM2210, YM2500, YM2700, YM3000<\/li>\n<\/ul>\n<p><strong>John Deere<\/strong><\/p>\n<ul>\n<li>650, 750, 850, 900, 950, 1050, 1250, 1450, 1650<\/li>\n<\/ul>\n<p><strong>\u015arednica:<\/strong> 40cm<\/p>\n<p><strong>Po\u0142\u0105czenie:<\/strong><\/p>\n<ul>\n<li>sto\u017ckowe od 18 mm do 16 mm<\/li>\n<\/ul>\n<p><strong>OEM do referencji<\/strong><\/p>\n<ul>\n<li>194145-15710, 194150-15710, 194130-15710<\/li>\n<\/ul>\n","protected":false},"excerpt":{"rendered":"<p>Kierownica do nast\u0119puj\u0105cych ci\u0105gnik\u00f3w Yanmar Yanmar YM195, YM240, YM330 YM1500, YM1600, YM1700, YM1900, YM2000, YM2200, YM2210, YM2500, YM2700, YM3000 John Deere 650, 750, 850, 900, 950, 1050, 1250, 1450, 1650 \u015arednica: 40cm Po\u0142\u0105czenie: sto\u017ckowe od 18 mm do 16 mm OEM do referencji 194145-15710, 194150-15710, 194130-15710<\/p>\n","protected":false},"featured_media":132244,"comment_status":"open","ping_status":"closed","template":"","meta":[],"product_cat":[21916],"product_tag":[22506,22505,22507,22512,22514,22508,22509,22510,22513,22511],"class_list":{"0":"post-130550","1":"product","2":"type-product","3":"status-publish","4":"has-post-thumbnail","6":"product_cat-kierownica","7":"product_tag-kierownica","8":"product_tag-kierownica-kierownica-yanmar-ym1500-ym3000","9":"product_tag-kierownica-yanmara","10":"product_tag-kierownica-ym1500","11":"product_tag-kierownica-ym3000","12":"product_tag-wyslac","13":"product_tag-wyslij-yanmara","14":"product_tag-yanmar-wyslij","15":"product_tag-yanmara-ym1500","16":"product_tag-ym1500-pl","17":"pa_merk-yanmar-pl","19":"first","20":"instock","21":"sale","22":"taxable","23":"shipping-taxable","24":"purchasable","25":"product-type-simple","26":"col-xs-6 col-sm-4","27":"col-md-3 col-lg-3","28":"un-4-cols"},"_links":{"self":[{"href":"https:\/\/shop4trac.com\/pl\/wp-json\/wp\/v2\/product\/130550","targetHints":{"allow":["GET"]}}],"collection":[{"href":"https:\/\/shop4trac.com\/pl\/wp-json\/wp\/v2\/product"}],"about":[{"href":"https:\/\/shop4trac.com\/pl\/wp-json\/wp\/v2\/types\/product"}],"replies":[{"embeddable":true,"href":"https:\/\/shop4trac.com\/pl\/wp-json\/wp\/v2\/comments?post=130550"}],"wp:featuredmedia":[{"embeddable":true,"href":"https:\/\/shop4trac.com\/pl\/wp-json\/wp\/v2\/media\/132244"}],"wp:attachment":[{"href":"https:\/\/shop4trac.com\/pl\/wp-json\/wp\/v2\/media?parent=130550"}],"wp:term":[{"taxonomy":"product_cat","embeddable":true,"href":"https:\/\/shop4trac.com\/pl\/wp-json\/wp\/v2\/product_cat?post=130550"},{"taxonomy":"product_tag","embeddable":true,"href":"https:\/\/shop4trac.com\/pl\/wp-json\/wp\/v2\/product_tag?post=130550"}],"curies":[{"name":"wp","href":"https:\/\/api.w.org\/{rel}","templated":true}]}}