{"id":130371,"date":"2024-10-02T09:57:32","date_gmt":"2024-10-02T08:57:32","guid":{"rendered":"https:\/\/shop4trac.com\/bez-kategorii\/sprezyna-zaworu-kubota-d1703-d1803-v2203-bobcat-gigant\/"},"modified":"2025-08-01T17:18:10","modified_gmt":"2025-08-01T15:18:10","slug":"sprezyna-zaworu-kubota-d1703-d1803-v2203-bobcat-gigant","status":"publish","type":"product","link":"https:\/\/shop4trac.com\/pl\/czesci-silnika\/sprezyna-zaworu\/sprezyna-zaworu-kubota-d1703-d1803-v2203-bobcat-gigant\/","title":{"rendered":"Spr\u0119\u017cyna zaworu Kubota D1703 | D1803 | V2203 Bobcat | Gigant"},"content":{"rendered":"<p>Ta spr\u0119\u017cyna zaworowa jest <span style=\"text-decoration: underline\">wysokiej<\/span> jako\u015bci i nadaje si\u0119 do naszych g\u0142owic cylindr\u00f3w.<\/p>\n<p><strong>Silnik Kuboty<\/strong><\/p>\n<ul>\n<li>D1703, D1803, V2203, V3300, V3600<\/li>\n<\/ul>\n<p><strong>Kubota<\/strong><\/p>\n<ul>\n<li>L2501 HST, Kubota L2501, Kubota L3240 GST, Kubota L3240 HST, Kubota L3240, Kubota L3300 GST, Kubota L3300, Kubota L3400 HST, Kubota L3400, Kubota L3410 GST, Kubota L3410 HST, Kubota L3410, Kubota L343 0, Kubota L35<\/li>\n<li>KX037-4, KX91-3S2, U35-3S2, U35-4, U36-4<\/li>\n<li>L1361, L3301HST, L3301, L3540, L3540 GST, L3540 HST, L3560 GST, L3560 HST, L3560, L3800, L3830, L3901 HST, L3901<\/li>\n<li>KX040-4, KX042-4, KX101-3a3, KX101-3a4 HI, KX101-3a4, U35-3a3, RT270-2, RT280-2<\/li>\n<\/ul>\n<p><strong>Ry\u015b ameryka\u0144ski<\/strong><\/p>\n<ul>\n<li>325C\/D<\/li>\n<li>Bobcat: -325 (seria G), 328 (seria G), E34<\/li>\n<li>E32, E35<\/li>\n<\/ul>\n<p><strong>Bomag<\/strong><\/p>\n<ul>\n<li>-BW-100AC-4, BW-100AC-5, BW-120AC-4, BW-120AC-5, BW-125AC-4, BW-100AD-4, BW-100AD-5, BW-100SL-5, BW -120AD-4, BW-120AD-5, BW-120SL-5, BW-125AD-4<\/li>\n<li>BW-100AC-5, BW-120AC-5, BW-100AD-5, BW-120AD-5<\/li>\n<\/ul>\n<p><strong>Eurocomach<\/strong><\/p>\n<ul>\n<li>ES 400ZT, ES 40ZT<\/li>\n<\/ul>\n<p><strong>Dynapak<\/strong><\/p>\n<ul>\n<li>-CC1100, CC1100 Plus, CC1100C, CC1200, CC1200 Plus, CC1200C<\/li>\n<\/ul>\n<p><strong>Gigant<\/strong><\/p>\n<ul>\n<li>G2700 HD, G2700 X-TRA HD<\/li>\n<\/ul>\n<p><strong>Hitachi<\/strong><\/p>\n<ul>\n<li>ZW30<\/li>\n<\/ul>\n<p><strong>JCB<\/strong><\/p>\n<ul>\n<li>2T-FT, 2T-HS, 2T-ST, 3T-1FT, JCB 3T-1ST<\/li>\n<\/ul>\n<p><strong>Jungheinricha<\/strong><\/p>\n<ul>\n<li>DFG 316s, DFG 318s, DFG 320s, DFG 425s, DFG 430s, DFG 435s, DFG S30s, DFG S35s<\/li>\n<li>TFG 316s, TFG 318s, TFG 320s, TFG 425s, TFG 430s, TFG 435s, TFG S30s, TFG S35s<\/li>\n<\/ul>\n<p><strong>Sakai<\/strong><\/p>\n<ul>\n<li>SW300-1, SW320-1, SW330-1, SW354, TW354, TW504<\/li>\n<\/ul>\n<p><strong>Sch\u00e4ffera<\/strong><\/p>\n<ul>\n<li>Sch\u00e4ffera \u2013 2033S, 2034, 2434, 3036, 336, 336, 336S, 336S<\/li>\n<li>336S<\/li>\n<\/ul>\n<p><strong>Wackera Neusona<\/strong><\/p>\n<ul>\n<li>3003, 3503, 3703<\/li>\n<\/ul>\n<p><strong>OEM w celach informacyjnych<\/strong><\/p>\n<ul>\n<li>15221-13240, 15221-1324-0<\/li>\n<\/ul>\n","protected":false},"excerpt":{"rendered":"<p>Ta spr\u0119\u017cyna zaworowa jest wysokiej jako\u015bci i nadaje si\u0119 do naszych g\u0142owic cylindr\u00f3w. Silnik Kuboty D1703, D1803, V2203, V3300, V3600 Kubota L2501 HST, Kubota L2501, Kubota L3240 GST, Kubota L3240 HST, Kubota L3240, Kubota L3300 GST, Kubota L3300, Kubota L3400 HST, Kubota L3400, Kubota L3410 GST, Kubota L3410 HST, Kubota L3410, Kubota L343 0, Kubota&hellip;<\/p>\n","protected":false},"featured_media":130365,"comment_status":"open","ping_status":"open","template":"","meta":[],"product_cat":[21800],"product_tag":[19829,24342,24119,24337,24339,24341,24336,24347,24338,24345],"class_list":{"0":"post-130371","1":"product","2":"type-product","3":"status-publish","4":"has-post-thumbnail","6":"product_cat-sprezyna-zaworu","7":"product_tag-d1703-pl","8":"product_tag-d1803-pl","9":"product_tag-rys-amerykanski","10":"product_tag-sprezyna-zaworowa-kubota","11":"product_tag-sprezyna-zaworowa-kubota-d1703","12":"product_tag-sprezyna-zaworowa-kubota-d1803","13":"product_tag-sprezyna-zaworu","14":"product_tag-sprezyna-zaworu-giant","15":"product_tag-sprezyna-zaworu-kubota-d1703-d1803-v2203-bobcat-gigant","16":"product_tag-sprezyna-zaworu-v2203-bobcat","17":"pa_merk-bobcat-pl","18":"pa_merk-giant-pl","19":"pa_merk-hitachi-pl","20":"pa_merk-jcb-pl","21":"pa_merk-kubota-pl","22":"pa_merk-schaffer-pl","24":"first","25":"instock","26":"sale","27":"taxable","28":"shipping-taxable","29":"purchasable","30":"product-type-simple","31":"col-xs-6 col-sm-4","32":"col-md-3 col-lg-3","33":"un-4-cols"},"_links":{"self":[{"href":"https:\/\/shop4trac.com\/pl\/wp-json\/wp\/v2\/product\/130371","targetHints":{"allow":["GET"]}}],"collection":[{"href":"https:\/\/shop4trac.com\/pl\/wp-json\/wp\/v2\/product"}],"about":[{"href":"https:\/\/shop4trac.com\/pl\/wp-json\/wp\/v2\/types\/product"}],"replies":[{"embeddable":true,"href":"https:\/\/shop4trac.com\/pl\/wp-json\/wp\/v2\/comments?post=130371"}],"wp:featuredmedia":[{"embeddable":true,"href":"https:\/\/shop4trac.com\/pl\/wp-json\/wp\/v2\/media\/130365"}],"wp:attachment":[{"href":"https:\/\/shop4trac.com\/pl\/wp-json\/wp\/v2\/media?parent=130371"}],"wp:term":[{"taxonomy":"product_cat","embeddable":true,"href":"https:\/\/shop4trac.com\/pl\/wp-json\/wp\/v2\/product_cat?post=130371"},{"taxonomy":"product_tag","embeddable":true,"href":"https:\/\/shop4trac.com\/pl\/wp-json\/wp\/v2\/product_tag?post=130371"}],"curies":[{"name":"wp","href":"https:\/\/api.w.org\/{rel}","templated":true}]}}