{"id":129217,"date":"2024-09-24T14:21:34","date_gmt":"2024-09-24T13:21:34","guid":{"rendered":"https:\/\/shop4trac.com\/bez-kategorii\/wtryskiwacz-wtryskiwacz-kompletny-yanmar-3tne68-3tna72-3d68-komatsu\/"},"modified":"2026-02-27T21:32:58","modified_gmt":"2026-02-27T20:32:58","slug":"wtryskiwacz-wtryskiwacz-kompletny-yanmar-3tne68-3tna72-3d68-komatsu","status":"publish","type":"product","link":"https:\/\/shop4trac.com\/pl\/czesci-silnika\/rozpylacz\/wtryskiwacz-wtryskiwacz-kompletny-yanmar-3tne68-3tna72-3d68-komatsu\/","title":{"rendered":"Wtryskiwacz Wtryskiwacz kompletny Yanmar 3TNE68 \u2013 3TNA72 \u2013 3D68 Komatsu"},"content":{"rendered":"<p data-path-to-node=\"5\"><b data-path-to-node=\"5\" data-index-in-node=\"3\">Ekskluzywny z w\u0142asnej linii produkcyjnej:<\/b> <b data-path-to-node=\"5\" data-index-in-node=\"46\">kompletny zestaw wtryskiwacza<\/b>, w pe\u0142ni zmontowany i wyregulowany. Ten wtryskiwacz &#8217;<strong>Snelparts<\/strong>&#8217; jest gotowy do bezpo\u015bredniego monta\u017cu. <\/p>\n<p data-path-to-node=\"6\">To jest specjalny wtryskiwacz do <b data-path-to-node=\"6\" data-index-in-node=\"40\">serii Yanmar TNE<\/b> o specjalnych specyfikacjach (cz\u0119sto generatory lub ciche wersje 'Silent&#8217;).<\/p>\n<p data-path-to-node=\"7\"><b data-path-to-node=\"7\" data-index-in-node=\"0\">rada z do\u015bwiadczenia:<\/b><\/p>\n<ul data-path-to-node=\"8\">\n<li>\n<p data-path-to-node=\"8,0,0\"><b data-path-to-node=\"8,0,0\" data-index-in-node=\"0\">Uwaga na numery OEM:<\/b> Ten wtryskiwacz zast\u0119puje <b data-path-to-node=\"8,0,0\" data-index-in-node=\"51\">seri\u0119 719620<\/b>.<\/p>\n<\/li>\n<li>\n<p data-path-to-node=\"8,1,0\">Cz\u0119sto mylony ze standardowym wtryskiwaczem 719810. W razie w\u0105tpliwo\u015bci zawsze sprawd\u017a numer na starym korpusie wtryskiwacza. <\/p>\n<\/li>\n<\/ul>\n<p data-path-to-node=\"9\"><b data-path-to-node=\"9\" data-index-in-node=\"0\">specyfikacje techniczne<\/b><\/p>\n<ul data-path-to-node=\"10\">\n<li>\n<p data-path-to-node=\"10,0,0\"><b data-path-to-node=\"10,0,0\" data-index-in-node=\"0\">Typ:<\/b> Kompletny uchwyt wtryskiwacza + dysza<\/p>\n<\/li>\n<li>\n<p data-path-to-node=\"10,1,0\"><b data-path-to-node=\"10,1,0\" data-index-in-node=\"0\">Kod silnika:<\/b> Yanmar 3TNE68, 3TNE74, 3TNA72<\/p>\n<\/li>\n<li>\n<p data-path-to-node=\"10,2,0\"><b data-path-to-node=\"10,2,0\" data-index-in-node=\"0\">Zastosowanie:<\/b> Generatory, silniki ch\u0142odnicze i maszyny kompaktowe<\/p>\n<\/li>\n<\/ul>\n<p data-path-to-node=\"11\"><b data-path-to-node=\"11\" data-index-in-node=\"0\">pasuje do poni\u017cszych modeli:<\/b><\/p>\n<p data-path-to-node=\"12\"><b data-path-to-node=\"12\" data-index-in-node=\"0\">silnik komatsu<\/b><\/p>\n<ul data-path-to-node=\"13\">\n<li>\n<p data-path-to-node=\"13,0,0\"><b data-path-to-node=\"13,0,0\" data-index-in-node=\"0\">Seria 3D68E:<\/b> 3D68E-3A, 3D68E-3B, 3D68E-3E<\/p>\n<\/li>\n<li>\n<p data-path-to-node=\"13,1,0\"><b data-path-to-node=\"13,1,0\" data-index-in-node=\"0\">Seria 3D74E:<\/b> 3D74E-3A, 3D74E-3B<\/p>\n<\/li>\n<\/ul>\n<p data-path-to-node=\"11\"><b data-path-to-node=\"11\" data-index-in-node=\"0\">W zestawie kompletny zestaw uszczelek do bezpo\u015bredniego monta\u017cu!<\/b> T\u0119 dysz\u0119 dostarczamy w standardzie ze wszystkimi niezb\u0119dnymi nowymi miedzianymi podk\u0142adkami. Dzi\u0119ki temu mo\u017cesz od razu bezpiecznie i szczelnie przyst\u0105pi\u0107 do pracy. W sk\u0142ad zestawu wchodz\u0105:  <\/p>\n<ul data-path-to-node=\"12\">\n<li>\n<p data-path-to-node=\"12,0,0\">Now\u0105 <b data-path-to-node=\"12,0,0\" data-index-in-node=\"10\">os\u0142on\u0119 termiczn\u0105<\/b> (podk\u0142adk\u0119 termiczn\u0105) chroni\u0105c\u0105 przed wysok\u0105 temperatur\u0105 i sadz\u0105.<\/p>\n<\/li>\n<li>\n<p data-path-to-node=\"12,1,0\">Miedzian\u0105 <b data-path-to-node=\"12,1,0\" data-index-in-node=\"12\">uszczelk\u0119 wtryskiwacza<\/b> dla zachowania 100% kompresji.<\/p>\n<\/li>\n<li>\n<p data-path-to-node=\"12,2,0\"><b data-path-to-node=\"12,2,0\" data-index-in-node=\"4\">Uszczelk\u0119 przewodu powrotnego<\/b> zapobiegaj\u0105c\u0105 wyciekom paliwa.<\/p>\n<\/li>\n<\/ul>\n<p data-path-to-node=\"14\"><b data-path-to-node=\"14\" data-index-in-node=\"0\">silnik yanmar<\/b><\/p>\n<ul data-path-to-node=\"15\">\n<li>\n<p data-path-to-node=\"15,0,0\"><b data-path-to-node=\"15,0,0\" data-index-in-node=\"0\">Seria 3TNA72:<\/b><\/p>\n<ul data-path-to-node=\"15,0,1\">\n<li>\n<p data-path-to-node=\"15,0,1,0,0\">3TNA72C<\/p>\n<\/li>\n<li>\n<p data-path-to-node=\"15,0,1,1,0\">3TNA72L-UMCD, 3TNA72L-UTB, 3TNA72L-UTBZ<\/p>\n<\/li>\n<\/ul>\n<\/li>\n<li>\n<p data-path-to-node=\"15,1,0\"><b data-path-to-node=\"15,1,0\" data-index-in-node=\"0\">Seria 3TNE68:<\/b><\/p>\n<ul data-path-to-node=\"15,1,1\">\n<li>\n<p data-path-to-node=\"15,1,1,0,0\">3TNE68-G1A, 3TNE68-G2A (Spec Generator)<\/p>\n<\/li>\n<li>\n<p data-path-to-node=\"15,1,1,1,0\">3TNE68-SA (Silent Application)<\/p>\n<\/li>\n<li>\n<p data-path-to-node=\"15,1,1,2,0\">3TNE68-TS<\/p>\n<\/li>\n<\/ul>\n<\/li>\n<li>\n<p data-path-to-node=\"15,2,0\"><b data-path-to-node=\"15,2,0\" data-index-in-node=\"0\">Seria 3TNE68C:<\/b><\/p>\n<ul data-path-to-node=\"15,2,1\">\n<li>\n<p data-path-to-node=\"15,2,1,0,0\">3TNE68C, 3TNE68C-G1A, 3TNE68C-SA<\/p>\n<\/li>\n<\/ul>\n<\/li>\n<li>\n<p data-path-to-node=\"15,3,0\"><b data-path-to-node=\"15,3,0\" data-index-in-node=\"0\">Seria 3TNE74C:<\/b><\/p>\n<ul data-path-to-node=\"15,3,1\">\n<li>\n<p data-path-to-node=\"15,3,1,0,0\">3TNE74C-KM (Spec Komatsu)<\/p>\n<\/li>\n<\/ul>\n<\/li>\n<\/ul>\n<p data-path-to-node=\"16\"><b data-path-to-node=\"16\" data-index-in-node=\"0\">Oem do referencji:<\/b><\/p>\n<ul>\n<li data-path-to-node=\"16\">Yanmar: 719620-53700, 719620-53100<\/li>\n<li data-path-to-node=\"16\">Yanmar (Stary): 119620-53000, 119620-53080, 119620-53120, 119620-53140.<\/li>\n<\/ul>\n<p>&nbsp;<\/p>\n","protected":false},"excerpt":{"rendered":"<p>Ekskluzywny z w\u0142asnej linii produkcyjnej: kompletny zestaw wtryskiwacza, w pe\u0142ni zmontowany i wyregulowany. Ten wtryskiwacz &#8217;Snelparts&#8217; jest gotowy do bezpo\u015bredniego monta\u017cu. To jest specjalny wtryskiwacz do serii Yanmar TNE o specjalnych specyfikacjach (cz\u0119sto generatory lub ciche wersje 'Silent&#8217;). rada z do\u015bwiadczenia: Uwaga na numery OEM: Ten wtryskiwacz zast\u0119puje seri\u0119 719620. Cz\u0119sto mylony ze standardowym wtryskiwaczem&hellip;<\/p>\n","protected":false},"featured_media":192725,"comment_status":"open","ping_status":"closed","template":"","meta":[],"product_cat":[21435],"product_tag":[23886,23885,23881,23883,23888,23297,23058,23059,23879,23880,23890,23895,23893,23892],"class_list":{"0":"post-129217","1":"product","2":"type-product","3":"status-publish","4":"has-post-thumbnail","6":"product_cat-rozpylacz","7":"product_tag-3d68-pl","8":"product_tag-atomizer-3tna72-pl","9":"product_tag-atomizer-yanmar","10":"product_tag-atomizer-yanmar-3tne68","11":"product_tag-komatsu-pl","12":"product_tag-kompletny-wtryskiwacz-atomizera","13":"product_tag-rozpylacz","14":"product_tag-wtryskiwacz","15":"product_tag-wtryskiwacz-wtryskiwacz-kompletny-yanmar-3","16":"product_tag-wtryskiwacz-wtryskiwacz-kompletny-yanmar-3tne68-3tna72-3d68-komatsu","17":"product_tag-wtryskiwacz-yanmar","18":"product_tag-wtryskiwacz-yanmar-3d78","19":"product_tag-wtryskiwacz-yanmar-3tna72","20":"product_tag-wtryskiwacz-yanmar-3tne68","21":"pa_merk-komatsu-pl","22":"pa_merk-yanmar-pl","24":"first","25":"instock","26":"sale","27":"taxable","28":"shipping-taxable","29":"purchasable","30":"product-type-simple","31":"col-xs-6 col-sm-4","32":"col-md-3 col-lg-3","33":"un-4-cols"},"_links":{"self":[{"href":"https:\/\/shop4trac.com\/pl\/wp-json\/wp\/v2\/product\/129217","targetHints":{"allow":["GET"]}}],"collection":[{"href":"https:\/\/shop4trac.com\/pl\/wp-json\/wp\/v2\/product"}],"about":[{"href":"https:\/\/shop4trac.com\/pl\/wp-json\/wp\/v2\/types\/product"}],"replies":[{"embeddable":true,"href":"https:\/\/shop4trac.com\/pl\/wp-json\/wp\/v2\/comments?post=129217"}],"wp:featuredmedia":[{"embeddable":true,"href":"https:\/\/shop4trac.com\/pl\/wp-json\/wp\/v2\/media\/192725"}],"wp:attachment":[{"href":"https:\/\/shop4trac.com\/pl\/wp-json\/wp\/v2\/media?parent=129217"}],"wp:term":[{"taxonomy":"product_cat","embeddable":true,"href":"https:\/\/shop4trac.com\/pl\/wp-json\/wp\/v2\/product_cat?post=129217"},{"taxonomy":"product_tag","embeddable":true,"href":"https:\/\/shop4trac.com\/pl\/wp-json\/wp\/v2\/product_tag?post=129217"}],"curies":[{"name":"wp","href":"https:\/\/api.w.org\/{rel}","templated":true}]}}