{"id":122426,"date":"2024-07-05T16:01:51","date_gmt":"2024-07-05T15:01:51","guid":{"rendered":"https:\/\/shop4trac.com\/bez-kategorii\/dysza-atomizera-hinomoto-c142-c144-c172-c174\/"},"modified":"2026-02-27T20:08:26","modified_gmt":"2026-02-27T19:08:26","slug":"dysza-atomizera-hinomoto-c142-c144-c172-c174","status":"publish","type":"product","link":"https:\/\/shop4trac.com\/pl\/czesci-silnika\/dysza-atomizera\/dysza-atomizera-hinomoto-c142-c144-c172-c174\/","title":{"rendered":"Wtryskiwacz dysza Iseki TL1900 \u2013 TL2700 | TU1700 \u2013 TU2101 | TE3210 | Gutbrod 4200 \u2013 4250 | Hinomoto C172 \u2013 C174"},"content":{"rendered":"<p data-path-to-node=\"5\"><strong>E<\/strong><b data-path-to-node=\"5\" data-index-in-node=\"3\">kskluzywnie z w\u0142asnej linii produkcyjnej: <\/b>wysokiej jako\u015bci wtryskiwacz nozzle spe\u0142niaj\u0105cy najsurowsze tolerancje. Ta ko\u0144c\u00f3wka wtryskiwacza &#8217;<strong>Snelparts<\/strong>&#8217; zosta\u0142a opracowana jako doskona\u0142a alternatywa dla standardowych cz\u0119\u015bci aftermarket. <\/p>\n<p data-path-to-node=\"6\">Gwarantujemy idealny obraz rozpylania i dok\u0142adne uszczelnienie, co skutkuje cichsz\u0105 prac\u0105 silnika i czystszym spalaniem.<\/p>\n<p data-path-to-node=\"7\"><b data-path-to-node=\"7\" data-index-in-node=\"0\">rada z do\u015bwiadczenia:<\/b> nie wybieraj ta\u0144szych zamiennik\u00f3w. Przeprowadzono obszerne badania jako\u015bci OEM, jak znane marki w tej bran\u017cy!<\/p>\n<p data-path-to-node=\"8\"><b data-path-to-node=\"8\" data-index-in-node=\"0\">specyfikacje techniczne<\/b><\/p>\n<ul data-path-to-node=\"9\">\n<li>\n<p data-path-to-node=\"9,0,0\"><b data-path-to-node=\"9,0,0\" data-index-in-node=\"0\">ci\u015bnienie otwarcia (dane fabryczne):<\/b> 120 kgf\/cm\u00b2 (ok. 118 Bar)<\/p>\n<\/li>\n<li>\n<p data-path-to-node=\"9,1,0\"><b data-path-to-node=\"9,1,0\" data-index-in-node=\"0\">moment dokr\u0119cania:<\/b> 35 \u2013 40 Nm<\/p>\n<\/li>\n<\/ul>\n<p data-path-to-node=\"11\"><b data-path-to-node=\"11\" data-index-in-node=\"0\">W zestawie kompletny zestaw uszczelek do bezpo\u015bredniego monta\u017cu!<\/b> T\u0119 dysz\u0119 dostarczamy standardowo ze wszystkimi niezb\u0119dnymi nowymi miedzianymi podk\u0142adkami. Dzi\u0119ki temu mo\u017cesz od razu bezpiecznie i szczelnie przyst\u0105pi\u0107 do pracy. Do\u0142\u0105czony zestaw zawiera:  <\/p>\n<ul data-path-to-node=\"12\">\n<li>\n<p data-path-to-node=\"12,0,0\">Now\u0105 <b data-path-to-node=\"12,0,0\" data-index-in-node=\"10\">os\u0142on\u0119 termiczn\u0105<\/b> (podk\u0142adk\u0119 termiczn\u0105) chroni\u0105c\u0105 przed wysok\u0105 temperatur\u0105 i sadz\u0105.<\/p>\n<\/li>\n<li>\n<p data-path-to-node=\"12,1,0\">Miedzian\u0105 <b data-path-to-node=\"12,1,0\" data-index-in-node=\"12\">uszczelk\u0119 wtryskiwacza<\/b> dla zachowania 100% kompresji.<\/p>\n<\/li>\n<li>\n<p data-path-to-node=\"12,2,0\"><b data-path-to-node=\"12,2,0\" data-index-in-node=\"4\">Uszczelk\u0119 przewodu powrotnego<\/b> zapobiegaj\u0105c\u0105 wyciekom paliwa.<\/p>\n<\/li>\n<\/ul>\n<p><strong>Iseki<\/strong><\/p>\n<ul>\n<li>TL1900, TL1901, TL2100, TL2101, TL2300, TL2301, TL2500, TL2700<\/li>\n<li>TU1700, TU1701, TU1900, TU1901, TU2100, TU2101<\/li>\n<li>TE3210, TE4270<\/li>\n<\/ul>\n<p><strong>Bolens<\/strong><\/p>\n<ul>\n<li>G212, G214, G272, G274<\/li>\n<\/ul>\n<p><strong>Silnik Isuzu<\/strong><\/p>\n<ul>\n<li>E3AE1, E3AF1, 3AE1, 3AF1<\/li>\n<\/ul>\n<p><strong>Hinomoto<\/strong><\/p>\n<ul>\n<li>C142, C144<\/li>\n<li>C172, C174<\/li>\n<\/ul>\n<p><strong>Massey Ferguson<\/strong><\/p>\n<ul>\n<li>MF1010<\/li>\n<\/ul>\n<p><strong>Allis Chalmers<\/strong><\/p>\n<ul>\n<li>5015<\/li>\n<\/ul>\n<p><strong>Deutz<\/strong><\/p>\n<ul>\n<li>Allis 5215<\/li>\n<li>Prostota 9518<\/li>\n<\/ul>\n<p><strong>Gutbrod  <\/strong><\/p>\n<ul>\n<li>4200 \u2013 4250<\/li>\n<\/ul>\n<p><strong>Silnik Toyoszy<\/strong><\/p>\n<ul>\n<li>CS86, CS100<\/li>\n<\/ul>\n<p><strong>Dysza atomizera OEM<\/strong><\/p>\n<ul>\n<li>DN0SD21, DNOSD21<\/li>\n<li>2580434250001<\/li>\n<li>515311-0180, 515311-0220<\/li>\n<li>105000-1010<\/li>\n<li>6215-311-018-00<\/li>\n<li>651530011000, 6515-300-1100-0<\/li>\n<\/ul>\n","protected":false},"excerpt":{"rendered":"<p>Ekskluzywnie z w\u0142asnej linii produkcyjnej: wysokiej jako\u015bci wtryskiwacz nozzle spe\u0142niaj\u0105cy najsurowsze tolerancje. Ta ko\u0144c\u00f3wka wtryskiwacza &#8217;Snelparts&#8217; zosta\u0142a opracowana jako doskona\u0142a alternatywa dla standardowych cz\u0119\u015bci aftermarket. Gwarantujemy idealny obraz rozpylania i dok\u0142adne uszczelnienie, co skutkuje cichsz\u0105 prac\u0105 silnika i czystszym spalaniem. rada z do\u015bwiadczenia: nie wybieraj ta\u0144szych zamiennik\u00f3w. Przeprowadzono obszerne badania jako\u015bci OEM, jak znane marki&hellip;<\/p>\n","protected":false},"featured_media":192603,"comment_status":"open","ping_status":"closed","template":"","meta":[],"product_cat":[19449],"product_tag":[],"class_list":{"0":"post-122426","1":"product","2":"type-product","3":"status-publish","4":"has-post-thumbnail","6":"product_cat-dysza-atomizera","7":"pa_merk-allis-chalmers-pl","8":"pa_merk-bolens-pl","9":"pa_merk-deutz-pl","10":"pa_merk-deutz-allis-pl","11":"pa_merk-gutbrod-pl","12":"pa_merk-hinomoto-pl","13":"pa_merk-iseki-pl-2","14":"pa_merk-massey-ferguson-pl","15":"pa_motor-cs100-pl","16":"pa_motor-cs86-pl-2","18":"first","19":"instock","20":"sale","21":"taxable","22":"shipping-taxable","23":"purchasable","24":"product-type-simple","25":"col-xs-6 col-sm-4","26":"col-md-3 col-lg-3","27":"un-4-cols"},"_links":{"self":[{"href":"https:\/\/shop4trac.com\/pl\/wp-json\/wp\/v2\/product\/122426","targetHints":{"allow":["GET"]}}],"collection":[{"href":"https:\/\/shop4trac.com\/pl\/wp-json\/wp\/v2\/product"}],"about":[{"href":"https:\/\/shop4trac.com\/pl\/wp-json\/wp\/v2\/types\/product"}],"replies":[{"embeddable":true,"href":"https:\/\/shop4trac.com\/pl\/wp-json\/wp\/v2\/comments?post=122426"}],"wp:featuredmedia":[{"embeddable":true,"href":"https:\/\/shop4trac.com\/pl\/wp-json\/wp\/v2\/media\/192603"}],"wp:attachment":[{"href":"https:\/\/shop4trac.com\/pl\/wp-json\/wp\/v2\/media?parent=122426"}],"wp:term":[{"taxonomy":"product_cat","embeddable":true,"href":"https:\/\/shop4trac.com\/pl\/wp-json\/wp\/v2\/product_cat?post=122426"},{"taxonomy":"product_tag","embeddable":true,"href":"https:\/\/shop4trac.com\/pl\/wp-json\/wp\/v2\/product_tag?post=122426"}],"curies":[{"name":"wp","href":"https:\/\/api.w.org\/{rel}","templated":true}]}}