{"id":118423,"date":"2020-12-11T10:59:09","date_gmt":"2020-12-11T09:59:09","guid":{"rendered":"https:\/\/shop4trac.com\/bez-kategorii\/zestaw-filtrow-iseki-tx-1000-tx1300-tx1500-ke70-ke75\/"},"modified":"2026-03-27T21:05:43","modified_gmt":"2026-03-27T20:05:43","slug":"zestaw-filtrow-iseki-tx-1000-tx1300-tx1500-ke70-ke75","status":"publish","type":"product","link":"https:\/\/shop4trac.com\/pl\/filtry\/zestawy-filtrow\/zestaw-filtrow-iseki-tx-1000-tx1300-tx1500-ke70-ke75\/","title":{"rendered":"Zestaw filtr\u00f3w Iseki TX 1000 | TX1300 | TX1500 | KE70 | KE75"},"content":{"rendered":"<p>Zestaw konserwacyjny do 2-cylindrowego cylindra Iseki TX.<\/p>\n<p><span style=\"text-decoration: underline;\"><strong>Bardzo wa\u017cne! Ten zestaw zawiera korek spustowy oleju z miedzian\u0105 uszczelk\u0105. Cz\u0119sto zapomina si\u0119 o uszczelce korka miski olejowej, co prowadzi do wycieku oleju. Nale\u017cy j\u0105 zawsze wymienia\u0107!   <\/strong><\/span><\/p>\n<p>Sk\u0142adaj\u0105cy si\u0119 z:<\/p>\n<ul>\n<li>Filtr oleju<\/li>\n<li>Filtr paliwa<\/li>\n<li>Filtr powietrza\n<ul>\n<li>\u015arednica zewn\u0119trzna: 94mm<\/li>\n<li>D\u0142ugo\u015b\u0107: 172mm<\/li>\n<\/ul>\n<\/li>\n<\/ul>\n<p>Nadaje si\u0119 do nast\u0119puj\u0105cych typ\u00f3w:<\/p>\n<p><strong>Iseki<\/strong><\/p>\n<ul>\n<li>TX1000, TX1210, TX1300, TX1500<\/li>\n<\/ul>\n<p><strong>Mitsubishi<\/strong><\/p>\n<ul>\n<li>KE70-11GF<\/li>\n<li>KE75-11GF<\/li>\n<\/ul>\n<p><strong>Numery OEM do por\u00f3wnania<\/strong><\/p>\n<ul>\n<li>5650-040-0861-0<\/li>\n<li>MM400861, MM435190<\/li>\n<\/ul>\n","protected":false},"excerpt":{"rendered":"<p>Zestaw konserwacyjny do 2-cylindrowego cylindra Iseki TX. Bardzo wa\u017cne! Ten zestaw zawiera korek spustowy oleju z miedzian\u0105 uszczelk\u0105. Cz\u0119sto zapomina si\u0119 o uszczelce korka miski olejowej, co prowadzi do wycieku oleju. Nale\u017cy j\u0105 zawsze wymienia\u0107! Sk\u0142adaj\u0105cy si\u0119 z: Filtr oleju Filtr paliwa Filtr powietrza \u015arednica zewn\u0119trzna: 94mm D\u0142ugo\u015b\u0107: 172mm Nadaje si\u0119 do nast\u0119puj\u0105cych typ\u00f3w: Iseki&hellip;<\/p>\n","protected":false},"featured_media":181956,"comment_status":"open","ping_status":"closed","template":"","meta":[],"product_cat":[19624],"product_tag":[19298,19300,19287],"class_list":{"0":"post-118423","1":"product","2":"type-product","3":"status-publish","4":"has-post-thumbnail","6":"product_cat-zestawy-filtrow","7":"product_tag-ke70-pl","8":"product_tag-ke75-pl","9":"product_tag-snelparts-pl","10":"pa_merk-iseki-pl","11":"pa_motor-ke70-pl","12":"pa_motor-ke75-pl","14":"first","15":"instock","16":"sale","17":"taxable","18":"shipping-taxable","19":"purchasable","20":"product-type-simple","21":"col-xs-6 col-sm-4","22":"col-md-3 col-lg-3","23":"un-4-cols"},"_links":{"self":[{"href":"https:\/\/shop4trac.com\/pl\/wp-json\/wp\/v2\/product\/118423","targetHints":{"allow":["GET"]}}],"collection":[{"href":"https:\/\/shop4trac.com\/pl\/wp-json\/wp\/v2\/product"}],"about":[{"href":"https:\/\/shop4trac.com\/pl\/wp-json\/wp\/v2\/types\/product"}],"replies":[{"embeddable":true,"href":"https:\/\/shop4trac.com\/pl\/wp-json\/wp\/v2\/comments?post=118423"}],"wp:featuredmedia":[{"embeddable":true,"href":"https:\/\/shop4trac.com\/pl\/wp-json\/wp\/v2\/media\/181956"}],"wp:attachment":[{"href":"https:\/\/shop4trac.com\/pl\/wp-json\/wp\/v2\/media?parent=118423"}],"wp:term":[{"taxonomy":"product_cat","embeddable":true,"href":"https:\/\/shop4trac.com\/pl\/wp-json\/wp\/v2\/product_cat?post=118423"},{"taxonomy":"product_tag","embeddable":true,"href":"https:\/\/shop4trac.com\/pl\/wp-json\/wp\/v2\/product_tag?post=118423"}],"curies":[{"name":"wp","href":"https:\/\/api.w.org\/{rel}","templated":true}]}}