{"id":117911,"date":"2024-05-15T12:34:28","date_gmt":"2024-05-15T11:34:28","guid":{"rendered":"https:\/\/shop4trac.com\/bez-kategorii\/pompa-hydrauliczna-d662-d722-d782-gp-100-a-13-a-14\/"},"modified":"2025-08-01T17:22:29","modified_gmt":"2025-08-01T15:22:29","slug":"pompa-hydrauliczna-d662-d722-d782-gp-100-a-13-a-14","status":"publish","type":"product","link":"https:\/\/shop4trac.com\/pl\/czesci-silnika\/pompa-hydrauliczna\/pompa-hydrauliczna-d662-d722-d782-gp-100-a-13-a-14\/","title":{"rendered":"Pompa hydrauliczna D662 | D722 | D782 | GP-100 | A-13 | A-14"},"content":{"rendered":"<p><strong>Europejska<\/strong> jako\u015b\u0107 pompy hydraulicznej! Kompatybilne modele zosta\u0142y wybrane z najwy\u017csz\u0105 staranno\u015bci\u0105:<\/p>\n<p><strong>Kubota<\/strong><\/p>\n<ul>\n<li>D722, D782<\/li>\n<li>KC110H, KC110HR<\/li>\n<li>A-13, A-14<\/li>\n<li>GB13, GB135<\/li>\n<\/ul>\n<p><strong>Dane techniczne<\/strong><\/p>\n<ul>\n<li>Kierunek obrotu: <strong>w prawo<\/strong><\/li>\n<li>Obj\u0119to\u015b\u0107: 10 cm3<\/li>\n<\/ul>\n<p><strong>OEM w celach informacyjnych<\/strong><\/p>\n<ul>\n<li>67980-36100<\/li>\n<li>GPO-100<\/li>\n<\/ul>\n","protected":false},"excerpt":{"rendered":"<p>Europejska jako\u015b\u0107 pompy hydraulicznej! Kompatybilne modele zosta\u0142y wybrane z najwy\u017csz\u0105 staranno\u015bci\u0105: Kubota D722, D782 KC110H, KC110HR A-13, A-14 GB13, GB135 Dane techniczne Kierunek obrotu: w prawo Obj\u0119to\u015b\u0107: 10 cm3 OEM w celach informacyjnych 67980-36100 GPO-100<\/p>\n","protected":false},"featured_media":109491,"comment_status":"open","ping_status":"closed","template":"","meta":[],"product_cat":[19771],"product_tag":[],"class_list":{"0":"post-117911","1":"product","2":"type-product","3":"status-publish","4":"has-post-thumbnail","6":"product_cat-pompa-hydrauliczna","7":"pa_merk-kubota-pl","8":"pa_motor-d662-pl","9":"pa_motor-d722-pl","10":"pa_motor-d782-pl","12":"first","13":"instock","14":"sale","15":"taxable","16":"shipping-taxable","17":"purchasable","18":"product-type-simple","19":"col-xs-6 col-sm-4","20":"col-md-3 col-lg-3","21":"un-4-cols"},"_links":{"self":[{"href":"https:\/\/shop4trac.com\/pl\/wp-json\/wp\/v2\/product\/117911","targetHints":{"allow":["GET"]}}],"collection":[{"href":"https:\/\/shop4trac.com\/pl\/wp-json\/wp\/v2\/product"}],"about":[{"href":"https:\/\/shop4trac.com\/pl\/wp-json\/wp\/v2\/types\/product"}],"replies":[{"embeddable":true,"href":"https:\/\/shop4trac.com\/pl\/wp-json\/wp\/v2\/comments?post=117911"}],"wp:featuredmedia":[{"embeddable":true,"href":"https:\/\/shop4trac.com\/pl\/wp-json\/wp\/v2\/media\/109491"}],"wp:attachment":[{"href":"https:\/\/shop4trac.com\/pl\/wp-json\/wp\/v2\/media?parent=117911"}],"wp:term":[{"taxonomy":"product_cat","embeddable":true,"href":"https:\/\/shop4trac.com\/pl\/wp-json\/wp\/v2\/product_cat?post=117911"},{"taxonomy":"product_tag","embeddable":true,"href":"https:\/\/shop4trac.com\/pl\/wp-json\/wp\/v2\/product_tag?post=117911"}],"curies":[{"name":"wp","href":"https:\/\/api.w.org\/{rel}","templated":true}]}}