{"id":117907,"date":"2024-05-02T14:53:22","date_gmt":"2024-05-02T13:53:22","guid":{"rendered":"https:\/\/shop4trac.com\/bez-kategorii\/zestaw-do-podnoszenia-zestaw-do-podnoszenia-3-punktowy-12x500-iseki-tx1000-tx155-tu1400-tu1601\/"},"modified":"2025-08-01T17:22:56","modified_gmt":"2025-08-01T15:22:56","slug":"zestaw-do-podnoszenia-zestaw-do-podnoszenia-3-punktowy-12x500-iseki-tx1000-tx155-tu1400-tu1601","status":"publish","type":"product","link":"https:\/\/shop4trac.com\/pl\/podwozie\/zestaw-do-podnoszenia\/zestaw-do-podnoszenia-zestaw-do-podnoszenia-3-punktowy-12x500-iseki-tx1000-tx155-tu1400-tu1601\/","title":{"rendered":"Trzypunktowy zaczep | Zestaw do podnoszenia 3-punktowy 12&#215;500 Iseki | TX1000 \u2013 TX155 | TU1400 \u2013 TU1601"},"content":{"rendered":"<p><strong>Uzupe\u0142nij sw\u00f3j mini traktor o nasz zestaw podnosz\u0105cy Shop4trac!<\/strong><\/p>\n<p>Tego zestawu podnosz\u0105cego mo\u017cna u\u017cywa\u0107 w ka\u017cdym mini traktorze Iseki. W zestawie dost\u0119pne s\u0105 r\u00f3wnie\u017c inne marki i modele.<\/p>\n<p><span style=\"text-decoration: underline\">Od rozmiaru opon tylnych 18 cali zaleca si\u0119 stosowanie listew podnosz\u0105cych 600mm!<\/span><\/p>\n<p>W przypadku modeli z serii Landhope mo\u017ce zaistnie\u0107 konieczno\u015b\u0107 dopasowania do do\u0142u. Poniewa\u017c nie maj\u0105 przygotowania do zwi\u0105zku.<\/p>\n<p>Bardzo \u0142atwy monta\u017c na:<\/p>\n<p><strong>Iseki<\/strong><\/p>\n<ul>\n<li>TX1000, TX1210, TX1300, TX1410, TX1510, TX144, TX155<\/li>\n<li>TU1400, TU1401, TU1500, TU1501, TU1600, TU1601<\/li>\n<\/ul>\n<p><strong>Dane techniczne<\/strong><\/p>\n<ul>\n<li>Ramiona podno\u015bnika o grubo\u015bci <span style=\"text-decoration: underline\">12 mm<\/span> , <strong>KAT. 1<\/strong> . Sworznie \u0142o\u017cyskowe (dolne punkty mocowania): 22,2 mm <\/li>\n<li>Ramiona podno\u015bnika o d\u0142ugo\u015bci <span style=\"text-decoration: underline\">500 mm<\/span><\/li>\n<li>D\u0142ugo\u015b\u0107 g\u00f3rnego \u0142\u0105cznika <span style=\"text-decoration: underline\">33,5 mm<\/span> , <strong>kat. 1.<\/strong> (19 mm)<\/li>\n<\/ul>\n<p>Zoptymalizuj moc i funkcjonalno\u015b\u0107 swojego mini traktora dzi\u0119ki naszemu wysokiej jako\u015bci zestawowi do podnoszenia, zaprojektowanemu z my\u015bl\u0105 o kompatybilno\u015bci z wi\u0119kszo\u015bci\u0105 kompaktowych ci\u0105gnik\u00f3w takich marek jak Kubota, Shibaura i Yanmar. Zestaw ten mo\u017cna nawet wykona\u0107 na zam\u00f3wienie dla innych modeli.<\/p>\n<p><strong>Zestaw zawiera:<\/strong><\/p>\n<ul>\n<li>2 ramiona podnosz\u0105ce (12x500mm)<\/li>\n<li>2 dr\u0105\u017cki podnosz\u0105ce, z kt\u00f3rych 1 jest regulowany (d\u0142ugo\u015b\u0107 ca\u0142kowita 44 cm) (pod\u0142\u0105czenie do ci\u0105gnika \u2013 rami\u0119 podnosz\u0105ce przykr\u0119cane \u015brub\u0105 powy\u017cej 20 mm \u2013 odst\u0119p powy\u017cej 27 mm<\/li>\n<li>D\u0142ugo\u015b\u0107 1 g\u00f3rnego \u0142\u0105cznika 33,5 mm<\/li>\n<li>Mocowanie 1-osiowe do spodu ci\u0105gnika (szeroko\u015b\u0107 47,5 mm)<\/li>\n<li>2 stabilizatory zabezpieczaj\u0105ce szeroko\u015b\u0107 ramion podnosz\u0105cych (d\u0142ugo\u015b\u0107 27,5 mm)<\/li>\n<\/ul>\n<p>Uwaga: Uchwyt \u0142\u0105cznika g\u00f3rnego (do mocowania \u0142\u0105cznika g\u00f3rnego do ci\u0105gnika) nie jest cz\u0119\u015bci\u0105 zestawu, ale mo\u017cna go zam\u00f3wi\u0107 osobno.<\/p>\n<p><strong>Dlaczego ten zestaw do podnoszenia?<\/strong><\/p>\n<ul>\n<li><strong>Doskona\u0142a kompatybilno\u015b\u0107:<\/strong> Pasuje do wielu marek ci\u0105gnik\u00f3w kompaktowych i mo\u017cna j\u0105 dostosowa\u0107.<\/li>\n<li><strong>Trwa\u0142a konstrukcja:<\/strong> Zbudowana tak, aby wytrzyma\u0107 intensywne u\u017cytkowanie.<\/li>\n<li><strong>\u0141atwy w instalacji:<\/strong> u\u0142atwia rozbudow\u0119 mini traktora.<\/li>\n<\/ul>\n<p>Dzi\u0119ki temu kompletnemu zestawowi do podnoszenia Tw\u00f3j mini traktor stanie si\u0119 jeszcze bardziej wszechstronny i produktywny ju\u017c dzi\u015b!<\/p>\n","protected":false},"excerpt":{"rendered":"<p>Uzupe\u0142nij sw\u00f3j mini traktor o nasz zestaw podnosz\u0105cy Shop4trac! Tego zestawu podnosz\u0105cego mo\u017cna u\u017cywa\u0107 w ka\u017cdym mini traktorze Iseki. W zestawie dost\u0119pne s\u0105 r\u00f3wnie\u017c inne marki i modele. Od rozmiaru opon tylnych 18 cali zaleca si\u0119 stosowanie listew podnosz\u0105cych 600mm! W przypadku modeli z serii Landhope mo\u017ce zaistnie\u0107 konieczno\u015b\u0107 dopasowania do do\u0142u. Poniewa\u017c nie maj\u0105&hellip;<\/p>\n","protected":false},"featured_media":109431,"comment_status":"open","ping_status":"open","template":"","meta":[],"product_cat":[19414],"product_tag":[],"class_list":{"0":"post-117907","1":"product","2":"type-product","3":"status-publish","4":"has-post-thumbnail","6":"product_cat-zestaw-do-podnoszenia","7":"pa_merk-bolens-pl","8":"pa_merk-iseki-pl","10":"first","11":"outofstock","12":"sale","13":"taxable","14":"shipping-taxable","15":"purchasable","16":"product-type-simple","17":"col-xs-6 col-sm-4","18":"col-md-3 col-lg-3","19":"un-4-cols"},"_links":{"self":[{"href":"https:\/\/shop4trac.com\/pl\/wp-json\/wp\/v2\/product\/117907","targetHints":{"allow":["GET"]}}],"collection":[{"href":"https:\/\/shop4trac.com\/pl\/wp-json\/wp\/v2\/product"}],"about":[{"href":"https:\/\/shop4trac.com\/pl\/wp-json\/wp\/v2\/types\/product"}],"replies":[{"embeddable":true,"href":"https:\/\/shop4trac.com\/pl\/wp-json\/wp\/v2\/comments?post=117907"}],"wp:featuredmedia":[{"embeddable":true,"href":"https:\/\/shop4trac.com\/pl\/wp-json\/wp\/v2\/media\/109431"}],"wp:attachment":[{"href":"https:\/\/shop4trac.com\/pl\/wp-json\/wp\/v2\/media?parent=117907"}],"wp:term":[{"taxonomy":"product_cat","embeddable":true,"href":"https:\/\/shop4trac.com\/pl\/wp-json\/wp\/v2\/product_cat?post=117907"},{"taxonomy":"product_tag","embeddable":true,"href":"https:\/\/shop4trac.com\/pl\/wp-json\/wp\/v2\/product_tag?post=117907"}],"curies":[{"name":"wp","href":"https:\/\/api.w.org\/{rel}","templated":true}]}}