{"id":116760,"date":"2023-09-17T12:15:38","date_gmt":"2023-09-17T11:15:38","guid":{"rendered":"https:\/\/shop4trac.com\/bez-kategorii\/tuleja-cylindra-mitsubishi-s3l-s3l2-s4l2-s4l-vetus-sol-deutza-atlas-mahindra-gasienica\/"},"modified":"2025-08-01T17:30:09","modified_gmt":"2025-08-01T15:30:09","slug":"tuleja-cylindra-mitsubishi-s3l-s3l2-s4l2-s4l-vetus-sol-deutza-atlas-mahindra-gasienica","status":"publish","type":"product","link":"https:\/\/shop4trac.com\/pl\/czesci-silnika\/tuleja-cylindra\/tuleja-cylindra-mitsubishi-s3l-s3l2-s4l2-s4l-vetus-sol-deutza-atlas-mahindra-gasienica\/","title":{"rendered":"Tuleja cylindrowa Mitsubishi S3L | S3L2 | S4L2 | S4L Vetus | Sol | Deutza | Atlas | Mahindra | G\u0105sienica"},"content":{"rendered":"<p>Z du\u017c\u0105 staranno\u015bci\u0105 dobrane zosta\u0142y kompatybilne modele tulei cylindrowej:<\/p>\n<p>Pasuje do t\u0142oka o standardowym rozmiarze i ponadwymiarowym.<\/p>\n<p>Wymiary ( <span style=\"text-decoration: underline\">p\u00f3\u0142produkt!<\/span> )<\/p>\n<ul>\n<li>Rozmiar wewn\u0119trzny 78 mm<\/li>\n<li>Rozmiar zewn\u0119trzny 81,8 mm<\/li>\n<li>D\u0142ugo\u015b\u0107 150mm<\/li>\n<\/ul>\n<p><b>Mitsubishi<\/b><\/p>\n<ul>\n<li>GO26, GO28, GO30, GO32, GO34, GO260, GO261, GO280, GO281, GO300, GO301, GO320, GO321, GO340, GO341<\/li>\n<li>MT200, MT201, MT231, MT240, MT246, MT251, MT271, MT291, MT311, MT331, MT341<\/li>\n<li>Ci\u0105gnik MT265MFYS6<\/li>\n<li>MM35T, MM40CR, MM40SR<\/li>\n<li>GS182<\/li>\n<\/ul>\n<p><strong>TYM<\/strong><\/p>\n<ul>\n<li>T303 HST 2WD Mitsubishi S4L, T303 HST 4WD Mitsubishi S4L, T353 HST 2WD Mitsubishi S4L2, T353 HST 4WD Mitsubishi S4L2<\/li>\n<\/ul>\n<p><strong>Silnik Mitsubishi<\/strong><\/p>\n<ul>\n<li>S3L2, S3L<\/li>\n<li>S3L2-61ES, S3L2-61SD, S3L2-61SDH, S3L2-61TG, S3L2-61WH, S3L2-63ES, S3L2-63KL-NP2, S3L2-64ES, S3L2-SD, S3L2-W463KL, S3L2-Y131NSB<\/li>\n<\/ul>\n<p><strong>Mahindra<\/strong><\/p>\n<ul>\n<li>2015 4WD, 2015 HST, 2615 4WD, 2615 HST, 3015 HST<\/li>\n<\/ul>\n<p><strong>Mama<\/strong><\/p>\n<ul>\n<li>GS160, GS180, GS200, GS210, GS230, GS250<\/li>\n<\/ul>\n<p><strong>G\u0105sienica<\/strong><\/p>\n<ul>\n<li>302,5C, 303CR, 303SR<\/li>\n<\/ul>\n<p><strong>Ch\u0142odnictwo Mitsubishi Transport:<\/strong><\/p>\n<ul>\n<li>TU73E, TU73EX, TU73D<\/li>\n<\/ul>\n<p><strong>A.M.I<\/strong> .:<\/p>\n<ul>\n<li>GS 0009 M 32S<\/li>\n<\/ul>\n<p><strong>Atlas<\/strong> :<\/p>\n<ul>\n<li>AM29R, AM35R<\/li>\n<\/ul>\n<p><strong>Bredenoord<\/strong> :<\/p>\n<ul>\n<li>BRMI 10<\/li>\n<\/ul>\n<p><strong>Szeroka korona:<\/strong><\/p>\n<ul>\n<li>Zesp\u00f3\u0142 pr\u0105dotw\u00f3rczy: BCM 8-50SP E2, BCM 11-50 E2, BCM 11-60SP T4, BCM 11-60SP, BCM 11-60<\/li>\n<\/ul>\n<p><strong>Deutza<\/strong><\/p>\n<ul>\n<li>Agrokid 30, Agrokid 40, Agrokid 50<\/li>\n<\/ul>\n<p><strong>Eisemanna<\/strong> :<\/p>\n<ul>\n<li>Generator: P 11000 DE, P 11001 DE, T 11000 DE<\/li>\n<\/ul>\n<p><strong>Geko<\/strong> :<\/p>\n<ul>\n<li>Generator: DH\/S 10 MF, DH\/S 10<\/li>\n<\/ul>\n<p><strong>Giese<\/strong> :<\/p>\n<ul>\n<li>BHKW: HB 5-10, HB 7,5-15<\/li>\n<\/ul>\n<p><strong>Hanix<\/strong> :<\/p>\n<ul>\n<li>Koparka: H22A, H24A, H26C, H36C, H36CR<\/li>\n<\/ul>\n<p><strong>Hyundai Heavy Industries (Koparki):<\/strong><\/p>\n<ul>\n<li>Minikoparka: R25Z-9A, R27Z-9<\/li>\n<li>Koparki: Robex 28-7, Robex 35-7, Robex 36N-7, Robex 55-7<\/li>\n<\/ul>\n<p><strong>Pronar<\/strong><\/p>\n<ul>\n<li>320 rano, 320 rano<\/li>\n<\/ul>\n<p><strong>Lamborghini<\/strong><\/p>\n<ul>\n<li>Ci\u0105gnik R1.30, R1.40, r R1.50<\/li>\n<\/ul>\n<p><strong>Mitsubishi<\/strong> :<\/p>\n<ul>\n<li>Minikoparka: MM30T<\/li>\n<li>Koparka do maszyn budowlanych: MM25T, MM30CR, MM30CR2, MM30SR, MM30T<\/li>\n<\/ul>\n<p><strong>Nagano:<\/strong><\/p>\n<ul>\n<li>Platforma powietrzna: NA120A, NA90ZA<\/li>\n<li>Minikoparka: NS35R-3, NB30, CX26-3, NS25-3, NUL120-3, NA90A, NUZ090D<\/li>\n<\/ul>\n<p><strong>Nowa Holandia<\/strong><\/p>\n<ul>\n<li>EC25, EC35<\/li>\n<\/ul>\n<p><strong>Nilfisk-Alto:<\/strong><\/p>\n<ul>\n<li>Myjka ci\u015bnieniowa: Contractor Silent<\/li>\n<\/ul>\n<p><strong>Sol\u00e9 Diesel:<\/strong><\/p>\n<ul>\n<li>Marynarka wojenna: Mini 33, G-10T-15, G-10M-15<\/li>\n<li>Morski G-15M-15, Morski G-25T-3, Morski Mini 44, Morski G-25M-3, Morski G-15T-15, Morski Mini 55<\/li>\n<\/ul>\n<p><strong>Pel Job:<\/strong><\/p>\n<ul>\n<li>Koparka: EB306, EB25.4, EB30.4, EB250<\/li>\n<\/ul>\n<p><strong>Optymizm:<\/strong><\/p>\n<ul>\n<li>BHKW: Tygrys 8\/16 PPN<\/li>\n<\/ul>\n<p><strong>Volvo<\/strong> :<\/p>\n<ul>\n<li>Koparka: EC30, EC25, EC35<\/li>\n<\/ul>\n<p><strong>Ingersoll Rand:<\/strong><\/p>\n<ul>\n<li>Generator: G11, G12<\/li>\n<\/ul>\n<p><strong>Generator Teksanu:<\/strong><\/p>\n<ul>\n<li>Generatory: TJ9MS, TJ11MS, TJ20MS<\/li>\n<\/ul>\n<p><strong>Tor<\/strong> :<\/p>\n<ul>\n<li>Kosiarka do tor\u00f3w wodnych: Reelmaster 5300-D<\/li>\n<\/ul>\n<p><strong>Weidemanna<\/strong> :<\/p>\n<ul>\n<li>\u0141adowarka ko\u0142owa: 1050D\/M, 1504D\/M, 1055D\/M, 1070D\/M<\/li>\n<\/ul>\n<p><strong>Terex<\/strong> :<\/p>\n<ul>\n<li>TC25, HR14, TC29, TC35, TC37, HR3.7, HR16, HR16A<\/li>\n<\/ul>\n<p><strong>Technogen<\/strong> :<\/p>\n<ul>\n<li>Generator: MI12\/4SX, MI12T\/4SX<\/li>\n<\/ul>\n<p><strong>Schaeff Terex:<\/strong><\/p>\n<ul>\n<li>Koparka: TC25<\/li>\n<\/ul>\n<p><strong>Terex Schaeff:<\/strong><\/p>\n<ul>\n<li>Koparka: TC25<\/li>\n<\/ul>\n","protected":false},"excerpt":{"rendered":"<p>Z du\u017c\u0105 staranno\u015bci\u0105 dobrane zosta\u0142y kompatybilne modele tulei cylindrowej: Pasuje do t\u0142oka o standardowym rozmiarze i ponadwymiarowym. Wymiary ( p\u00f3\u0142produkt! ) Rozmiar wewn\u0119trzny 78 mm Rozmiar zewn\u0119trzny 81,8 mm D\u0142ugo\u015b\u0107 150mm Mitsubishi GO26, GO28, GO30, GO32, GO34, GO260, GO261, GO280, GO281, GO300, GO301, GO320, GO321, GO340, GO341 MT200, MT201, MT231, MT240, MT246, MT251, MT271, MT291,&hellip;<\/p>\n","protected":false},"featured_media":113473,"comment_status":"open","ping_status":"closed","template":"","meta":[],"product_cat":[19291],"product_tag":[],"class_list":{"0":"post-116760","1":"product","2":"type-product","3":"status-publish","4":"has-post-thumbnail","6":"product_cat-tuleja-cylindra","7":"pa_merk-deutz-pl","8":"pa_merk-lamborghini-pl","9":"pa_merk-mahindra-pl","10":"pa_merk-mitsubishi-pl","11":"pa_merk-peljob-pl","12":"pa_merk-sole-diesel-pl","13":"pa_merk-terex-pl","14":"pa_merk-toro-pl","15":"pa_merk-tym-pl","16":"pa_merk-volvo-pl","17":"pa_merk-weidemann-pl","19":"first","20":"instock","21":"sale","22":"taxable","23":"shipping-taxable","24":"purchasable","25":"product-type-simple","26":"col-xs-6 col-sm-4","27":"col-md-3 col-lg-3","28":"un-4-cols"},"_links":{"self":[{"href":"https:\/\/shop4trac.com\/pl\/wp-json\/wp\/v2\/product\/116760","targetHints":{"allow":["GET"]}}],"collection":[{"href":"https:\/\/shop4trac.com\/pl\/wp-json\/wp\/v2\/product"}],"about":[{"href":"https:\/\/shop4trac.com\/pl\/wp-json\/wp\/v2\/types\/product"}],"replies":[{"embeddable":true,"href":"https:\/\/shop4trac.com\/pl\/wp-json\/wp\/v2\/comments?post=116760"}],"wp:featuredmedia":[{"embeddable":true,"href":"https:\/\/shop4trac.com\/pl\/wp-json\/wp\/v2\/media\/113473"}],"wp:attachment":[{"href":"https:\/\/shop4trac.com\/pl\/wp-json\/wp\/v2\/media?parent=116760"}],"wp:term":[{"taxonomy":"product_cat","embeddable":true,"href":"https:\/\/shop4trac.com\/pl\/wp-json\/wp\/v2\/product_cat?post=116760"},{"taxonomy":"product_tag","embeddable":true,"href":"https:\/\/shop4trac.com\/pl\/wp-json\/wp\/v2\/product_tag?post=116760"}],"curies":[{"name":"wp","href":"https:\/\/api.w.org\/{rel}","templated":true}]}}