{"id":115912,"date":"2023-07-06T20:41:54","date_gmt":"2023-07-06T19:41:54","guid":{"rendered":"https:\/\/shop4trac.com\/bez-kategorii\/uchwyt-sprezyny-zaworowej-kubota-d1403-d1803-v1702-v2403-v3300-v3600\/"},"modified":"2025-08-01T17:32:10","modified_gmt":"2025-08-01T15:32:10","slug":"uchwyt-sprezyny-zaworowej-kubota-d1403-d1803-v1702-v2403-v3300-v3600","status":"publish","type":"product","link":"https:\/\/shop4trac.com\/pl\/czesci-silnika\/zawory\/uchwyt-sprezyny-zaworowej-kubota-d1403-d1803-v1702-v2403-v3300-v3600\/","title":{"rendered":"Uchwyt spr\u0119\u017cyny zaworowej Kubota D1403 \u2013 D1803 | V1702 \u2013 V2403 | V3300 | V3600"},"content":{"rendered":"<p>Cz\u0119\u015b\u0107 zatrzymuj\u0105ca klap\u0119. Nadaje si\u0119 do: <\/p>\n<p><strong>Silnik Kuboty<\/strong><\/p>\n<ul>\n<li>V2403, V3300, V3600<\/li>\n<li>D1403, D1503, D1703. D1803, V1702, V1903, V2003, V2203M, V2403M <\/li>\n<\/ul>\n<p><strong>OEM w celach informacyjnych<\/strong><\/p>\n<ul>\n<li>15221-13980<\/li>\n<\/ul>\n<p>Sprzedawane po 2 sztuki.<\/p>\n","protected":false},"excerpt":{"rendered":"<p>Cz\u0119\u015b\u0107 zatrzymuj\u0105ca klap\u0119. Nadaje si\u0119 do: Silnik Kuboty V2403, V3300, V3600 D1403, D1503, D1703. D1803, V1702, V1903, V2003, V2203M, V2403M OEM w celach informacyjnych 15221-13980 Sprzedawane po 2 sztuki.<\/p>\n","protected":false},"featured_media":84642,"comment_status":"open","ping_status":"open","template":"","meta":[],"product_cat":[20923],"product_tag":[],"class_list":{"0":"post-115912","1":"product","2":"type-product","3":"status-publish","4":"has-post-thumbnail","6":"product_cat-zawory","7":"pa_merk-kubota-pl","8":"pa_motor-d1403-pl","9":"pa_motor-d1503-pl","10":"pa_motor-d1703-pl","11":"pa_motor-d1803-pl","12":"pa_motor-v1702-pl","13":"pa_motor-v2003-pl","14":"pa_motor-v2203-pl","15":"pa_motor-v2403-pl","16":"pa_motor-v3300-pl","17":"pa_motor-v3600idi-pl","19":"first","20":"instock","21":"taxable","22":"shipping-taxable","23":"purchasable","24":"product-type-simple","25":"col-xs-6 col-sm-4","26":"col-md-3 col-lg-3","27":"un-4-cols"},"_links":{"self":[{"href":"https:\/\/shop4trac.com\/pl\/wp-json\/wp\/v2\/product\/115912","targetHints":{"allow":["GET"]}}],"collection":[{"href":"https:\/\/shop4trac.com\/pl\/wp-json\/wp\/v2\/product"}],"about":[{"href":"https:\/\/shop4trac.com\/pl\/wp-json\/wp\/v2\/types\/product"}],"replies":[{"embeddable":true,"href":"https:\/\/shop4trac.com\/pl\/wp-json\/wp\/v2\/comments?post=115912"}],"wp:featuredmedia":[{"embeddable":true,"href":"https:\/\/shop4trac.com\/pl\/wp-json\/wp\/v2\/media\/84642"}],"wp:attachment":[{"href":"https:\/\/shop4trac.com\/pl\/wp-json\/wp\/v2\/media?parent=115912"}],"wp:term":[{"taxonomy":"product_cat","embeddable":true,"href":"https:\/\/shop4trac.com\/pl\/wp-json\/wp\/v2\/product_cat?post=115912"},{"taxonomy":"product_tag","embeddable":true,"href":"https:\/\/shop4trac.com\/pl\/wp-json\/wp\/v2\/product_tag?post=115912"}],"curies":[{"name":"wp","href":"https:\/\/api.w.org\/{rel}","templated":true}]}}