{"id":115285,"date":"2023-04-19T13:40:21","date_gmt":"2023-04-19T12:40:21","guid":{"rendered":"https:\/\/shop4trac.com\/bez-kategorii\/olej-do-przedniej-osi-80w90-4-litry-gl4\/"},"modified":"2025-08-01T17:34:51","modified_gmt":"2025-08-01T15:34:51","slug":"olej-do-przedniej-osi-80w90-4-litry-gl4","status":"publish","type":"product","link":"https:\/\/shop4trac.com\/pl\/olej\/skrzynia-biegow-i-skrzynia-biegow\/olej-do-przedniej-osi-80w90-4-litry-gl4\/","title":{"rendered":"Olej do przedniej osi 80W90 4 litry | GL4"},"content":{"rendered":"<p>Je\u015bli szukasz odpowiedniego oleju do przedniej osi swojego mini traktora, olej 80W90 b\u0119dzie doskona\u0142ym wyborem. Olej ten nadaje si\u0119 do r\u00f3\u017cnych marek mini traktor\u00f3w, takich jak:<\/p>\n<ul>\n<li>Iseki<\/li>\n<li>Kubota<\/li>\n<li>Yanmar<\/li>\n<li>Shibaura<\/li>\n<li>Satoh<\/li>\n<li>Suzue<\/li>\n<li>Hinomoto<\/li>\n<li>Mitsubishi<\/li>\n<li>Komatsu<\/li>\n<li>Hitachi<\/li>\n<li>Kobelco<\/li>\n<\/ul>\n<p>Olejek zamkni\u0119ty jest w por\u0119cznej <strong>, 4-litrowej butelce<\/strong><\/p>\n<p>Ponadto olej spe\u0142nia nast\u0119puj\u0105ce specyfikacje:<\/p>\n<ul>\n<li>SAE 80W-90, API GL-4 i MIL L 2105.<\/li>\n<\/ul>\n<p><strong>SAE 80W-90<\/strong> oznacza, \u017ce \u200b\u200bolej nadaje si\u0119 do stosowania zar\u00f3wno w wysokich, jak i zimnych warunkach. Jest to wa\u017cne, poniewa\u017c Tw\u00f3j mini traktor mo\u017ce by\u0107 u\u017cywany w r\u00f3\u017cnych warunkach.<\/p>\n<p><strong>API GL-4<\/strong> wskazuje, \u017ce olej nadaje si\u0119 do r\u00f3\u017cnych zastosowa\u0144, takich jak r\u0119czne skrzynie bieg\u00f3w i mechanizmy r\u00f3\u017cnicowe. Oznacza to, \u017ce olej nadaje si\u0119 do wi\u0119kszo\u015bci mini traktor\u00f3w, niezale\u017cnie od marki.<\/p>\n<p><strong>MIL L 2105<\/strong> wskazuje, \u017ce olej spe\u0142nia wymagania wojskowe dotycz\u0105ce stosowania w ci\u0119\u017ckich pojazdach i maszynach. Oznacza to, \u017ce olej nadaje si\u0119 do du\u017cych obci\u0105\u017ce\u0144 i d\u0142ugotrwa\u0142ej eksploatacji, co idealnie sprawdza si\u0119 w mini traktorach, kt\u00f3re s\u0105 intensywnie u\u017cytkowane.<\/p>\n<p>Podsumowuj\u0105c, olej 80W90 to doskona\u0142y wyb\u00f3r do ka\u017cdego mini traktora. Nadaje si\u0119 do r\u00f3\u017cnych marek, spe\u0142nia wa\u017cne specyfikacje i jest dostarczany w por\u0119cznej 4-litrowej butelce. Pami\u0119taj tylko o regularnej kontroli i wymianie oleju, aby mie\u0107 pewno\u015b\u0107, \u017ce Tw\u00f3j mini traktor b\u0119dzie nadal optymalnie dzia\u0142a\u0142.<\/p>\n","protected":false},"excerpt":{"rendered":"<p>Je\u015bli szukasz odpowiedniego oleju do przedniej osi swojego mini traktora, olej 80W90 b\u0119dzie doskona\u0142ym wyborem. Olej ten nadaje si\u0119 do r\u00f3\u017cnych marek mini traktor\u00f3w, takich jak: Iseki Kubota Yanmar Shibaura Satoh Suzue Hinomoto Mitsubishi Komatsu Hitachi Kobelco Olejek zamkni\u0119ty jest w por\u0119cznej , 4-litrowej butelce Ponadto olej spe\u0142nia nast\u0119puj\u0105ce specyfikacje: SAE 80W-90, API GL-4 i&hellip;<\/p>\n","protected":false},"featured_media":115311,"comment_status":"open","ping_status":"closed","template":"","meta":[],"product_cat":[19802],"product_tag":[],"class_list":{"0":"post-115285","1":"product","2":"type-product","3":"status-publish","4":"has-post-thumbnail","6":"product_cat-skrzynia-biegow-i-skrzynia-biegow","7":"pa_merk-hinomoto-pl","8":"pa_merk-iseki-pl","9":"pa_merk-kubota-pl","10":"pa_merk-kumiai-pl","11":"pa_merk-mitsubishi-pl","12":"pa_merk-satoh-pl","13":"pa_merk-shibaura-pl","14":"pa_merk-suzue-pl","15":"pa_merk-yanmar-pl","16":"pa_merk-zen-noh-pl","18":"first","19":"instock","20":"sale","21":"taxable","22":"shipping-taxable","23":"purchasable","24":"product-type-simple","25":"col-xs-6 col-sm-4","26":"col-md-3 col-lg-3","27":"un-4-cols"},"_links":{"self":[{"href":"https:\/\/shop4trac.com\/pl\/wp-json\/wp\/v2\/product\/115285","targetHints":{"allow":["GET"]}}],"collection":[{"href":"https:\/\/shop4trac.com\/pl\/wp-json\/wp\/v2\/product"}],"about":[{"href":"https:\/\/shop4trac.com\/pl\/wp-json\/wp\/v2\/types\/product"}],"replies":[{"embeddable":true,"href":"https:\/\/shop4trac.com\/pl\/wp-json\/wp\/v2\/comments?post=115285"}],"wp:featuredmedia":[{"embeddable":true,"href":"https:\/\/shop4trac.com\/pl\/wp-json\/wp\/v2\/media\/115311"}],"wp:attachment":[{"href":"https:\/\/shop4trac.com\/pl\/wp-json\/wp\/v2\/media?parent=115285"}],"wp:term":[{"taxonomy":"product_cat","embeddable":true,"href":"https:\/\/shop4trac.com\/pl\/wp-json\/wp\/v2\/product_cat?post=115285"},{"taxonomy":"product_tag","embeddable":true,"href":"https:\/\/shop4trac.com\/pl\/wp-json\/wp\/v2\/product_tag?post=115285"}],"curies":[{"name":"wp","href":"https:\/\/api.w.org\/{rel}","templated":true}]}}