{"id":115109,"date":"2023-01-25T19:33:22","date_gmt":"2024-05-28T16:53:44","guid":{"rendered":"https:\/\/shop4trac.com\/bez-kategorii\/instrukcja-iseki-tl1900f-tl1900\/"},"modified":"2025-08-01T17:40:29","modified_gmt":"2025-08-01T15:40:29","slug":"instrukcja-iseki-tl1900f-tl1900","status":"publish","type":"product","link":"https:\/\/shop4trac.com\/pl\/podwozie\/instrukcje\/instrukcja-iseki-tl1900f-tl1900\/","title":{"rendered":"Instrukcja Iseki TL1900F \u2013 TL1900"},"content":{"rendered":"<p>Lista cz\u0119\u015bci dla:<\/p>\n<p><strong>Iseki<\/strong><\/p>\n<ul>\n<li>TL1900<\/li>\n<\/ul>\n<p><strong>Po japo\u0144sku!<\/strong><\/p>\n","protected":false},"excerpt":{"rendered":"<p>Lista cz\u0119\u015bci dla: Iseki TL1900 Po japo\u0144sku!<\/p>\n","protected":false},"featured_media":115112,"comment_status":"open","ping_status":"open","template":"","meta":[],"product_cat":[20696],"product_tag":[19366,19373,20220,19287],"class_list":{"0":"post-115109","1":"product","2":"type-product","3":"status-publish","4":"has-post-thumbnail","6":"product_cat-instrukcje","7":"product_tag-k3b-pl","8":"product_tag-k3d-pl","9":"product_tag-k3e-pl","10":"product_tag-snelparts-pl","11":"pa_merk-iseki-pl","13":"first","14":"instock","15":"sale","16":"taxable","17":"shipping-taxable","18":"purchasable","19":"product-type-variable","20":"col-xs-6 col-sm-4","21":"col-md-3 col-lg-3","22":"un-4-cols"},"_links":{"self":[{"href":"https:\/\/shop4trac.com\/pl\/wp-json\/wp\/v2\/product\/115109","targetHints":{"allow":["GET"]}}],"collection":[{"href":"https:\/\/shop4trac.com\/pl\/wp-json\/wp\/v2\/product"}],"about":[{"href":"https:\/\/shop4trac.com\/pl\/wp-json\/wp\/v2\/types\/product"}],"replies":[{"embeddable":true,"href":"https:\/\/shop4trac.com\/pl\/wp-json\/wp\/v2\/comments?post=115109"}],"wp:featuredmedia":[{"embeddable":true,"href":"https:\/\/shop4trac.com\/pl\/wp-json\/wp\/v2\/media\/115112"}],"wp:attachment":[{"href":"https:\/\/shop4trac.com\/pl\/wp-json\/wp\/v2\/media?parent=115109"}],"wp:term":[{"taxonomy":"product_cat","embeddable":true,"href":"https:\/\/shop4trac.com\/pl\/wp-json\/wp\/v2\/product_cat?post=115109"},{"taxonomy":"product_tag","embeddable":true,"href":"https:\/\/shop4trac.com\/pl\/wp-json\/wp\/v2\/product_tag?post=115109"}],"curies":[{"name":"wp","href":"https:\/\/api.w.org\/{rel}","templated":true}]}}