{"id":114722,"date":"2022-11-23T19:57:29","date_gmt":"2022-11-23T18:57:29","guid":{"rendered":"https:\/\/shop4trac.com\/bez-kategorii\/uszczelka-pod-glowice-yanmar-3tn75\/"},"modified":"2025-08-01T17:46:06","modified_gmt":"2025-08-01T15:46:06","slug":"uszczelka-pod-glowice-yanmar-3tn75","status":"publish","type":"product","link":"https:\/\/shop4trac.com\/pl\/czesci-silnika\/uszczelki-glowicy\/uszczelka-pod-glowice-yanmar-3tn75\/","title":{"rendered":"Uszczelka pod g\u0142owic\u0119 Yanmar 3TN75"},"content":{"rendered":"<p>Uszczelka g\u0142owicy pasuje do:<\/p>\n<p><strong>Yanmar  <\/strong><\/p>\n<ul>\n<li>3T75, 3T75U, 3TN75<\/li>\n<\/ul>\n<p><strong>\u015arednica<\/strong><\/p>\n<ul>\n<li>77mm<\/li>\n<\/ul>\n<p><strong>OEM w celach informacyjnych:<\/strong><\/p>\n<ul>\n<li>121470-01332, 12147001332<\/li>\n<\/ul>\n<p>&nbsp;<\/p>\n","protected":false},"excerpt":{"rendered":"<p>Uszczelka g\u0142owicy pasuje do: Yanmar 3T75, 3T75U, 3TN75 \u015arednica 77mm OEM w celach informacyjnych: 121470-01332, 12147001332 &nbsp;<\/p>\n","protected":false},"featured_media":114723,"comment_status":"open","ping_status":"open","template":"","meta":[],"product_cat":[19346],"product_tag":[19287],"class_list":{"0":"post-114722","1":"product","2":"type-product","3":"status-publish","4":"has-post-thumbnail","6":"product_cat-uszczelki-glowicy","7":"product_tag-snelparts-pl","8":"pa_merk-yanmar-pl","9":"pa_motor-3tn75-pl","11":"first","12":"instock","13":"taxable","14":"shipping-taxable","15":"purchasable","16":"product-type-simple","17":"col-xs-6 col-sm-4","18":"col-md-3 col-lg-3","19":"un-4-cols"},"_links":{"self":[{"href":"https:\/\/shop4trac.com\/pl\/wp-json\/wp\/v2\/product\/114722","targetHints":{"allow":["GET"]}}],"collection":[{"href":"https:\/\/shop4trac.com\/pl\/wp-json\/wp\/v2\/product"}],"about":[{"href":"https:\/\/shop4trac.com\/pl\/wp-json\/wp\/v2\/types\/product"}],"replies":[{"embeddable":true,"href":"https:\/\/shop4trac.com\/pl\/wp-json\/wp\/v2\/comments?post=114722"}],"wp:featuredmedia":[{"embeddable":true,"href":"https:\/\/shop4trac.com\/pl\/wp-json\/wp\/v2\/media\/114723"}],"wp:attachment":[{"href":"https:\/\/shop4trac.com\/pl\/wp-json\/wp\/v2\/media?parent=114722"}],"wp:term":[{"taxonomy":"product_cat","embeddable":true,"href":"https:\/\/shop4trac.com\/pl\/wp-json\/wp\/v2\/product_cat?post=114722"},{"taxonomy":"product_tag","embeddable":true,"href":"https:\/\/shop4trac.com\/pl\/wp-json\/wp\/v2\/product_tag?post=114722"}],"curies":[{"name":"wp","href":"https:\/\/api.w.org\/{rel}","templated":true}]}}