{"id":114392,"date":"2022-07-20T15:41:17","date_gmt":"2022-07-20T14:41:17","guid":{"rendered":"https:\/\/shop4trac.com\/bez-kategorii\/dysza-atomizera-iseki-sial\/"},"modified":"2026-03-19T10:24:45","modified_gmt":"2026-03-19T09:24:45","slug":"dysza-atomizera-iseki-sial","status":"publish","type":"product","link":"https:\/\/shop4trac.com\/pl\/czesci-silnika\/dysza-atomizera\/dysza-atomizera-iseki-sial\/","title":{"rendered":"Ko\u0144c\u00f3wka wtryskiwacza Iseki E3CD \u2013 E3AE1 | SIAL | DLLA160PN129"},"content":{"rendered":"<p data-path-to-node=\"3\"><b data-path-to-node=\"3\" data-index-in-node=\"2\">Ko\u0144c\u00f3wka wtryskiwacza z zestawem uszczelek (DLLA160PN129)<\/b><\/p>\n<p data-path-to-node=\"4\">Wy\u0142\u0105cznie z w\u0142asnej linii produkcyjnej: wysokiej jako\u015bci ko\u0144c\u00f3wka wtryskiwacza, kt\u00f3ra spe\u0142nia najsurowsze tolerancje. Ten wielootworowy wtryskiwacz \u201eSnelparts\u201d zosta\u0142 opracowany jako doskona\u0142a alternatywa dla standardowych cz\u0119\u015bci zamiennych i idealnie nadaje si\u0119 do regeneracji twojego obecnego wtryskiwacza w minici\u0105gnikach Iseki z wtryskiem bezpo\u015brednim. <\/p>\n<p data-path-to-node=\"5\"><b data-path-to-node=\"5\" data-index-in-node=\"0\">\u26a0\ufe0f Porada mechanika (Wybierz w\u0142a\u015bciw\u0105 wydajno\u015b\u0107!):<\/b> <i data-path-to-node=\"5\" data-index-in-node=\"51\">Uwaga: Ta ko\u0144c\u00f3wka DLLA160PN129 z zewn\u0105trz wygl\u0105da identycznie jak DLLA160PN126. Chocia\u017c obie pasuj\u0105 do silnik\u00f3w Iseki z wtryskiem bezpo\u015brednim (k\u0105t rozpylania 160\u00b0), r\u00f3\u017cni\u0105 si\u0119 wewn\u0119trzn\u0105 wydajno\u015bci\u0105 paliwow\u0105. Monta\u017c niew\u0142a\u015bciwego wariantu mo\u017ce prowadzi\u0107 do nier\u00f3wnej pracy silnika lub dymienia. Dlatego zawsze sprawdzaj wybity numer (PN129 of PN126) na swojej starej ko\u0144c\u00f3wce!   <\/i><\/p>\n<p data-path-to-node=\"6\">Gwarantujemy idealny obraz rozpylania i dok\u0142adne uszczelnienie, co skutkuje cichsz\u0105 prac\u0105 silnika i czystszym spalaniem. Przeprowadzono szczeg\u00f3\u0142owe badania nad jako\u015bci\u0105 OEM, por\u00f3wnywaln\u0105 ze znanymi markami w tej bran\u017cy!<\/p>\n<p data-path-to-node=\"7\">\u2714\ufe0f Idealny obraz rozpylania (k\u0105t rozpylania 160\u00b0 dla wtrysku bezpo\u015bredniego) \u2714\ufe0f Wyprodukowano zgodnie z najsurowszymi tolerancjami OEM \u2714\ufe0f Zapewnia czystsze spalanie i spokojniejsz\u0105 prac\u0119 silnika<\/p>\n<p data-path-to-node=\"8\"><b data-path-to-node=\"8\" data-index-in-node=\"0\">W zestawie kompletny zestaw uszczelek do bezpo\u015bredniego monta\u017cu!<\/b> T\u0119 ko\u0144c\u00f3wk\u0119 dostarczamy standardowo ze wszystkimi niezb\u0119dnymi nowymi miedzianymi podk\u0142adkami. Dzi\u0119ki temu po monta\u017cu mo\u017cesz od razu bezpiecznie i szczelnie umie\u015bci\u0107 wtryskiwacz w bloku silnika. Do\u0142\u0105czony zestaw zawiera: \u2022 Now\u0105 <b data-path-to-node=\"8\" data-index-in-node=\"275\">podk\u0142adk\u0119 termiczn\u0105<\/b> (os\u0142on\u0119 \u017carow\u0105) chroni\u0105c\u0105 przed ekstremaln\u0105 temperatur\u0105 i osadzaniem si\u0119 sadzy.   \u2022 Miedzianej <b data-path-to-node=\"8\" data-index-in-node=\"351\">uszczelki wtryskiwacza<\/b> dla 100% zachowania kompresji. \u2022 <b data-path-to-node=\"8\" data-index-in-node=\"415\">Uszczelki przewodu powrotnego<\/b> zapobiegaj\u0105cej wyciekom paliwa.<\/p>\n<p data-path-to-node=\"9\"><b data-path-to-node=\"9\" data-index-in-node=\"0\">Dane techniczne:<\/b><\/p>\n<ul data-path-to-node=\"10\">\n<li>\n<p data-path-to-node=\"10,0,0\"><b data-path-to-node=\"10,0,0\" data-index-in-node=\"0\">Typ:<\/b> Ko\u0144c\u00f3wka wtryskiwacza (wielootworowa)<\/p>\n<\/li>\n<li>\n<p data-path-to-node=\"10,1,0\"><b data-path-to-node=\"10,1,0\" data-index-in-node=\"0\">Uk\u0142ad wtryskowy:<\/b> Wtrysk bezpo\u015bredni (DI)<\/p>\n<\/li>\n<li>\n<p data-path-to-node=\"10,2,0\"><b data-path-to-node=\"10,2,0\" data-index-in-node=\"0\">Zastosowanie:<\/b> Pasuje do minici\u0105gnik\u00f3w (konkretne silniki Iseki E3)<\/p>\n<\/li>\n<\/ul>\n<p data-path-to-node=\"11\"><b data-path-to-node=\"11\" data-index-in-node=\"0\">Iseki (Silniki)<\/b><\/p>\n<ul>\n<li data-path-to-node=\"11\">E3AE1, E3CD<\/li>\n<\/ul>\n<p data-path-to-node=\"12\"><b data-path-to-node=\"12\" data-index-in-node=\"0\">Iseki (Ci\u0105gniki)<\/b><\/p>\n<ul>\n<li data-path-to-node=\"12\">Sial21, Sial223 \u2022 TU197, TU197DT, TU200, TU220, TU240 \u2022 TA230, TA247, TA270<\/li>\n<\/ul>\n<p data-path-to-node=\"13\"><b data-path-to-node=\"13\" data-index-in-node=\"0\">OEM do referencji:<\/b><\/p>\n<ul>\n<li data-path-to-node=\"13\">DLLA160PN129 \u2022 62153110220 \u2022 6215-311-022-0 \u2022 105017-1290 (Zexel) \u2022 9432611331 \/ 9 432 611 331 (Bosch)<\/li>\n<li>62153110220, 6215-311-022-00<\/li>\n<li>9 432 611 331<\/li>\n<li>105017-1290<\/li>\n<li>DLLA160PN129<\/li>\n<\/ul>\n","protected":false},"excerpt":{"rendered":"<p>Ko\u0144c\u00f3wka wtryskiwacza z zestawem uszczelek (DLLA160PN129) Wy\u0142\u0105cznie z w\u0142asnej linii produkcyjnej: wysokiej jako\u015bci ko\u0144c\u00f3wka wtryskiwacza, kt\u00f3ra spe\u0142nia najsurowsze tolerancje. Ten wielootworowy wtryskiwacz \u201eSnelparts\u201d zosta\u0142 opracowany jako doskona\u0142a alternatywa dla standardowych cz\u0119\u015bci zamiennych i idealnie nadaje si\u0119 do regeneracji twojego obecnego wtryskiwacza w minici\u0105gnikach Iseki z wtryskiem bezpo\u015brednim. \u26a0\ufe0f Porada mechanika (Wybierz w\u0142a\u015bciw\u0105 wydajno\u015b\u0107!): Uwaga: Ta&hellip;<\/p>\n","protected":false},"featured_media":195473,"comment_status":"open","ping_status":"closed","template":"","meta":[],"product_cat":[19449],"product_tag":[19287],"class_list":{"0":"post-114392","1":"product","2":"type-product","3":"status-publish","4":"has-post-thumbnail","6":"product_cat-dysza-atomizera","7":"product_tag-snelparts-pl","8":"pa_merk-iseki-pl","9":"pa_merk-massey-ferguson-pl","10":"pa_motor-d905-pl","11":"pa_motor-e3cd-pl","13":"first","14":"instock","15":"sale","16":"taxable","17":"shipping-taxable","18":"purchasable","19":"product-type-simple","20":"col-xs-6 col-sm-4","21":"col-md-3 col-lg-3","22":"un-4-cols"},"_links":{"self":[{"href":"https:\/\/shop4trac.com\/pl\/wp-json\/wp\/v2\/product\/114392","targetHints":{"allow":["GET"]}}],"collection":[{"href":"https:\/\/shop4trac.com\/pl\/wp-json\/wp\/v2\/product"}],"about":[{"href":"https:\/\/shop4trac.com\/pl\/wp-json\/wp\/v2\/types\/product"}],"replies":[{"embeddable":true,"href":"https:\/\/shop4trac.com\/pl\/wp-json\/wp\/v2\/comments?post=114392"}],"wp:featuredmedia":[{"embeddable":true,"href":"https:\/\/shop4trac.com\/pl\/wp-json\/wp\/v2\/media\/195473"}],"wp:attachment":[{"href":"https:\/\/shop4trac.com\/pl\/wp-json\/wp\/v2\/media?parent=114392"}],"wp:term":[{"taxonomy":"product_cat","embeddable":true,"href":"https:\/\/shop4trac.com\/pl\/wp-json\/wp\/v2\/product_cat?post=114392"},{"taxonomy":"product_tag","embeddable":true,"href":"https:\/\/shop4trac.com\/pl\/wp-json\/wp\/v2\/product_tag?post=114392"}],"curies":[{"name":"wp","href":"https:\/\/api.w.org\/{rel}","templated":true}]}}