{"id":114071,"date":"2021-12-21T13:23:16","date_gmt":"2021-12-21T11:23:16","guid":{"rendered":"https:\/\/shop4trac.com\/bez-kategorii\/zawleczka-ogolny-sworzen-blokujacy\/"},"modified":"2025-08-01T18:04:46","modified_gmt":"2025-08-01T16:04:46","slug":"zawleczka-ogolny-sworzen-blokujacy","status":"publish","type":"product","link":"https:\/\/shop4trac.com\/pl\/podwozie\/zawleczka\/zawleczka-ogolny-sworzen-blokujacy\/","title":{"rendered":"Zawleczka | Og\u00f3lny Sworze\u0144 zabezpieczaj\u0105cy"},"content":{"rendered":"<p>Zawleczka og\u00f3lnego przeznaczenia<\/p>\n<p> Pier\u015bcie\u0144 3,5 mm (7,7 x 45)<\/p>\n","protected":false},"excerpt":{"rendered":"<p>Zawleczka og\u00f3lnego przeznaczenia Pier\u015bcie\u0144 3,5 mm (7,7 x 45)<\/p>\n","protected":false},"featured_media":114073,"comment_status":"open","ping_status":"closed","template":"","meta":[],"product_cat":[21083],"product_tag":[19287],"class_list":{"0":"post-114071","1":"product","2":"type-product","3":"status-publish","4":"has-post-thumbnail","6":"product_cat-zawleczka","7":"product_tag-snelparts-pl","9":"first","10":"instock","11":"taxable","12":"shipping-taxable","13":"purchasable","14":"product-type-simple","15":"col-xs-6 col-sm-4","16":"col-md-3 col-lg-3","17":"un-4-cols"},"_links":{"self":[{"href":"https:\/\/shop4trac.com\/pl\/wp-json\/wp\/v2\/product\/114071","targetHints":{"allow":["GET"]}}],"collection":[{"href":"https:\/\/shop4trac.com\/pl\/wp-json\/wp\/v2\/product"}],"about":[{"href":"https:\/\/shop4trac.com\/pl\/wp-json\/wp\/v2\/types\/product"}],"replies":[{"embeddable":true,"href":"https:\/\/shop4trac.com\/pl\/wp-json\/wp\/v2\/comments?post=114071"}],"wp:featuredmedia":[{"embeddable":true,"href":"https:\/\/shop4trac.com\/pl\/wp-json\/wp\/v2\/media\/114073"}],"wp:attachment":[{"href":"https:\/\/shop4trac.com\/pl\/wp-json\/wp\/v2\/media?parent=114071"}],"wp:term":[{"taxonomy":"product_cat","embeddable":true,"href":"https:\/\/shop4trac.com\/pl\/wp-json\/wp\/v2\/product_cat?post=114071"},{"taxonomy":"product_tag","embeddable":true,"href":"https:\/\/shop4trac.com\/pl\/wp-json\/wp\/v2\/product_tag?post=114071"}],"curies":[{"name":"wp","href":"https:\/\/api.w.org\/{rel}","templated":true}]}}