{"id":113634,"date":"2021-09-21T15:19:25","date_gmt":"2021-09-21T14:19:25","guid":{"rendered":"https:\/\/shop4trac.com\/bez-kategorii\/rozrusznik-iseki-tx1300-tx1500-ke70-ke75\/"},"modified":"2026-01-03T19:04:16","modified_gmt":"2026-01-03T18:04:16","slug":"rozrusznik-iseki-tx1300-tx1500-ke70-ke75","status":"publish","type":"product","link":"https:\/\/shop4trac.com\/pl\/czesci-elektryczne\/rozrusznik\/rozrusznik-iseki-tx1300-tx1500-ke70-ke75\/","title":{"rendered":"Rozrusznik Iseki TX1300 | TX1500 | KE70 | KE75"},"content":{"rendered":"<p>Rozrusznik pasuje do:<\/p>\n<p><strong>Iseki<\/strong><\/p>\n<ul>\n<li>TX1300, TX1300F, TX1500, TX1500F<\/li>\n<\/ul>\n<p><strong>Bolens<\/strong><\/p>\n<ul>\n<li>G152<\/li>\n<li>G172, G174<\/li>\n<\/ul>\n<p><strong>Mitsubishi  <\/strong><\/p>\n<ul>\n<li>D1300, MT1301, MT372,<\/li>\n<li>D1500<\/li>\n<li>1500VFD<\/li>\n<\/ul>\n<p><strong>Satoh<\/strong><\/p>\n<ul>\n<li>ST1300, ST1300D<\/li>\n<li>B\u00f3br S370<\/li>\n<li>ST1510<\/li>\n<\/ul>\n<p><strong>Suzue<\/strong><\/p>\n<ul>\n<li>M1301, M1301D<\/li>\n<\/ul>\n<p><strong>Noda<\/strong><\/p>\n<ul>\n<li>NR1501<\/li>\n<\/ul>\n<p><strong>Silnik<\/strong> :<\/p>\n<ul>\n<li>KE70<\/li>\n<li>KE75<\/li>\n<\/ul>\n<p><strong>OEM do referencji<\/strong><\/p>\n<ul>\n<li>MM401600, MM401602<\/li>\n<li>5650-040-1600-0, 565004016000<\/li>\n<li>M4T14673<\/li>\n<\/ul>\n<p><strong>Specyfikacja<\/strong><\/p>\n<ul>\n<li>Napi\u0119cie: 12<\/li>\n<li>Moc (kW): 1,2<\/li>\n<li>Po\u0142\u0105czenie (mm): 76,9<\/li>\n<li>Z\u0119by: 9<\/li>\n<li>Liczba otwor\u00f3w monta\u017cowych: 2<\/li>\n<li>Pozycja: (\u00b0) +35<\/li>\n<li>Obr\u00f3t: PRAWO<\/li>\n<li>Odleg\u0142o\u015b\u0107 pomi\u0119dzy otworami monta\u017cowymi: 104mm<\/li>\n<li>D\u0142ugo\u015b\u0107 ca\u0142kowita: 206mm<\/li>\n<\/ul>\n","protected":false},"excerpt":{"rendered":"<p>Rozrusznik pasuje do: Iseki TX1300, TX1300F, TX1500, TX1500F Bolens G152 G172, G174 Mitsubishi D1300, MT1301, MT372, D1500 1500VFD Satoh ST1300, ST1300D B\u00f3br S370 ST1510 Suzue M1301, M1301D Noda NR1501 Silnik : KE70 KE75 OEM do referencji MM401600, MM401602 5650-040-1600-0, 565004016000 M4T14673 Specyfikacja Napi\u0119cie: 12 Moc (kW): 1,2 Po\u0142\u0105czenie (mm): 76,9 Z\u0119by: 9 Liczba otwor\u00f3w monta\u017cowych:&hellip;<\/p>\n","protected":false},"featured_media":113656,"comment_status":"open","ping_status":"closed","template":"","meta":[],"product_cat":[19454],"product_tag":[19298,19300,19287],"class_list":{"0":"post-113634","1":"product","2":"type-product","3":"status-publish","4":"has-post-thumbnail","6":"product_cat-rozrusznik","7":"product_tag-ke70-pl","8":"product_tag-ke75-pl","9":"product_tag-snelparts-pl","10":"pa_merk-iseki-pl","11":"pa_merk-mitsubishi-pl","12":"pa_merk-satoh-pl","13":"pa_merk-suzue-pl","14":"pa_motor-ke70-pl","15":"pa_motor-ke75-pl","17":"first","18":"outofstock","19":"sale","20":"taxable","21":"shipping-taxable","22":"purchasable","23":"product-type-simple","24":"col-xs-6 col-sm-4","25":"col-md-3 col-lg-3","26":"un-4-cols"},"_links":{"self":[{"href":"https:\/\/shop4trac.com\/pl\/wp-json\/wp\/v2\/product\/113634","targetHints":{"allow":["GET"]}}],"collection":[{"href":"https:\/\/shop4trac.com\/pl\/wp-json\/wp\/v2\/product"}],"about":[{"href":"https:\/\/shop4trac.com\/pl\/wp-json\/wp\/v2\/types\/product"}],"replies":[{"embeddable":true,"href":"https:\/\/shop4trac.com\/pl\/wp-json\/wp\/v2\/comments?post=113634"}],"wp:featuredmedia":[{"embeddable":true,"href":"https:\/\/shop4trac.com\/pl\/wp-json\/wp\/v2\/media\/113656"}],"wp:attachment":[{"href":"https:\/\/shop4trac.com\/pl\/wp-json\/wp\/v2\/media?parent=113634"}],"wp:term":[{"taxonomy":"product_cat","embeddable":true,"href":"https:\/\/shop4trac.com\/pl\/wp-json\/wp\/v2\/product_cat?post=113634"},{"taxonomy":"product_tag","embeddable":true,"href":"https:\/\/shop4trac.com\/pl\/wp-json\/wp\/v2\/product_tag?post=113634"}],"curies":[{"name":"wp","href":"https:\/\/api.w.org\/{rel}","templated":true}]}}