{"id":113632,"date":"2021-09-30T13:10:00","date_gmt":"2021-09-30T12:10:00","guid":{"rendered":"https:\/\/shop4trac.com\/bez-kategorii\/pompa-hydrauliczna-yanmar-fx-f-kubota-l-iseki\/"},"modified":"2025-12-16T19:49:56","modified_gmt":"2025-12-16T17:49:56","slug":"pompa-hydrauliczna-yanmar-fx-f-kubota-l-iseki","status":"publish","type":"product","link":"https:\/\/shop4trac.com\/pl\/czesci-silnika\/pompa-hydrauliczna\/pompa-hydrauliczna-yanmar-fx-f-kubota-l-iseki\/","title":{"rendered":"Pompa hydrauliczna Yanmar FX | F | Kubota L | Iseki"},"content":{"rendered":"<p><strong>Europejska<\/strong> jako\u015b\u0107 pompy hydraulicznej, odpowiednia do nast\u0119puj\u0105cych modeli\u201d<\/p>\n<p><strong>Kubota<\/strong><\/p>\n<ul>\n<li>L235, L275, L2202, L2402, L2602, L4202<\/li>\n<\/ul>\n<p><strong>Iseki<\/strong><\/p>\n<ul>\n<li>TA250, TA255, TA262, TA270, TA275, TA287, TA317<\/li>\n<li>TE3210, TE4270, TE4350<\/li>\n<li>TF317<\/li>\n<li>SF200, SF230, SF300, SF310, SF330, SF370<\/li>\n<li>SFH220<\/li>\n<li>TS1610<\/li>\n<li>2115, 2120, 2125, 3030<\/li>\n<\/ul>\n<p><strong>Iseki\/AGCO<\/strong><\/p>\n<ul>\n<li>ST30, ST35, ST40<\/li>\n<\/ul>\n<p><strong>Masseya Fergusona<\/strong><\/p>\n<ul>\n<li>1125, 1140, 1145,1220, 1230, 1240, 1250, 1260<\/li>\n<\/ul>\n<p><strong>Komatsu<\/strong><\/p>\n<ul>\n<li>PC40-7<\/li>\n<\/ul>\n<p><strong>Johna Deere\u2019a<\/strong><\/p>\n<ul>\n<li>755, 855, 955, 670, 770, 790<\/li>\n<li>2210, 2305, 3005, 4100, 4110<\/li>\n<\/ul>\n<p><strong>Yanmar<\/strong><\/p>\n<ul>\n<li>F20, F22, F24, F24D, F175, F255<\/li>\n<li>FX20, FX24, FX25, FX24D, FX215D<\/li>\n<li>KE-3A, KE-4A, KE-3D, KE-2D<\/li>\n<\/ul>\n<p><strong>Obr\u00f3t<\/strong> : przeciwnie do ruchu wskaz\u00f3wek zegara<\/p>\n<p><strong>Odleg\u0142o\u015b\u0107 mi\u0119dzy otworami<\/strong> : 63 mm<\/p>\n<p><strong>Liczba z\u0119b\u00f3w<\/strong> : 12<\/p>\n<p><strong>OEM w celach informacyjnych:<\/strong><\/p>\n<ul>\n<li>GP1C9AX, HPY9AX, GPL187L01, KP0560ASSS, GPLI60L030<\/li>\n<li>GPLI87L020, KP0588ASSS, GPS88, GPL1-87L020<\/li>\n<li>GPL1-71L020, GPL171L020<\/li>\n<li>38240-76110, 38240-36100, 38240-76140, 38240-76130<\/li>\n<li>1996-2353-000<\/li>\n<li>119462-26020, 119462-26010<\/li>\n<\/ul>\n","protected":false},"excerpt":{"rendered":"<p>Europejska jako\u015b\u0107 pompy hydraulicznej, odpowiednia do nast\u0119puj\u0105cych modeli\u201d Kubota L235, L275, L2202, L2402, L2602, L4202 Iseki TA250, TA255, TA262, TA270, TA275, TA287, TA317 TE3210, TE4270, TE4350 TF317 SF200, SF230, SF300, SF310, SF330, SF370 SFH220 TS1610 2115, 2120, 2125, 3030 Iseki\/AGCO ST30, ST35, ST40 Masseya Fergusona 1125, 1140, 1145,1220, 1230, 1240, 1250, 1260 Komatsu PC40-7 Johna&hellip;<\/p>\n","protected":false},"featured_media":112229,"comment_status":"open","ping_status":"closed","template":"","meta":[],"product_cat":[19771,19769],"product_tag":[19287],"class_list":{"0":"post-113632","1":"product","2":"type-product","3":"status-publish","4":"has-post-thumbnail","6":"product_cat-pompa-hydrauliczna","7":"product_cat-czesci-silnika","8":"product_tag-snelparts-pl","9":"pa_merk-iseki-pl","10":"pa_merk-kubota-pl","11":"pa_merk-mitsubishi-pl","12":"pa_merk-yanmar-pl","13":"pa_model-2115-pl","14":"pa_model-2120-pl","15":"pa_model-2125-pl","16":"pa_model-24d-pl","17":"pa_model-3030-pl","18":"pa_model-f175-pl","19":"pa_model-f20-pl","20":"pa_model-f22-pl","21":"pa_model-f24-pl","22":"pa_model-fx215d-pl","23":"pa_model-fx24d-pl","24":"pa_model-fx25-pl","25":"pa_model-mt250-pl","26":"pa_model-mt300d-pl","27":"pa_model-ts1610-pl","29":"first","30":"instock","31":"sale","32":"taxable","33":"shipping-taxable","34":"purchasable","35":"product-type-simple","36":"col-xs-6 col-sm-4","37":"col-md-3 col-lg-3","38":"un-4-cols"},"_links":{"self":[{"href":"https:\/\/shop4trac.com\/pl\/wp-json\/wp\/v2\/product\/113632","targetHints":{"allow":["GET"]}}],"collection":[{"href":"https:\/\/shop4trac.com\/pl\/wp-json\/wp\/v2\/product"}],"about":[{"href":"https:\/\/shop4trac.com\/pl\/wp-json\/wp\/v2\/types\/product"}],"replies":[{"embeddable":true,"href":"https:\/\/shop4trac.com\/pl\/wp-json\/wp\/v2\/comments?post=113632"}],"wp:featuredmedia":[{"embeddable":true,"href":"https:\/\/shop4trac.com\/pl\/wp-json\/wp\/v2\/media\/112229"}],"wp:attachment":[{"href":"https:\/\/shop4trac.com\/pl\/wp-json\/wp\/v2\/media?parent=113632"}],"wp:term":[{"taxonomy":"product_cat","embeddable":true,"href":"https:\/\/shop4trac.com\/pl\/wp-json\/wp\/v2\/product_cat?post=113632"},{"taxonomy":"product_tag","embeddable":true,"href":"https:\/\/shop4trac.com\/pl\/wp-json\/wp\/v2\/product_tag?post=113632"}],"curies":[{"name":"wp","href":"https:\/\/api.w.org\/{rel}","templated":true}]}}