{"id":113279,"date":"2020-07-06T17:10:26","date_gmt":"2020-07-06T16:10:26","guid":{"rendered":"https:\/\/shop4trac.com\/bez-kategorii\/frez-typ-6\/"},"modified":"2025-08-01T18:16:59","modified_gmt":"2025-08-01T16:16:59","slug":"frez-typ-6","status":"publish","type":"product","link":"https:\/\/shop4trac.com\/pl\/podwozie\/noze-frezujace\/frez-typ-6\/","title":{"rendered":"N\u00f3\u017c glebogryzarki \u2013 Typ 6"},"content":{"rendered":"<p>N\u00f3\u017c glebogryzarki odpowiedni do glebogryzarek do japo\u0144skich (mini) traktor\u00f3w<\/p>\n<p> Marki: Iseki, Kubota, Mitsubishi, Hinomoto, Noda, Satoh, Shibaura, Suzue, Yanmar<\/p>\n<p> Wymiary:<\/p>\n<p> D\u0142ugo\u015b\u0107: 205 mm<br \/>\n \u015brednica: 11mm<br \/>\n grubo\u015b\u0107 materia\u0142u: 7mm<br \/>\n Podrobiony<\/p>\n","protected":false},"excerpt":{"rendered":"<p>N\u00f3\u017c glebogryzarki odpowiedni do glebogryzarek do japo\u0144skich (mini) traktor\u00f3w Marki: Iseki, Kubota, Mitsubishi, Hinomoto, Noda, Satoh, Shibaura, Suzue, Yanmar Wymiary: D\u0142ugo\u015b\u0107: 205 mm \u015brednica: 11mm grubo\u015b\u0107 materia\u0142u: 7mm Podrobiony<\/p>\n","protected":false},"featured_media":113280,"comment_status":"open","ping_status":"open","template":"","meta":[],"product_cat":[20863],"product_tag":[19287],"class_list":{"0":"post-113279","1":"product","2":"type-product","3":"status-publish","4":"has-post-thumbnail","6":"product_cat-noze-frezujace","7":"product_tag-snelparts-pl","8":"pa_merk-hinomoto-pl","9":"pa_merk-iseki-pl","10":"pa_merk-kubota-pl","11":"pa_merk-mitsubishi-pl","12":"pa_merk-satoh-pl","13":"pa_merk-shibaura-pl","14":"pa_merk-suzue-pl","15":"pa_merk-yanmar-pl","17":"first","18":"outofstock","19":"taxable","20":"shipping-taxable","21":"purchasable","22":"product-type-simple","23":"col-xs-6 col-sm-4","24":"col-md-3 col-lg-3","25":"un-4-cols"},"_links":{"self":[{"href":"https:\/\/shop4trac.com\/pl\/wp-json\/wp\/v2\/product\/113279","targetHints":{"allow":["GET"]}}],"collection":[{"href":"https:\/\/shop4trac.com\/pl\/wp-json\/wp\/v2\/product"}],"about":[{"href":"https:\/\/shop4trac.com\/pl\/wp-json\/wp\/v2\/types\/product"}],"replies":[{"embeddable":true,"href":"https:\/\/shop4trac.com\/pl\/wp-json\/wp\/v2\/comments?post=113279"}],"wp:featuredmedia":[{"embeddable":true,"href":"https:\/\/shop4trac.com\/pl\/wp-json\/wp\/v2\/media\/113280"}],"wp:attachment":[{"href":"https:\/\/shop4trac.com\/pl\/wp-json\/wp\/v2\/media?parent=113279"}],"wp:term":[{"taxonomy":"product_cat","embeddable":true,"href":"https:\/\/shop4trac.com\/pl\/wp-json\/wp\/v2\/product_cat?post=113279"},{"taxonomy":"product_tag","embeddable":true,"href":"https:\/\/shop4trac.com\/pl\/wp-json\/wp\/v2\/product_tag?post=113279"}],"curies":[{"name":"wp","href":"https:\/\/api.w.org\/{rel}","templated":true}]}}