{"id":113101,"date":"2020-02-29T16:48:14","date_gmt":"2020-02-29T15:48:14","guid":{"rendered":"https:\/\/shop4trac.com\/bez-kategorii\/lozyska-glowne-lozyska-osiowe-kubota-b6000-silnik-zl600\/"},"modified":"2025-08-01T18:27:23","modified_gmt":"2025-08-01T16:27:23","slug":"lozyska-glowne-lozyska-osiowe-kubota-b6000-silnik-zl600","status":"publish","type":"product","link":"https:\/\/shop4trac.com\/pl\/czesci-silnika\/glowne-lozyska\/lozyska-glowne-lozyska-osiowe-kubota-b6000-silnik-zl600\/","title":{"rendered":"\u0141o\u017cyska g\u0142\u00f3wne \u0141o\u017cyska osiowe Kubota B6000 | Silnik ZL600"},"content":{"rendered":"<p>\u0141o\u017cysko g\u0142\u00f3wne odpowiednie do:<\/p>\n<p><strong>  Kubota<\/strong><\/p>\n<ul>\n<li>B6000.<\/li>\n<\/ul>\n<p>Dost\u0119pny w rozmiarze standardowym.<\/p>\n<p>Cena dotyczy cylindra!<\/p>\n<p><strong>Silnik  <\/strong><\/p>\n<ul>\n<li>600 z\u0142<\/li>\n<\/ul>\n<p><strong>OEM w celach informacyjnych<\/strong><\/p>\n<ul>\n<li>15231-23460<\/li>\n<\/ul>\n","protected":false},"excerpt":{"rendered":"<p>\u0141o\u017cysko g\u0142\u00f3wne odpowiednie do: Kubota B6000. Dost\u0119pny w rozmiarze standardowym. Cena dotyczy cylindra! Silnik 600 z\u0142 OEM w celach informacyjnych 15231-23460<\/p>\n","protected":false},"featured_media":113102,"comment_status":"open","ping_status":"open","template":"","meta":[],"product_cat":[19800],"product_tag":[19383,19287],"class_list":{"0":"post-113101","1":"product","2":"type-product","3":"status-publish","4":"has-post-thumbnail","6":"product_cat-glowne-lozyska","7":"product_tag-600-zl","8":"product_tag-snelparts-pl","9":"pa_merk-kubota-pl","10":"pa_merk-zen-noh-pl","11":"pa_motor-600-zl","13":"first","14":"instock","15":"taxable","16":"shipping-taxable","17":"purchasable","18":"product-type-simple","19":"col-xs-6 col-sm-4","20":"col-md-3 col-lg-3","21":"un-4-cols"},"_links":{"self":[{"href":"https:\/\/shop4trac.com\/pl\/wp-json\/wp\/v2\/product\/113101","targetHints":{"allow":["GET"]}}],"collection":[{"href":"https:\/\/shop4trac.com\/pl\/wp-json\/wp\/v2\/product"}],"about":[{"href":"https:\/\/shop4trac.com\/pl\/wp-json\/wp\/v2\/types\/product"}],"replies":[{"embeddable":true,"href":"https:\/\/shop4trac.com\/pl\/wp-json\/wp\/v2\/comments?post=113101"}],"wp:featuredmedia":[{"embeddable":true,"href":"https:\/\/shop4trac.com\/pl\/wp-json\/wp\/v2\/media\/113102"}],"wp:attachment":[{"href":"https:\/\/shop4trac.com\/pl\/wp-json\/wp\/v2\/media?parent=113101"}],"wp:term":[{"taxonomy":"product_cat","embeddable":true,"href":"https:\/\/shop4trac.com\/pl\/wp-json\/wp\/v2\/product_cat?post=113101"},{"taxonomy":"product_tag","embeddable":true,"href":"https:\/\/shop4trac.com\/pl\/wp-json\/wp\/v2\/product_tag?post=113101"}],"curies":[{"name":"wp","href":"https:\/\/api.w.org\/{rel}","templated":true}]}}