{"id":113051,"date":"2020-04-27T11:58:38","date_gmt":"2024-05-28T16:44:27","guid":{"rendered":"https:\/\/shop4trac.com\/bez-kategorii\/lozysko-korbowodu-panewka-lozyska-mitsubishi-l3c-l3e-l2e\/"},"modified":"2025-08-01T18:22:31","modified_gmt":"2025-08-01T16:22:31","slug":"lozysko-korbowodu-panewka-lozyska-mitsubishi-l3c-l3e-l2e","status":"publish","type":"product","link":"https:\/\/shop4trac.com\/pl\/czesci-silnika\/lozyska-korbowodu\/lozysko-korbowodu-panewka-lozyska-mitsubishi-l3c-l3e-l2e\/","title":{"rendered":"\u0141o\u017cysko korbowodu \/ panewka \u0142o\u017cyska Mitsubishi L3C, L3E, L2E"},"content":{"rendered":"<p>\u0141o\u017cysko korbowodu | panewka \u0142o\u017cyska odpowiednia dla:<\/p>\n<p><strong>Mitsubishi<\/strong><\/p>\n<ul>\n<li>MT14, MT15, MT16, MT17, MT165<\/li>\n<li>MTX15<\/li>\n<\/ul>\n<p><strong>Iseki<\/strong><\/p>\n<ul>\n<li>TU125F, TU135F<\/li>\n<\/ul>\n<p><strong>Sol\u00e9 Diesel<\/strong><\/p>\n<p><strong>Silniki<\/strong><\/p>\n<ul>\n<li>L3C, L3E, L2E<\/li>\n<\/ul>\n<p><strong>OEM w celach informacyjnych<\/strong><\/p>\n<ul>\n<li>MM438806 STD, MM438807 +0,25<\/li>\n<li>\n<p class=\"p1\">13822014 STD, 13822015 +0,5, 13822016 +0,5<\/p>\n<\/li>\n<\/ul>\n<p><span style=\"text-decoration: underline\"><strong>Prosz\u0119 zwr\u00f3ci\u0107 uwag\u0119 na cen\u0119 za korbow\u00f3d.<\/strong><\/span><\/p>\n<p><span style=\"text-decoration: underline\"><strong>Zam\u00f3w ilo\u015b\u0107 potrzebn\u0105 do Twojego motocykla.<\/strong><\/span><\/p>\n<p>&nbsp;<\/p>\n","protected":false},"excerpt":{"rendered":"<p>\u0141o\u017cysko korbowodu | panewka \u0142o\u017cyska odpowiednia dla: Mitsubishi MT14, MT15, MT16, MT17, MT165 MTX15 Iseki TU125F, TU135F Sol\u00e9 Diesel Silniki L3C, L3E, L2E OEM w celach informacyjnych MM438806 STD, MM438807 +0,25 13822014 STD, 13822015 +0,5, 13822016 +0,5 Prosz\u0119 zwr\u00f3ci\u0107 uwag\u0119 na cen\u0119 za korbow\u00f3d. Zam\u00f3w ilo\u015b\u0107 potrzebn\u0105 do Twojego motocykla. &nbsp;<\/p>\n","protected":false},"featured_media":111112,"comment_status":"open","ping_status":"open","template":"","meta":[],"product_cat":[19796],"product_tag":[19287],"class_list":{"0":"post-113051","1":"product","2":"type-product","3":"status-publish","4":"has-post-thumbnail","6":"product_cat-lozyska-korbowodu","7":"product_tag-snelparts-pl","8":"pa_merk-iseki-pl","9":"pa_merk-mitsubishi-pl","10":"pa_motor-l2e-pl","11":"pa_motor-l3c-pl","12":"pa_motor-l3e-pl","13":"pa_motor-l3e2-pl-2","15":"first","16":"instock","17":"taxable","18":"shipping-taxable","19":"purchasable","20":"product-type-variable","21":"has-default-attributes","22":"col-xs-6 col-sm-4","23":"col-md-3 col-lg-3","24":"un-4-cols"},"_links":{"self":[{"href":"https:\/\/shop4trac.com\/pl\/wp-json\/wp\/v2\/product\/113051","targetHints":{"allow":["GET"]}}],"collection":[{"href":"https:\/\/shop4trac.com\/pl\/wp-json\/wp\/v2\/product"}],"about":[{"href":"https:\/\/shop4trac.com\/pl\/wp-json\/wp\/v2\/types\/product"}],"replies":[{"embeddable":true,"href":"https:\/\/shop4trac.com\/pl\/wp-json\/wp\/v2\/comments?post=113051"}],"wp:featuredmedia":[{"embeddable":true,"href":"https:\/\/shop4trac.com\/pl\/wp-json\/wp\/v2\/media\/111112"}],"wp:attachment":[{"href":"https:\/\/shop4trac.com\/pl\/wp-json\/wp\/v2\/media?parent=113051"}],"wp:term":[{"taxonomy":"product_cat","embeddable":true,"href":"https:\/\/shop4trac.com\/pl\/wp-json\/wp\/v2\/product_cat?post=113051"},{"taxonomy":"product_tag","embeddable":true,"href":"https:\/\/shop4trac.com\/pl\/wp-json\/wp\/v2\/product_tag?post=113051"}],"curies":[{"name":"wp","href":"https:\/\/api.w.org\/{rel}","templated":true}]}}