{"id":113014,"date":"2020-02-29T16:48:05","date_gmt":"2020-02-29T15:48:05","guid":{"rendered":"https:\/\/shop4trac.com\/bez-kategorii\/zestaw-filtrow-kubota-x20-x24-saturn\/"},"modified":"2025-12-27T15:36:42","modified_gmt":"2025-12-27T14:36:42","slug":"zestaw-filtrow-kubota-x20-x24-saturn","status":"publish","type":"product","link":"https:\/\/shop4trac.com\/pl\/filtry\/zestawy-filtrow\/zestaw-filtrow-kubota-x20-x24-saturn\/","title":{"rendered":"Zestaw filtr\u00f3w Kubota X20 | X24 Saturn"},"content":{"rendered":"<h4><b>\u2705 Zestaw konserwacyjny do Kubota X Saturn \u2013 X20  X24<\/b><\/h4>\n<p class=\"p3\"><b>Kompletny pakiet na 500 godzin pracy \u2013 bezproblemowa konserwacja!<\/b><b><\/b><\/p>\n<p><strong>Bardzo wa\u017cne! Ten zestaw zawiera korek spustowy oleju z miedzian\u0105 uszczelk\u0105. Cz\u0119sto zapomina si\u0119 o uszczelce korka miski olejowej, co prowadzi do wycieku oleju. Nale\u017cy j\u0105 zawsze wymienia\u0107!   <\/strong><\/p>\n<p class=\"p4\">Ten zestaw zosta\u0142 specjalnie opracowany dla ci\u0105gnik\u00f3w <span class=\"s2\"><b>Kubota Saturn X20<\/b><\/span> i <span class=\"s2\"><b>X24<\/b><\/span>. Z tymi wysokiej jako\u015bci filtrami silnik b\u0119dzie dzia\u0142a\u0142 tak jak powinien. Nie musisz szuka\u0107 pojedynczych cz\u0119\u015bci \u2013 wszystko za\u0142atwione za jednym razem.  <\/p>\n<hr>\n<h5><b>Zawarto\u015b\u0107 zestawu:<\/b><\/h5>\n<p class=\"p3\"><span class=\"s3\">\u2714\ufe0f <\/span><b>Filtr oleju<\/b><b><\/b><\/p>\n<p class=\"p3\"><span class=\"s3\">\u2714\ufe0f <\/span><b>Filtr paliwa<\/b><b><\/b><\/p>\n<ul>\n<li class=\"p1\">\u015arednica zewn\u0119trzna: <span class=\"s1\"><b>35 mm<\/b><b><\/b><\/span><\/li>\n<li class=\"p1\">\u015arednica wewn\u0119trzna: <span class=\"s1\"><b>11,2 mm<\/b><b><\/b><\/span><\/li>\n<li class=\"p1\">D\u0142ugo\u015b\u0107: <span class=\"s1\"><b>90 mm<\/b><\/span><\/li>\n<\/ul>\n<p class=\"p3\"><span class=\"s3\">\u2714\ufe0f <\/span><b>Filtr powietrza<\/b><b><\/b><\/p>\n<ul>\n<li class=\"p1\">\u015arednica zewn\u0119trzna: <span class=\"s1\"><b>102 mm<\/b><b><\/b><\/span><\/li>\n<li class=\"p1\">\u015arednica wewn\u0119trzna: <span class=\"s1\"><b>66 mm<\/b><b><\/b><\/span><\/li>\n<li class=\"p1\">\u015arednica metalowego przy\u0142\u0105cza: <span class=\"s1\"><b>146 mm<\/b><b><\/b><\/span><\/li>\n<li class=\"p1\">D\u0142ugo\u015b\u0107: <span class=\"s1\"><b>260 mm<\/b><\/span><\/li>\n<\/ul>\n<p><strong>Kubota<\/strong><\/p>\n<ul>\n<li>X20, X24<\/li>\n<li>Saturn 20, Saturn 24<\/li>\n<\/ul>\n","protected":false},"excerpt":{"rendered":"<p>\u2705 Zestaw konserwacyjny do Kubota X Saturn \u2013 X20 X24 Kompletny pakiet na 500 godzin pracy \u2013 bezproblemowa konserwacja! Bardzo wa\u017cne! Ten zestaw zawiera korek spustowy oleju z miedzian\u0105 uszczelk\u0105. Cz\u0119sto zapomina si\u0119 o uszczelce korka miski olejowej, co prowadzi do wycieku oleju. Nale\u017cy j\u0105 zawsze wymienia\u0107! Ten zestaw zosta\u0142 specjalnie opracowany dla ci\u0105gnik\u00f3w Kubota&hellip;<\/p>\n","protected":false},"featured_media":183138,"comment_status":"open","ping_status":"closed","template":"","meta":[],"product_cat":[19624],"product_tag":[19287],"class_list":{"0":"post-113014","1":"product","2":"type-product","3":"status-publish","4":"has-post-thumbnail","6":"product_cat-zestawy-filtrow","7":"product_tag-snelparts-pl","8":"pa_merk-kubota-pl","10":"first","11":"instock","12":"sale","13":"taxable","14":"shipping-taxable","15":"purchasable","16":"product-type-simple","17":"col-xs-6 col-sm-4","18":"col-md-3 col-lg-3","19":"un-4-cols"},"_links":{"self":[{"href":"https:\/\/shop4trac.com\/pl\/wp-json\/wp\/v2\/product\/113014","targetHints":{"allow":["GET"]}}],"collection":[{"href":"https:\/\/shop4trac.com\/pl\/wp-json\/wp\/v2\/product"}],"about":[{"href":"https:\/\/shop4trac.com\/pl\/wp-json\/wp\/v2\/types\/product"}],"replies":[{"embeddable":true,"href":"https:\/\/shop4trac.com\/pl\/wp-json\/wp\/v2\/comments?post=113014"}],"wp:featuredmedia":[{"embeddable":true,"href":"https:\/\/shop4trac.com\/pl\/wp-json\/wp\/v2\/media\/183138"}],"wp:attachment":[{"href":"https:\/\/shop4trac.com\/pl\/wp-json\/wp\/v2\/media?parent=113014"}],"wp:term":[{"taxonomy":"product_cat","embeddable":true,"href":"https:\/\/shop4trac.com\/pl\/wp-json\/wp\/v2\/product_cat?post=113014"},{"taxonomy":"product_tag","embeddable":true,"href":"https:\/\/shop4trac.com\/pl\/wp-json\/wp\/v2\/product_tag?post=113014"}],"curies":[{"name":"wp","href":"https:\/\/api.w.org\/{rel}","templated":true}]}}