{"id":113003,"date":"2020-02-29T16:48:06","date_gmt":"2020-02-29T15:48:06","guid":{"rendered":"https:\/\/shop4trac.com\/bez-kategorii\/zestaw-filtrow-mitsubishi-mt14-mt16-mt17-mt18-mt20\/"},"modified":"2026-03-23T16:39:57","modified_gmt":"2026-03-23T15:39:57","slug":"zestaw-filtrow-mitsubishi-mt14-mt16-mt17-mt18-mt20","status":"publish","type":"product","link":"https:\/\/shop4trac.com\/pl\/filtry\/zestawy-filtrow\/zestaw-filtrow-mitsubishi-mt14-mt16-mt17-mt18-mt20\/","title":{"rendered":"Zestaw filtr\u00f3w Mitsubishi MT14 | MT16 | MT17 | MT18 | MT20"},"content":{"rendered":"<p>Zestaw serwisowy do Mitsubishi MT.<\/p>\n<p><span style=\"text-decoration: underline;\"><strong>Bardzo wa\u017cne! Ten zestaw zawiera korek miski olejowej. Cz\u0119sto zapomina si\u0119 o korku miski olejowej, co prowadzi do wycieku oleju. Zawsze nale\u017cy go wymieni\u0107!   <\/strong><\/span><\/p>\n<p class=\"p3\"><span class=\"s2\">\u2714\ufe0f <\/span><b>Filtr oleju<\/b><b><\/b><\/p>\n<p class=\"p4\"><i>(specyfikacje zale\u017cne od modelu \u2013 pasuje do serii MT!)<\/i><i><\/i><\/p>\n<p class=\"p3\"><span class=\"s2\">\u2714\ufe0f <\/span><b>Filtr paliwa<\/b><b><\/b><\/p>\n<ul>\n<li class=\"p1\">\u015arednica zewn\u0119trzna: <span class=\"s1\"><b>29 mm<\/b><b><\/b><\/span><\/li>\n<li class=\"p1\">\u015arednica wewn\u0119trzna: <span class=\"s1\"><b>13 mm<\/b><b><\/b><\/span><\/li>\n<li class=\"p1\">D\u0142ugo\u015b\u0107: <span class=\"s1\"><b>58 mm<\/b><\/span><\/li>\n<\/ul>\n<p class=\"p3\"><span class=\"s2\">\u2714\ufe0f <\/span><b>Filtr powietrza<\/b><b><\/b><\/p>\n<ul>\n<li class=\"p1\">D\u0142ugo\u015b\u0107: <span class=\"s1\"><b>185 mm<\/b><b><\/b><\/span><\/li>\n<li class=\"p1\">(ok. <span class=\"s1\"><b>7,25 cala<\/b><\/span> d\u0142ugo\u015bci)<\/li>\n<\/ul>\n<p><span class=\"s2\">\u2714\ufe0f <\/span><b>Korek miski olejowej<\/b><\/p>\n<ul>\n<li>Miedziana uszczelka, zapobiegaj\u0105ca wyciekowi oleju<\/li>\n<\/ul>\n<p><strong>Mitsubishi<\/strong><\/p>\n<ul>\n<li>MT14, MT16, MT17, MT18, MT20<\/li>\n<li>MT14D, MT16D, MT17D, MT18D, MT20D<\/li>\n<\/ul>\n","protected":false},"excerpt":{"rendered":"<p>Zestaw serwisowy do Mitsubishi MT. Bardzo wa\u017cne! Ten zestaw zawiera korek miski olejowej. Cz\u0119sto zapomina si\u0119 o korku miski olejowej, co prowadzi do wycieku oleju. Zawsze nale\u017cy go wymieni\u0107! \u2714\ufe0f Filtr oleju (specyfikacje zale\u017cne od modelu \u2013 pasuje do serii MT!) \u2714\ufe0f Filtr paliwa \u015arednica zewn\u0119trzna: 29 mm \u015arednica wewn\u0119trzna: 13 mm D\u0142ugo\u015b\u0107: 58 mm&hellip;<\/p>\n","protected":false},"featured_media":181941,"comment_status":"open","ping_status":"closed","template":"","meta":[],"product_cat":[19624],"product_tag":[19287],"class_list":{"0":"post-113003","1":"product","2":"type-product","3":"status-publish","4":"has-post-thumbnail","6":"product_cat-zestawy-filtrow","7":"product_tag-snelparts-pl","8":"pa_merk-kumiai-pl","9":"pa_merk-mitsubishi-pl","11":"first","12":"instock","13":"sale","14":"taxable","15":"shipping-taxable","16":"purchasable","17":"product-type-simple","18":"col-xs-6 col-sm-4","19":"col-md-3 col-lg-3","20":"un-4-cols"},"_links":{"self":[{"href":"https:\/\/shop4trac.com\/pl\/wp-json\/wp\/v2\/product\/113003","targetHints":{"allow":["GET"]}}],"collection":[{"href":"https:\/\/shop4trac.com\/pl\/wp-json\/wp\/v2\/product"}],"about":[{"href":"https:\/\/shop4trac.com\/pl\/wp-json\/wp\/v2\/types\/product"}],"replies":[{"embeddable":true,"href":"https:\/\/shop4trac.com\/pl\/wp-json\/wp\/v2\/comments?post=113003"}],"wp:featuredmedia":[{"embeddable":true,"href":"https:\/\/shop4trac.com\/pl\/wp-json\/wp\/v2\/media\/181941"}],"wp:attachment":[{"href":"https:\/\/shop4trac.com\/pl\/wp-json\/wp\/v2\/media?parent=113003"}],"wp:term":[{"taxonomy":"product_cat","embeddable":true,"href":"https:\/\/shop4trac.com\/pl\/wp-json\/wp\/v2\/product_cat?post=113003"},{"taxonomy":"product_tag","embeddable":true,"href":"https:\/\/shop4trac.com\/pl\/wp-json\/wp\/v2\/product_tag?post=113003"}],"curies":[{"name":"wp","href":"https:\/\/api.w.org\/{rel}","templated":true}]}}