{"id":112836,"date":"2020-02-29T16:48:05","date_gmt":"2020-02-29T15:48:05","guid":{"rendered":"https:\/\/shop4trac.com\/bez-kategorii\/zestaw-filtrow-mitsubishi-d1100-d1300-d1500-d1350-d1450-d1550\/"},"modified":"2026-01-23T09:07:46","modified_gmt":"2026-01-23T08:07:46","slug":"zestaw-filtrow-mitsubishi-d1100-d1300-d1500-d1350-d1450-d1550","status":"publish","type":"product","link":"https:\/\/shop4trac.com\/pl\/filtry\/zestawy-filtrow\/zestaw-filtrow-mitsubishi-d1100-d1300-d1500-d1350-d1450-d1550\/","title":{"rendered":"Zestaw filtr\u00f3w Mitsubishi D1100 | D1300 | D1500 | D1350 | D1450 | D1550"},"content":{"rendered":"<p>Zestaw filtr\u00f3w | Zestaw konserwacyjny do ci\u0105gnik\u00f3w Mitsubishi serii D<br \/>\nKompaktowy zestaw konserwacyjny z niezb\u0119dnymi filtrami do Twojego minitraktora Mitsubishi. Idealny do okresowych przegl\u0105d\u00f3w i utrzymania niezawodno\u015bci silnika. <\/p>\n<p><span style=\"text-decoration: underline;\"><strong>Bardzo wa\u017cne! Ten zestaw zawiera korek spustowy oleju z miedzian\u0105 uszczelk\u0105. Cz\u0119sto zapomina si\u0119 o uszczelce korka miski olejowej, co prowadzi do wycieku oleju. Nale\u017cy j\u0105 zawsze wymienia\u0107!   <\/strong><\/span><\/p>\n<p>Zawarto\u015b\u0107 zestawu:<\/p>\n<ul>\n<li>Filtr oleju<\/li>\n<li>Filtr paliwa<\/li>\n<li>Filtr powietrza<\/li>\n<\/ul>\n<p><strong>Mitsubishi<\/strong><\/p>\n<ul>\n<li>D1100, D1300, D1350, D1450, D1500, D1550<\/li>\n<\/ul>\n","protected":false},"excerpt":{"rendered":"<p>Zestaw filtr\u00f3w | Zestaw konserwacyjny do ci\u0105gnik\u00f3w Mitsubishi serii D Kompaktowy zestaw konserwacyjny z niezb\u0119dnymi filtrami do Twojego minitraktora Mitsubishi. Idealny do okresowych przegl\u0105d\u00f3w i utrzymania niezawodno\u015bci silnika. Bardzo wa\u017cne! Ten zestaw zawiera korek spustowy oleju z miedzian\u0105 uszczelk\u0105. Cz\u0119sto zapomina si\u0119 o uszczelce korka miski olejowej, co prowadzi do wycieku oleju. Nale\u017cy j\u0105 zawsze&hellip;<\/p>\n","protected":false},"featured_media":181956,"comment_status":"open","ping_status":"closed","template":"","meta":[],"product_cat":[19624],"product_tag":[19389,19287],"class_list":{"0":"post-112836","1":"product","2":"type-product","3":"status-publish","4":"has-post-thumbnail","6":"product_cat-zestawy-filtrow","7":"product_tag-d1100-pl","8":"product_tag-snelparts-pl","9":"pa_merk-kumiai-pl","10":"pa_merk-mitsubishi-pl","11":"pa_motor-d1100-pl","13":"first","14":"instock","15":"sale","16":"taxable","17":"shipping-taxable","18":"purchasable","19":"product-type-simple","20":"col-xs-6 col-sm-4","21":"col-md-3 col-lg-3","22":"un-4-cols"},"_links":{"self":[{"href":"https:\/\/shop4trac.com\/pl\/wp-json\/wp\/v2\/product\/112836","targetHints":{"allow":["GET"]}}],"collection":[{"href":"https:\/\/shop4trac.com\/pl\/wp-json\/wp\/v2\/product"}],"about":[{"href":"https:\/\/shop4trac.com\/pl\/wp-json\/wp\/v2\/types\/product"}],"replies":[{"embeddable":true,"href":"https:\/\/shop4trac.com\/pl\/wp-json\/wp\/v2\/comments?post=112836"}],"wp:featuredmedia":[{"embeddable":true,"href":"https:\/\/shop4trac.com\/pl\/wp-json\/wp\/v2\/media\/181956"}],"wp:attachment":[{"href":"https:\/\/shop4trac.com\/pl\/wp-json\/wp\/v2\/media?parent=112836"}],"wp:term":[{"taxonomy":"product_cat","embeddable":true,"href":"https:\/\/shop4trac.com\/pl\/wp-json\/wp\/v2\/product_cat?post=112836"},{"taxonomy":"product_tag","embeddable":true,"href":"https:\/\/shop4trac.com\/pl\/wp-json\/wp\/v2\/product_tag?post=112836"}],"curies":[{"name":"wp","href":"https:\/\/api.w.org\/{rel}","templated":true}]}}