{"id":112015,"date":"2020-02-29T16:46:27","date_gmt":"2020-02-29T15:46:27","guid":{"rendered":"https:\/\/shop4trac.com\/bez-kategorii\/waz-chlodnicy-kubota\/"},"modified":"2025-08-01T18:45:19","modified_gmt":"2025-08-01T16:45:19","slug":"waz-chlodnicy-kubota","status":"publish","type":"product","link":"https:\/\/shop4trac.com\/pl\/chlodzenie-i-grzejniki\/waz-chlodnicy\/waz-chlodnicy-kubota\/","title":{"rendered":"W\u0105\u017c ch\u0142odnicy Kubota | w\u0105\u017c powrotny termostatu"},"content":{"rendered":"<p>W\u0105\u017c ch\u0142odz\u0105cy mi\u0119dzy pomp\u0105 wodn\u0105 a silnikiem<\/p>\n<p>Kubota B1600, B1550, B1750, B40, B1702, B1-16, B1-17<\/p>\n<ul>\n<li>GL260, Gl280<\/li>\n<\/ul>\n<p>\u015arednica: 12\/12mm<\/p>\n<p><strong>Numer referencyjny OEM<\/strong><\/p>\n<ul>\n<li>15521-73340, 15521-7334-0<\/li>\n<\/ul>\n","protected":false},"excerpt":{"rendered":"<p>W\u0105\u017c ch\u0142odz\u0105cy mi\u0119dzy pomp\u0105 wodn\u0105 a silnikiem Kubota B1600, B1550, B1750, B40, B1702, B1-16, B1-17 GL260, Gl280 \u015arednica: 12\/12mm Numer referencyjny OEM 15521-73340, 15521-7334-0<\/p>\n","protected":false},"featured_media":112022,"comment_status":"open","ping_status":"open","template":"","meta":[],"product_cat":[19848],"product_tag":[19287],"class_list":{"0":"post-112015","1":"product","2":"type-product","3":"status-publish","4":"has-post-thumbnail","6":"product_cat-waz-chlodnicy","7":"product_tag-snelparts-pl","8":"pa_merk-kubota-pl","9":"pa_merk-zen-noh-pl","11":"first","12":"instock","13":"taxable","14":"shipping-taxable","15":"purchasable","16":"product-type-simple","17":"col-xs-6 col-sm-4","18":"col-md-3 col-lg-3","19":"un-4-cols"},"_links":{"self":[{"href":"https:\/\/shop4trac.com\/pl\/wp-json\/wp\/v2\/product\/112015","targetHints":{"allow":["GET"]}}],"collection":[{"href":"https:\/\/shop4trac.com\/pl\/wp-json\/wp\/v2\/product"}],"about":[{"href":"https:\/\/shop4trac.com\/pl\/wp-json\/wp\/v2\/types\/product"}],"replies":[{"embeddable":true,"href":"https:\/\/shop4trac.com\/pl\/wp-json\/wp\/v2\/comments?post=112015"}],"wp:featuredmedia":[{"embeddable":true,"href":"https:\/\/shop4trac.com\/pl\/wp-json\/wp\/v2\/media\/112022"}],"wp:attachment":[{"href":"https:\/\/shop4trac.com\/pl\/wp-json\/wp\/v2\/media?parent=112015"}],"wp:term":[{"taxonomy":"product_cat","embeddable":true,"href":"https:\/\/shop4trac.com\/pl\/wp-json\/wp\/v2\/product_cat?post=112015"},{"taxonomy":"product_tag","embeddable":true,"href":"https:\/\/shop4trac.com\/pl\/wp-json\/wp\/v2\/product_tag?post=112015"}],"curies":[{"name":"wp","href":"https:\/\/api.w.org\/{rel}","templated":true}]}}