{"id":111883,"date":"2020-02-29T16:46:01","date_gmt":"2020-02-29T15:46:01","guid":{"rendered":"https:\/\/shop4trac.com\/bez-kategorii\/chlodnica-iseki-tx1210-tx1300-tx1500-bolens-g152-g172-g174\/"},"modified":"2025-12-11T11:50:50","modified_gmt":"2025-12-11T09:50:50","slug":"chlodnica-iseki-tx1210-tx1300-tx1500-bolens-g152-g172-g174","status":"publish","type":"product","link":"https:\/\/shop4trac.com\/pl\/chlodzenie-i-grzejniki\/grzejniki\/chlodnica-iseki-tx1210-tx1300-tx1500-bolens-g152-g172-g174\/","title":{"rendered":"Ch\u0142odnica Iseki TX1210 | TX1300 | TX1500 | Bolens G152 \u2013 G172 | G174"},"content":{"rendered":"<p>Pasuje do nast\u0119puj\u0105cych modeli:<\/p>\n<p><strong>Iseki:<\/strong><\/p>\n<ul>\n<li>TX1210, TX1300, TX1500<\/li>\n<li>TX1210F, TX1300F, TX1500F<\/li>\n<\/ul>\n<p><strong>Bolens<\/strong><\/p>\n<ul>\n<li>G152, G154, G172, G174 \u2013  <span style=\"text-decoration: underline\">Kompatybilny z 2 cylindrami! Uwaga: tylko dla 2 cylindr\u00f3w. <\/span><\/li>\n<\/ul>\n<p><strong>Silnik<\/strong><\/p>\n<ul>\n<li>KE70, KE75<\/li>\n<\/ul>\n<p><strong>OEM w celach informacyjnych<\/strong><\/p>\n<ul>\n<li>1427-101-2000-0, 142710120000<\/li>\n<\/ul>\n<p>&nbsp;<\/p>\n<p>\u2705 \u0142\u0105cznie z w\u0119\u017cem przelewowym<\/p>\n","protected":false},"excerpt":{"rendered":"<p>\u2705 \u0142\u0105cznie z w\u0119\u017cem przelewowym<\/p>\n","protected":false},"featured_media":111890,"comment_status":"open","ping_status":"closed","template":"","meta":[],"product_cat":[19801],"product_tag":[19287],"class_list":{"0":"post-111883","1":"product","2":"type-product","3":"status-publish","4":"has-post-thumbnail","6":"product_cat-grzejniki","7":"product_tag-snelparts-pl","8":"pa_merk-bolens-pl","9":"pa_merk-iseki-pl","10":"pa_model-tx1300-pl","11":"pa_model-tx1500-pl","13":"first","14":"instock","15":"taxable","16":"shipping-taxable","17":"purchasable","18":"product-type-simple","19":"col-xs-6 col-sm-4","20":"col-md-3 col-lg-3","21":"un-4-cols"},"_links":{"self":[{"href":"https:\/\/shop4trac.com\/pl\/wp-json\/wp\/v2\/product\/111883","targetHints":{"allow":["GET"]}}],"collection":[{"href":"https:\/\/shop4trac.com\/pl\/wp-json\/wp\/v2\/product"}],"about":[{"href":"https:\/\/shop4trac.com\/pl\/wp-json\/wp\/v2\/types\/product"}],"replies":[{"embeddable":true,"href":"https:\/\/shop4trac.com\/pl\/wp-json\/wp\/v2\/comments?post=111883"}],"wp:featuredmedia":[{"embeddable":true,"href":"https:\/\/shop4trac.com\/pl\/wp-json\/wp\/v2\/media\/111890"}],"wp:attachment":[{"href":"https:\/\/shop4trac.com\/pl\/wp-json\/wp\/v2\/media?parent=111883"}],"wp:term":[{"taxonomy":"product_cat","embeddable":true,"href":"https:\/\/shop4trac.com\/pl\/wp-json\/wp\/v2\/product_cat?post=111883"},{"taxonomy":"product_tag","embeddable":true,"href":"https:\/\/shop4trac.com\/pl\/wp-json\/wp\/v2\/product_tag?post=111883"}],"curies":[{"name":"wp","href":"https:\/\/api.w.org\/{rel}","templated":true}]}}