{"id":111811,"date":"2020-02-29T16:46:17","date_gmt":"2020-02-29T15:46:17","guid":{"rendered":"https:\/\/shop4trac.com\/bez-kategorii\/zestaw-filtrow-iseki-tu-landhope\/"},"modified":"2026-04-01T21:31:15","modified_gmt":"2026-04-01T20:31:15","slug":"zestaw-filtrow-iseki-tu-landhope","status":"publish","type":"product","link":"https:\/\/shop4trac.com\/pl\/filtry\/zestawy-filtrow\/zestaw-filtrow-iseki-tu-landhope\/","title":{"rendered":"Zestaw filtr\u00f3w Iseki TU Landhope TU120 \u2013 TU177F | Landhope 120 \u2013 Landhope 177"},"content":{"rendered":"<h4><b>\u2705 Zestaw filtr\u00f3w | Zestaw serwisowy do <\/b><b>Iseki TU Landhope do 18 KM<\/b><\/h4>\n<p class=\"p3\"><b>Kompaktowa moc \u2013 precyzyjnie dobrane filtry do mniejszych modeli TU.<\/b><b><\/b><\/p>\n<p class=\"p4\">Ten zestaw serwisowy zosta\u0142 specjalnie skomponowany do ci\u0105gnik\u00f3w Iseki TU Landhope do 18 KM. Zawiera wszystko, co potrzebne do pe\u0142nego przegl\u0105du, wraz z dok\u0142adnymi specyfikacjami zapewniaj\u0105cymi idealne dopasowanie. <\/p>\n<p><strong>Bardzo wa\u017cne! Ten zestaw zawiera korek spustowy oleju z miedzian\u0105 uszczelk\u0105. Cz\u0119sto zapomina si\u0119 o uszczelce korka miski olejowej, co prowadzi do wycieku oleju. Nale\u017cy j\u0105 zawsze wymienia\u0107!   <\/strong><\/p>\n<h3><b>Zawarto\u015b\u0107 zestawu:<\/b><\/h3>\n<p class=\"p3\"><span class=\"s2\">\u2714\ufe0f <\/span><b>Filtr oleju<\/b><b><\/b><\/p>\n<ul>\n<li class=\"p1\">Gwint: <span class=\"s1\"><b>M20 x 1,5<\/b><b><\/b><\/span><\/li>\n<li class=\"p1\">\u015arednica: <span class=\"s1\"><b>80 mm<\/b><b><\/b><\/span><\/li>\n<li class=\"p1\">Wysoko\u015b\u0107: <span class=\"s1\"><b>80 mm<\/b><\/span><\/li>\n<\/ul>\n<p class=\"p3\"><span class=\"s2\">\u2714\ufe0f <\/span><b>Filtr paliwa<\/b><b><\/b><\/p>\n<ul>\n<li class=\"p1\">\u015arednica zewn\u0119trzna: <span class=\"s1\"><b>29 mm<\/b><b><\/b><\/span><\/li>\n<li class=\"p1\">\u015arednica wewn\u0119trzna: <span class=\"s1\"><b>13 mm<\/b><b><\/b><\/span><\/li>\n<li class=\"p1\">D\u0142ugo\u015b\u0107: <span class=\"s1\"><b>56 mm<\/b><\/span><\/li>\n<\/ul>\n<p class=\"p3\"><span class=\"s2\">\u2714\ufe0f <\/span><b>Filtr powietrza<\/b><b><\/b><\/p>\n<ul>\n<li class=\"p1\">\u015arednica zewn\u0119trzna: <span class=\"s1\"><b>83 mm<\/b><b><\/b><\/span><\/li>\n<li class=\"p1\">\u015arednica metalowej pokrywy: <span class=\"s1\"><b>125 mm<\/b><b><\/b><\/span><\/li>\n<li class=\"p1\">D\u0142ugo\u015b\u0107: <span class=\"s1\"><b>188 mm<\/b><\/span><\/li>\n<\/ul>\n<p><span class=\"s2\">\u2714\ufe0f <\/span><b>Korek miski olejowej<\/b><\/p>\n<ul>\n<li>Miedziana uszczelka, zapobiegaj\u0105ca wyciekowi oleju<\/li>\n<\/ul>\n<h3><b>\u2705 Nadaje si\u0119 do:<\/b><\/h3>\n<p><strong>Iseki<\/strong><\/p>\n<ul>\n<li>TU120, TU130, TU140, TU150, TU160, TU170, TU125, TU135, TU145, TU155, TU165, TU175, TU127, TU137, TU147, TU157, TU167, TU177<\/li>\n<\/ul>\n<p><strong>Numery OEM do por\u00f3wnania<\/strong><\/p>\n<ul>\n<li>5650-040-936-40 \u2013 filtr oleju<\/li>\n<li>MM409365 \u2013 filtr oleju<\/li>\n<li>1575-104-200-00, 1544-104-202-00, 1593-104-502-00 \u2013 Filtr powietrza<\/li>\n<li>5650-040-487-90, MM404879 \u2013 filtr paliwa<\/li>\n<\/ul>\n<p>&nbsp;<\/p>\n","protected":false},"excerpt":{"rendered":"<p>\u2705 Zestaw filtr\u00f3w | Zestaw serwisowy do Iseki TU Landhope do 18 KM Kompaktowa moc \u2013 precyzyjnie dobrane filtry do mniejszych modeli TU. Ten zestaw serwisowy zosta\u0142 specjalnie skomponowany do ci\u0105gnik\u00f3w Iseki TU Landhope do 18 KM. Zawiera wszystko, co potrzebne do pe\u0142nego przegl\u0105du, wraz z dok\u0142adnymi specyfikacjami zapewniaj\u0105cymi idealne dopasowanie. Bardzo wa\u017cne! Ten zestaw&hellip;<\/p>\n","protected":false},"featured_media":181979,"comment_status":"open","ping_status":"closed","template":"","meta":[],"product_cat":[19624],"product_tag":[19287],"class_list":{"0":"post-111811","1":"product","2":"type-product","3":"status-publish","4":"has-post-thumbnail","6":"product_cat-zestawy-filtrow","7":"product_tag-snelparts-pl","8":"pa_merk-iseki-pl","10":"first","11":"instock","12":"sale","13":"taxable","14":"shipping-taxable","15":"purchasable","16":"product-type-simple","17":"col-xs-6 col-sm-4","18":"col-md-3 col-lg-3","19":"un-4-cols"},"_links":{"self":[{"href":"https:\/\/shop4trac.com\/pl\/wp-json\/wp\/v2\/product\/111811","targetHints":{"allow":["GET"]}}],"collection":[{"href":"https:\/\/shop4trac.com\/pl\/wp-json\/wp\/v2\/product"}],"about":[{"href":"https:\/\/shop4trac.com\/pl\/wp-json\/wp\/v2\/types\/product"}],"replies":[{"embeddable":true,"href":"https:\/\/shop4trac.com\/pl\/wp-json\/wp\/v2\/comments?post=111811"}],"wp:featuredmedia":[{"embeddable":true,"href":"https:\/\/shop4trac.com\/pl\/wp-json\/wp\/v2\/media\/181979"}],"wp:attachment":[{"href":"https:\/\/shop4trac.com\/pl\/wp-json\/wp\/v2\/media?parent=111811"}],"wp:term":[{"taxonomy":"product_cat","embeddable":true,"href":"https:\/\/shop4trac.com\/pl\/wp-json\/wp\/v2\/product_cat?post=111811"},{"taxonomy":"product_tag","embeddable":true,"href":"https:\/\/shop4trac.com\/pl\/wp-json\/wp\/v2\/product_tag?post=111811"}],"curies":[{"name":"wp","href":"https:\/\/api.w.org\/{rel}","templated":true}]}}