{"id":111154,"date":"2020-02-29T16:46:17","date_gmt":"2020-02-29T15:46:17","guid":{"rendered":"https:\/\/shop4trac.com\/bez-kategorii\/zestaw-filtrow-iseki-tu1400f-tu1600f-tu1401-tu1601\/"},"modified":"2025-12-08T23:46:54","modified_gmt":"2025-12-08T21:46:54","slug":"zestaw-filtrow-iseki-tu1400f-tu1600f-tu1401-tu1601","status":"publish","type":"product","link":"https:\/\/shop4trac.com\/pl\/filtry\/zestawy-filtrow\/zestaw-filtrow-iseki-tu1400f-tu1600f-tu1401-tu1601\/","title":{"rendered":"Zestaw filtr\u00f3w Iseki TU1400F \u2013 TU1600F | TU1401 \u2013 TU1601"},"content":{"rendered":"<p>Zestaw konserwacyjny do Iseki<\/p>\n<p class=\"p3\"><b>Kompaktowa wydajno\u015b\u0107 \u2013 niezawodne filtry do Twojego Iseki.<\/b><b><\/b><\/p>\n<p class=\"p4\">Ten zestaw konserwacyjny zosta\u0142 starannie skompletowany do ci\u0105gnik\u00f3w Iseki serii TU. Idealny do regularnej konserwacji lub generalnego przegl\u0105du, z filtrami kt\u00f3re idealnie pasuj\u0105 do twojego japo\u0144skiego ci\u0105gnika. <\/p>\n<p><span style=\"text-decoration: underline;\"><strong>Bardzo wa\u017cne! Ten zestaw zawiera korek spustowy oleju z miedzian\u0105 uszczelk\u0105. Cz\u0119sto zapomina si\u0119 o uszczelce korka miski olejowej, co prowadzi do wycieku oleju. Nale\u017cy j\u0105 zawsze wymienia\u0107!   <\/strong><\/span><\/p>\n<p class=\"p3\"><span class=\"s2\">\u2714\ufe0f <\/span><b>Filtr oleju<\/b><b><\/b><\/p>\n<p class=\"p4\"><i>(specyfikacje zale\u017cne od modelu \u2013 pasuje do serii TU i TX)<\/i><i><\/i><\/p>\n<p class=\"p3\"><span class=\"s2\">\u2714\ufe0f <\/span><b>Filtr paliwa<\/b><b><\/b><\/p>\n<ul>\n<li class=\"p1\">\u015arednica zewn\u0119trzna: <span class=\"s1\"><b>29 mm<\/b><b><\/b><\/span><\/li>\n<li class=\"p1\">\u015arednica wewn\u0119trzna: <span class=\"s1\"><b>13 mm<\/b><b><\/b><\/span><\/li>\n<li class=\"p1\">D\u0142ugo\u015b\u0107: <span class=\"s1\"><b>58 mm<\/b><\/span><\/li>\n<\/ul>\n<p class=\"p3\"><span class=\"s2\">\u2714\ufe0f <\/span><b>Filtr powietrza<\/b><b><\/b><\/p>\n<ul>\n<li class=\"p1\">D\u0142ugo\u015b\u0107: <span class=\"s1\"><b>185 mm<\/b><b><\/b><\/span><\/li>\n<li class=\"p1\">(ok. <span class=\"s1\"><b>7,25 cala<\/b><\/span> d\u0142ugo\u015bci)<\/li>\n<\/ul>\n<p><span class=\"s2\">\u2714\ufe0f <\/span><b>Korek miski olejowej<\/b><\/p>\n<ul>\n<li>Miedziana uszczelka, zapobiegaj\u0105ca wyciekowi oleju<\/li>\n<\/ul>\n<p>Nadaje si\u0119 do nast\u0119puj\u0105cych typ\u00f3w:<\/p>\n<p><strong>Iseki<\/strong><\/p>\n<ul>\n<li>TU1400, TU1400F TU1500, TU1500F TU1600, TU1600F TU1401, TU1501, TU1601<\/li>\n<\/ul>\n","protected":false},"excerpt":{"rendered":"<p>Zestaw konserwacyjny do Iseki Kompaktowa wydajno\u015b\u0107 \u2013 niezawodne filtry do Twojego Iseki. Ten zestaw konserwacyjny zosta\u0142 starannie skompletowany do ci\u0105gnik\u00f3w Iseki serii TU. Idealny do regularnej konserwacji lub generalnego przegl\u0105du, z filtrami kt\u00f3re idealnie pasuj\u0105 do twojego japo\u0144skiego ci\u0105gnika. Bardzo wa\u017cne! Ten zestaw zawiera korek spustowy oleju z miedzian\u0105 uszczelk\u0105. Cz\u0119sto zapomina si\u0119 o uszczelce&hellip;<\/p>\n","protected":false},"featured_media":181941,"comment_status":"open","ping_status":"closed","template":"","meta":[],"product_cat":[19624],"product_tag":[19287],"class_list":{"0":"post-111154","1":"product","2":"type-product","3":"status-publish","4":"has-post-thumbnail","6":"product_cat-zestawy-filtrow","7":"product_tag-snelparts-pl","8":"pa_merk-iseki-pl","10":"first","11":"instock","12":"sale","13":"taxable","14":"shipping-taxable","15":"purchasable","16":"product-type-simple","17":"col-xs-6 col-sm-4","18":"col-md-3 col-lg-3","19":"un-4-cols"},"_links":{"self":[{"href":"https:\/\/shop4trac.com\/pl\/wp-json\/wp\/v2\/product\/111154","targetHints":{"allow":["GET"]}}],"collection":[{"href":"https:\/\/shop4trac.com\/pl\/wp-json\/wp\/v2\/product"}],"about":[{"href":"https:\/\/shop4trac.com\/pl\/wp-json\/wp\/v2\/types\/product"}],"replies":[{"embeddable":true,"href":"https:\/\/shop4trac.com\/pl\/wp-json\/wp\/v2\/comments?post=111154"}],"wp:featuredmedia":[{"embeddable":true,"href":"https:\/\/shop4trac.com\/pl\/wp-json\/wp\/v2\/media\/181941"}],"wp:attachment":[{"href":"https:\/\/shop4trac.com\/pl\/wp-json\/wp\/v2\/media?parent=111154"}],"wp:term":[{"taxonomy":"product_cat","embeddable":true,"href":"https:\/\/shop4trac.com\/pl\/wp-json\/wp\/v2\/product_cat?post=111154"},{"taxonomy":"product_tag","embeddable":true,"href":"https:\/\/shop4trac.com\/pl\/wp-json\/wp\/v2\/product_tag?post=111154"}],"curies":[{"name":"wp","href":"https:\/\/api.w.org\/{rel}","templated":true}]}}