{"id":111011,"date":"2023-04-19T12:18:55","date_gmt":"2023-04-19T11:18:55","guid":{"rendered":"https:\/\/shop4trac.com\/bez-kategorii\/olej-silnikowy-15w40-iseki-kubota-yanmar-shibaura-satoh-suzue-hinomoto\/"},"modified":"2026-04-09T17:36:07","modified_gmt":"2026-04-09T16:36:07","slug":"olej-silnikowy-15w40-iseki-kubota-yanmar-shibaura-satoh-suzue-hinomoto","status":"publish","type":"product","link":"https:\/\/shop4trac.com\/pl\/filtry\/olej-silnikowy\/olej-silnikowy-15w40-iseki-kubota-yanmar-shibaura-satoh-suzue-hinomoto\/","title":{"rendered":"Olej silnikowy 15W40 Iseki | Kubota | Yanmar | Shibaura | Satoh | Suzue | Hinomoto |"},"content":{"rendered":"<p>Je\u015bli szukasz odpowiedniego \u015brodka smarnego do swojego mini traktora, <strong>olej 15W40<\/strong> b\u0119dzie doskona\u0142ym wyborem.<\/p>\n<p><span style=\"text-decoration: underline\">Wi\u0119kszo\u015b\u0107 silnik\u00f3w 2-cylindrowych potrzebuje oko\u0142o 2,5-3 litr\u00f3w.<\/span><\/p>\n<p><span style=\"text-decoration: underline\">Wi\u0119kszo\u015b\u0107 silnik\u00f3w 3-cylindrowych potrzebuje oko\u0142o 3,5-4 litr\u00f3w.<\/span><\/p>\n<p>Nadaje si\u0119 do r\u00f3\u017cnych marek, w tym:<\/p>\n<p><strong>SAE 15W-40<\/strong><\/p>\n<p><strong>API SG\/CD<\/strong><\/p>\n<ul>\n<li>Iseki<\/li>\n<li>Kubota<\/li>\n<li>Yanmar<\/li>\n<li>Shibaura<\/li>\n<li>Satoh<\/li>\n<li>Suzue<\/li>\n<li>Hinomoto<\/li>\n<li>Mitsubishi<\/li>\n<li>Komatsu<\/li>\n<li>Hitachi<\/li>\n<li>Kobelco<\/li>\n<\/ul>\n<p>Co wi\u0119cej, olejek zamkni\u0119ty jest w por\u0119cznej <span style=\"text-decoration: underline\"><strong>, 5-litrowej butelce.<\/strong><\/span><\/p>\n<p>Olej 15W40 posiada lepko\u015b\u0107 odpowiedni\u0105 do stosowania w mini traktorach. Szybko przep\u0142ywa przez uk\u0142ad i chroni wra\u017cliwe cz\u0119\u015bci silnika. Ponadto olej ten jest odporny na wysokie temperatury, kt\u00f3re mog\u0105 wyst\u0105pi\u0107 podczas u\u017cytkowania mini traktora.<\/p>\n<p>Regularna wymiana oleju jest wa\u017cna, aby mie\u0107 pewno\u015b\u0107, \u017ce silnik Twojego mini traktora pozostanie w doskona\u0142ym stanie. Z\u0142y lub przestarza\u0142y olej mo\u017ce uniemo\u017cliwi\u0107 p\u0142ynn\u0105 prac\u0119 silnika, a nawet spowodowa\u0107 jego uszkodzenie.<\/p>\n<p>Je\u015bli chcesz utrzyma\u0107 sw\u00f3j mini traktor w dobrym stanie, olej 15W40 b\u0119dzie doskona\u0142ym wyborem. Olej ten mo\u017ce by\u0107 stosowany w ka\u017cdym silniku Diesla, ale jest wyra\u017anie odpowiedni do silnik\u00f3w wyposa\u017conych w te mini traktory.<\/p>\n<p><strong>Dane techniczne:<\/strong><\/p>\n<ul>\n<li>API SG i CD<\/li>\n<\/ul>\n<p>&nbsp;<\/p>\n<p>&nbsp;<\/p>\n","protected":false},"excerpt":{"rendered":"<p><strong>Olej silnikowy SAE 15W-40 5 litr\u00f3w odpowiedni do ka\u017cdego mini traktora lub silnika Iseki, Kubota, Yanmar i Mitsubishi Diesel!  <\/strong><\/p>\n","protected":false},"featured_media":148441,"comment_status":"open","ping_status":"open","template":"","meta":[],"product_cat":[19806,19807],"product_tag":[],"class_list":{"0":"post-111011","1":"product","2":"type-product","3":"status-publish","4":"has-post-thumbnail","6":"product_cat-olej-silnikowy","7":"product_cat-olej-silnikowy-pl","8":"pa_merk-aixam-pl","9":"pa_merk-allis-chalmers-pl","10":"pa_merk-hanix-pl","11":"pa_merk-hinomoto-pl","12":"pa_merk-holder-pl","13":"pa_merk-iseki-pl","14":"pa_merk-john-deere-pl","15":"pa_merk-komatsu-pl","16":"pa_merk-kubota-pl","17":"pa_merk-kumiai-pl","18":"pa_merk-satoh-pl","19":"pa_merk-shibaura-pl","20":"pa_merk-suzue-pl","21":"pa_merk-yanmar-pl","22":"pa_merk-zen-noh-pl","24":"first","25":"instock","26":"sale","27":"featured","28":"taxable","29":"shipping-taxable","30":"purchasable","31":"product-type-simple","32":"col-xs-6 col-sm-4","33":"col-md-3 col-lg-3","34":"un-4-cols"},"_links":{"self":[{"href":"https:\/\/shop4trac.com\/pl\/wp-json\/wp\/v2\/product\/111011","targetHints":{"allow":["GET"]}}],"collection":[{"href":"https:\/\/shop4trac.com\/pl\/wp-json\/wp\/v2\/product"}],"about":[{"href":"https:\/\/shop4trac.com\/pl\/wp-json\/wp\/v2\/types\/product"}],"replies":[{"embeddable":true,"href":"https:\/\/shop4trac.com\/pl\/wp-json\/wp\/v2\/comments?post=111011"}],"wp:featuredmedia":[{"embeddable":true,"href":"https:\/\/shop4trac.com\/pl\/wp-json\/wp\/v2\/media\/148441"}],"wp:attachment":[{"href":"https:\/\/shop4trac.com\/pl\/wp-json\/wp\/v2\/media?parent=111011"}],"wp:term":[{"taxonomy":"product_cat","embeddable":true,"href":"https:\/\/shop4trac.com\/pl\/wp-json\/wp\/v2\/product_cat?post=111011"},{"taxonomy":"product_tag","embeddable":true,"href":"https:\/\/shop4trac.com\/pl\/wp-json\/wp\/v2\/product_tag?post=111011"}],"curies":[{"name":"wp","href":"https:\/\/api.w.org\/{rel}","templated":true}]}}