{"id":110996,"date":"2023-03-14T14:02:10","date_gmt":"2023-03-14T13:02:10","guid":{"rendered":"https:\/\/shop4trac.com\/bez-kategorii\/uszczelniacze-olejowe-przod-tyl-walu-korbowego-ke70-ke75-k2b-k2c\/"},"modified":"2025-09-02T11:04:28","modified_gmt":"2025-09-02T09:04:28","slug":"uszczelniacze-olejowe-przod-tyl-walu-korbowego-ke70-ke75-k2b-k2c","status":"publish","type":"product","link":"https:\/\/shop4trac.com\/pl\/podwozie\/os-przednia-uszczelka-olejowa-osi-tylnej\/uszczelniacze-olejowe-przod-tyl-walu-korbowego-ke70-ke75-k2b-k2c\/","title":{"rendered":"Zestaw przednich + tylnych simmering\u00f3w wa\u0142u korbowego KE70 \u2013 KE75 | K2B \u2013 K2C"},"content":{"rendered":"<p>Simmering wa\u0142u korbowego prz\u00f3d + ty\u0142 (wa\u0142 korbowy) pasuje do:<\/p>\n<p><strong>Dane techniczne<\/strong><\/p>\n<p><span style=\"text-decoration: underline\">Ty\u0142<\/span> : 58*80*12mm<\/p>\n<p><span style=\"text-decoration: underline\">Prz\u00f3d<\/span> : 48*70*12mm<\/p>\n<p><strong>Iseki<\/strong><\/p>\n<ul>\n<li>TX1300, TX1500<\/li>\n<li>TX1210<\/li>\n<\/ul>\n<p><strong>Bolens<\/strong><\/p>\n<ul>\n<li>G152, G154<\/li>\n<li>G172, G174<\/li>\n<\/ul>\n<p><strong>Mitsubishi<\/strong><\/p>\n<ul>\n<li>D1100, D1300, D1500<\/li>\n<li>MT1301, MT372<\/li>\n<li>1500VFD<\/li>\n<\/ul>\n<p><strong>Satoh<\/strong><\/p>\n<ul>\n<li>SST1100, ST1300, ST1510<\/li>\n<li>Beaver S370<\/li>\n<\/ul>\n<p><strong>Suzue<\/strong><\/p>\n<ul>\n<li>M1301, M1301D<\/li>\n<li>M1501, M1501D<\/li>\n<\/ul>\n<p><strong>Samofa<\/strong><\/p>\n<ul>\n<li>Standard Industrial Mitsubishi K2B<\/li>\n<\/ul>\n<p><strong>Seimitsu<\/strong><\/p>\n<ul>\n<li>Spawarka generatorowa PDW 200SW Mitsubishi K2B<\/li>\n<\/ul>\n<p><strong>Denyo<\/strong><\/p>\n<ul>\n<li>Spawarka generatorowa PCX-6FSS Mitsubishi K2B-31DG<\/li>\n<li>Generator DCR-6FSS Mitsubishi K2B-31DG<\/li>\n<\/ul>\n<p><strong>Silniki:<\/strong><\/p>\n<ul>\n<li>KE70, KE75<\/li>\n<li>K2B, K2C<\/li>\n<\/ul>\n<p><strong>Numery referencyjne OEM<\/strong><\/p>\n<ul>\n<li>K8313390, MM400235, AH3154P, HTC487012R<\/li>\n<li>5650-040-0235-0 \u2013 tylny simmering wa\u0142u korbowego<\/li>\n<li>5668-313-3900-0 \u2013 przedni simmering wa\u0142u korbowego<\/li>\n<\/ul>\n","protected":false},"excerpt":{"rendered":"<p>Simmering wa\u0142u korbowego prz\u00f3d + ty\u0142 (wa\u0142 korbowy) pasuje do: Dane techniczne Ty\u0142 : 58*80*12mm Prz\u00f3d : 48*70*12mm Iseki TX1300, TX1500 TX1210 Bolens G152, G154 G172, G174 Mitsubishi D1100, D1300, D1500 MT1301, MT372 1500VFD Satoh SST1100, ST1300, ST1510 Beaver S370 Suzue M1301, M1301D M1501, M1501D Samofa Standard Industrial Mitsubishi K2B Seimitsu Spawarka generatorowa PDW 200SW&hellip;<\/p>\n","protected":false},"featured_media":111003,"comment_status":"open","ping_status":"closed","template":"","meta":[],"product_cat":[19265,19264,19804],"product_tag":[19287],"class_list":{"0":"post-110996","1":"product","2":"type-product","3":"status-publish","4":"has-post-thumbnail","6":"product_cat-os-przednia-uszczelka-olejowa-osi-tylnej","7":"product_cat-uszczelka-olejowa","8":"product_cat-uszczelki","9":"product_tag-snelparts-pl","10":"pa_merk-bolens-pl","11":"pa_merk-iseki-pl","12":"pa_merk-mitsubishi-pl","13":"pa_merk-satoh-pl","14":"pa_merk-suzue-pl","15":"pa_motor-ke55-pl","16":"pa_motor-ke70-pl","17":"pa_motor-ke75-pl","19":"first","20":"instock","21":"sale","22":"taxable","23":"shipping-taxable","24":"purchasable","25":"product-type-simple","26":"col-xs-6 col-sm-4","27":"col-md-3 col-lg-3","28":"un-4-cols"},"_links":{"self":[{"href":"https:\/\/shop4trac.com\/pl\/wp-json\/wp\/v2\/product\/110996","targetHints":{"allow":["GET"]}}],"collection":[{"href":"https:\/\/shop4trac.com\/pl\/wp-json\/wp\/v2\/product"}],"about":[{"href":"https:\/\/shop4trac.com\/pl\/wp-json\/wp\/v2\/types\/product"}],"replies":[{"embeddable":true,"href":"https:\/\/shop4trac.com\/pl\/wp-json\/wp\/v2\/comments?post=110996"}],"wp:featuredmedia":[{"embeddable":true,"href":"https:\/\/shop4trac.com\/pl\/wp-json\/wp\/v2\/media\/111003"}],"wp:attachment":[{"href":"https:\/\/shop4trac.com\/pl\/wp-json\/wp\/v2\/media?parent=110996"}],"wp:term":[{"taxonomy":"product_cat","embeddable":true,"href":"https:\/\/shop4trac.com\/pl\/wp-json\/wp\/v2\/product_cat?post=110996"},{"taxonomy":"product_tag","embeddable":true,"href":"https:\/\/shop4trac.com\/pl\/wp-json\/wp\/v2\/product_tag?post=110996"}],"curies":[{"name":"wp","href":"https:\/\/api.w.org\/{rel}","templated":true}]}}