{"id":110975,"date":"2023-05-16T10:45:41","date_gmt":"2023-05-16T09:45:41","guid":{"rendered":"https:\/\/shop4trac.com\/bez-kategorii\/oryginalne-lozysko-glowne-silnika-mitsubishi-ke55-ke70-ke75\/"},"modified":"2025-08-01T17:33:55","modified_gmt":"2025-08-01T15:33:55","slug":"oryginalne-lozysko-glowne-silnika-mitsubishi-ke55-ke70-ke75","status":"publish","type":"product","link":"https:\/\/shop4trac.com\/pl\/czesci-silnika\/glowne-lozyska\/oryginalne-lozysko-glowne-silnika-mitsubishi-ke55-ke70-ke75\/","title":{"rendered":"Oryginalne \u0141o\u017cysko g\u0142\u00f3wne silnika Mitsubishi KE55, KE70, KE75"},"content":{"rendered":"<p><span style=\"text-decoration: underline\"><strong>Oryginalna cz\u0119\u015b\u0107 Mitsubishi<\/strong><\/span><\/p>\n<p>\u0141o\u017cysko g\u0142\u00f3wne \/ \u0142o\u017cysko wa\u0142u korbowego odpowiednie do:<\/p>\n<div class=\"short-description value\">\n<p><strong>Iseki<\/strong><\/p>\n<ul>\n<li>TX1000, TX1300, TX1500,<\/li>\n<\/ul>\n<p><strong>Bolens<\/strong><\/p>\n<ul>\n<li>G152, G154<\/li>\n<li>G172, G174<\/li>\n<\/ul>\n<p><strong>Mitsubishi<\/strong><\/p>\n<ul>\n<li>D1100, D1300, D1500<\/li>\n<li>MT1301, MT372<\/li>\n<li>1500VFD<\/li>\n<\/ul>\n<p><strong>Satoh<\/strong><\/p>\n<ul>\n<li>ST1100, ST1300, ST1510<\/li>\n<li>B\u00f3br S370<\/li>\n<\/ul>\n<p><strong>Suzue<\/strong><\/p>\n<ul>\n<li>M1301, M1301D<\/li>\n<li>M1501, M1501D<\/li>\n<\/ul>\n<p><strong>Silniki:<\/strong><\/p>\n<ul>\n<li>KE55, KE70, KE75<\/li>\n<\/ul>\n<\/div>\n<div class=\"long-description\">\n<div class=\"long-description-height\">\n<p><strong>Rozmiar<\/strong> : standardowy<\/p>\n<p><strong>Za sztuk\u0119<\/strong><\/p>\n<p><strong>OEM w celach informacyjnych:<\/strong><\/p>\n<ul>\n<li>MM400-240, MM400240<\/li>\n<li>5650-040-0240-0<\/li>\n<\/ul>\n<\/div>\n<\/div>\n","protected":false},"excerpt":{"rendered":"<p>Oryginalna cz\u0119\u015b\u0107 Mitsubishi \u0141o\u017cysko g\u0142\u00f3wne \/ \u0142o\u017cysko wa\u0142u korbowego odpowiednie do: Iseki TX1000, TX1300, TX1500, Bolens G152, G154 G172, G174 Mitsubishi D1100, D1300, D1500 MT1301, MT372 1500VFD Satoh ST1100, ST1300, ST1510 B\u00f3br S370 Suzue M1301, M1301D M1501, M1501D Silniki: KE55, KE70, KE75 Rozmiar : standardowy Za sztuk\u0119 OEM w celach informacyjnych: MM400-240, MM400240 5650-040-0240-0<\/p>\n","protected":false},"featured_media":82205,"comment_status":"open","ping_status":"closed","template":"","meta":[],"product_cat":[19800],"product_tag":[19287],"class_list":{"0":"post-110975","1":"product","2":"type-product","3":"status-publish","4":"has-post-thumbnail","6":"product_cat-glowne-lozyska","7":"product_tag-snelparts-pl","8":"pa_merk-bolens-pl","9":"pa_merk-iseki-pl","10":"pa_merk-mitsubishi-pl","11":"pa_merk-satoh-pl","12":"pa_merk-suzue-pl","13":"pa_motor-ke130-pl","14":"pa_motor-ke55-pl","15":"pa_motor-ke70-pl","16":"pa_motor-ke75-pl","17":"pa_motor-ke85-pl","18":"pa_motor-ke95-pl","20":"first","21":"instock","22":"taxable","23":"shipping-taxable","24":"purchasable","25":"product-type-simple","26":"col-xs-6 col-sm-4","27":"col-md-3 col-lg-3","28":"un-4-cols"},"_links":{"self":[{"href":"https:\/\/shop4trac.com\/pl\/wp-json\/wp\/v2\/product\/110975","targetHints":{"allow":["GET"]}}],"collection":[{"href":"https:\/\/shop4trac.com\/pl\/wp-json\/wp\/v2\/product"}],"about":[{"href":"https:\/\/shop4trac.com\/pl\/wp-json\/wp\/v2\/types\/product"}],"replies":[{"embeddable":true,"href":"https:\/\/shop4trac.com\/pl\/wp-json\/wp\/v2\/comments?post=110975"}],"wp:featuredmedia":[{"embeddable":true,"href":"https:\/\/shop4trac.com\/pl\/wp-json\/wp\/v2\/media\/82205"}],"wp:attachment":[{"href":"https:\/\/shop4trac.com\/pl\/wp-json\/wp\/v2\/media?parent=110975"}],"wp:term":[{"taxonomy":"product_cat","embeddable":true,"href":"https:\/\/shop4trac.com\/pl\/wp-json\/wp\/v2\/product_cat?post=110975"},{"taxonomy":"product_tag","embeddable":true,"href":"https:\/\/shop4trac.com\/pl\/wp-json\/wp\/v2\/product_tag?post=110975"}],"curies":[{"name":"wp","href":"https:\/\/api.w.org\/{rel}","templated":true}]}}