{"id":110444,"date":"2020-02-29T16:44:42","date_gmt":"2020-02-29T15:44:42","guid":{"rendered":"https:\/\/shop4trac.com\/bez-kategorii\/uszczelka-pod-glowice-kubota-b5000\/"},"modified":"2025-08-01T19:03:51","modified_gmt":"2025-08-01T17:03:51","slug":"uszczelka-pod-glowice-kubota-b5000","status":"publish","type":"product","link":"https:\/\/shop4trac.com\/pl\/czesci-silnika\/uszczelki-glowicy\/uszczelka-pod-glowice-kubota-b5000\/","title":{"rendered":"Uszczelka pod g\u0142owic\u0119 Kubota B5000"},"content":{"rendered":"<p>Nadaje si\u0119 do:<\/p>\n<p><strong>  Kubota  <\/strong><\/p>\n<ul>\n<li>B5000<\/li>\n<\/ul>\n<p>Otw\u00f3r: 68 mm<\/p>\n","protected":false},"excerpt":{"rendered":"<p>Nadaje si\u0119 do: Kubota B5000 Otw\u00f3r: 68 mm<\/p>\n","protected":false},"featured_media":165785,"comment_status":"open","ping_status":"open","template":"","meta":[],"product_cat":[19346],"product_tag":[19287],"class_list":{"0":"post-110444","1":"product","2":"type-product","3":"status-publish","4":"has-post-thumbnail","6":"product_cat-uszczelki-glowicy","7":"product_tag-snelparts-pl","8":"pa_merk-kubota-pl","9":"pa_merk-zen-noh-pl","11":"first","12":"instock","13":"taxable","14":"shipping-taxable","15":"purchasable","16":"product-type-simple","17":"col-xs-6 col-sm-4","18":"col-md-3 col-lg-3","19":"un-4-cols"},"_links":{"self":[{"href":"https:\/\/shop4trac.com\/pl\/wp-json\/wp\/v2\/product\/110444","targetHints":{"allow":["GET"]}}],"collection":[{"href":"https:\/\/shop4trac.com\/pl\/wp-json\/wp\/v2\/product"}],"about":[{"href":"https:\/\/shop4trac.com\/pl\/wp-json\/wp\/v2\/types\/product"}],"replies":[{"embeddable":true,"href":"https:\/\/shop4trac.com\/pl\/wp-json\/wp\/v2\/comments?post=110444"}],"wp:featuredmedia":[{"embeddable":true,"href":"https:\/\/shop4trac.com\/pl\/wp-json\/wp\/v2\/media\/165785"}],"wp:attachment":[{"href":"https:\/\/shop4trac.com\/pl\/wp-json\/wp\/v2\/media?parent=110444"}],"wp:term":[{"taxonomy":"product_cat","embeddable":true,"href":"https:\/\/shop4trac.com\/pl\/wp-json\/wp\/v2\/product_cat?post=110444"},{"taxonomy":"product_tag","embeddable":true,"href":"https:\/\/shop4trac.com\/pl\/wp-json\/wp\/v2\/product_tag?post=110444"}],"curies":[{"name":"wp","href":"https:\/\/api.w.org\/{rel}","templated":true}]}}