{"id":109940,"date":"2020-02-29T16:44:08","date_gmt":"2020-02-29T15:44:08","guid":{"rendered":"https:\/\/shop4trac.com\/bez-kategorii\/filtr-powietrza-iseki-ts-tl\/"},"modified":"2025-08-01T19:11:29","modified_gmt":"2025-08-01T17:11:29","slug":"filtr-powietrza-iseki-ts-tl","status":"publish","type":"product","link":"https:\/\/shop4trac.com\/pl\/filtry\/filtry-powietrza\/filtr-powietrza-iseki-ts-tl\/","title":{"rendered":"Filtr powietrza | Iseki TS | TL | TL1900 | TL2100 \u2013 TL2701 | Bolensy G192-G294"},"content":{"rendered":"<p>Filtr powietrza <strong><span style=\"text-decoration: underline\">najwy\u017cszej<\/span><\/strong> jako\u015bci<\/p>\n<p><u>Rozmiary:<br \/>\n<\/u><\/p>\n<ul>\n<li>\u015arednica zewn\u0119trzna: 83mm<\/li>\n<li>\u015arednica wewn\u0119trzna: 46mm<\/li>\n<li>D\u0142ugo\u015b\u0107: 245mm<\/li>\n<\/ul>\n<p>Pasuje do nast\u0119puj\u0105cych ci\u0105gnik\u00f3w<\/p>\n<p><strong>Bolens  <\/strong><\/p>\n<ul>\n<li>G192, G194, G242, G244, G272, G274, G292, G294<\/li>\n<\/ul>\n<p><strong>Bia\u0142y  <\/strong><\/p>\n<ul>\n<li>FB21<\/li>\n<\/ul>\n<p><strong>Iseki  <\/strong><\/p>\n<ul>\n<li>Seria TS\n<ul>\n<li>TS1610, TS1910, TS2202, TS2220, TS2205<\/li>\n<li>TS2200, TS2210, TS2400, TS2510, TS3110<\/li>\n<\/ul>\n<\/li>\n<li>Seria TL\n<ul>\n<li>Modele: TL1900, TL2100, TL2300, TL2500, TL2700, TL2701<\/li>\n<li>TL1901, TL2101, TL2301, TL2501<\/li>\n<\/ul>\n<\/li>\n<\/ul>\n<p><strong>OEM w celach informacyjnych:<\/strong><\/p>\n<ul>\n<li>1510103-30000<\/li>\n<li>1444-101-3700-0, 1444101-37000<\/li>\n<li>1422152-23000<\/li>\n<\/ul>\n","protected":false},"excerpt":{"rendered":"<p>Filtr powietrza najwy\u017cszej jako\u015bci Rozmiary: \u015arednica zewn\u0119trzna: 83mm \u015arednica wewn\u0119trzna: 46mm D\u0142ugo\u015b\u0107: 245mm Pasuje do nast\u0119puj\u0105cych ci\u0105gnik\u00f3w Bolens G192, G194, G242, G244, G272, G274, G292, G294 Bia\u0142y FB21 Iseki Seria TS TS1610, TS1910, TS2202, TS2220, TS2205 TS2200, TS2210, TS2400, TS2510, TS3110 Seria TL Modele: TL1900, TL2100, TL2300, TL2500, TL2700, TL2701 TL1901, TL2101, TL2301, TL2501 OEM&hellip;<\/p>\n","protected":false},"featured_media":144673,"comment_status":"open","ping_status":"closed","template":"","meta":[],"product_cat":[19283],"product_tag":[19287],"class_list":{"0":"post-109940","1":"product","2":"type-product","3":"status-publish","4":"has-post-thumbnail","6":"product_cat-filtry-powietrza","7":"product_tag-snelparts-pl","8":"pa_merk-bolens-pl","9":"pa_merk-iseki-pl","10":"pa_merk-white-pl","12":"first","13":"instock","14":"sale","15":"taxable","16":"shipping-taxable","17":"purchasable","18":"product-type-simple","19":"col-xs-6 col-sm-4","20":"col-md-3 col-lg-3","21":"un-4-cols"},"_links":{"self":[{"href":"https:\/\/shop4trac.com\/pl\/wp-json\/wp\/v2\/product\/109940","targetHints":{"allow":["GET"]}}],"collection":[{"href":"https:\/\/shop4trac.com\/pl\/wp-json\/wp\/v2\/product"}],"about":[{"href":"https:\/\/shop4trac.com\/pl\/wp-json\/wp\/v2\/types\/product"}],"replies":[{"embeddable":true,"href":"https:\/\/shop4trac.com\/pl\/wp-json\/wp\/v2\/comments?post=109940"}],"wp:featuredmedia":[{"embeddable":true,"href":"https:\/\/shop4trac.com\/pl\/wp-json\/wp\/v2\/media\/144673"}],"wp:attachment":[{"href":"https:\/\/shop4trac.com\/pl\/wp-json\/wp\/v2\/media?parent=109940"}],"wp:term":[{"taxonomy":"product_cat","embeddable":true,"href":"https:\/\/shop4trac.com\/pl\/wp-json\/wp\/v2\/product_cat?post=109940"},{"taxonomy":"product_tag","embeddable":true,"href":"https:\/\/shop4trac.com\/pl\/wp-json\/wp\/v2\/product_tag?post=109940"}],"curies":[{"name":"wp","href":"https:\/\/api.w.org\/{rel}","templated":true}]}}