{"id":108995,"date":"2024-05-27T11:23:51","date_gmt":"2024-05-27T10:23:51","guid":{"rendered":"https:\/\/shop4trac.com\/wozek-sklepowy\/"},"modified":"2024-05-27T11:24:03","modified_gmt":"2024-05-27T10:24:03","slug":"wozek-sklepowy","status":"publish","type":"page","link":"https:\/\/shop4trac.com\/pl\/wozek-sklepowy\/","title":{"rendered":"W\u00f3zek sklepowy"},"content":{"rendered":"\t\t<div data-elementor-type=\"wp-page\" data-elementor-id=\"108995\" class=\"elementor elementor-108995 elementor-2767\">\n\t\t\t\t\t\t<section class=\"elementor-section elementor-top-section elementor-element elementor-element-56711e83 elementor-section-full_width elementor-section-height-default elementor-section-height-default\" data-id=\"56711e83\" data-element_type=\"section\" data-e-type=\"section\">\n\t\t\t\t\t\t<div class=\"elementor-container elementor-column-gap-default\">\n\t\t\t\t\t<div class=\"elementor-column elementor-col-100 elementor-top-column elementor-element elementor-element-40c50787\" data-id=\"40c50787\" data-element_type=\"column\" data-e-type=\"column\">\n\t\t\t<div class=\"elementor-widget-wrap elementor-element-populated\">\n\t\t\t\t\t\t<div class=\"elementor-element elementor-element-58ae7a30 elementor-widget elementor-widget-shortcode\" data-id=\"58ae7a30\" data-element_type=\"widget\" data-e-type=\"widget\" data-widget_type=\"shortcode.default\">\n\t\t\t\t<div class=\"elementor-widget-container\">\n\t\t\t\t\t\t\t<div class=\"elementor-shortcode\"><\/div>\n\t\t\t\t\t\t<\/div>\n\t\t\t\t<\/div>\n\t\t\t\t<div class=\"elementor-element elementor-element-88c280c elementor-widget elementor-widget-image\" data-id=\"88c280c\" data-element_type=\"widget\" data-e-type=\"widget\" data-widget_type=\"image.default\">\n\t\t\t\t<div class=\"elementor-widget-container\">\n\t\t\t\t\t\t\t\t\t\t\t\t\t\t\t<img decoding=\"async\" src=\"https:\/\/shop4trac.com\/wp-content\/uploads\/2023\/04\/payment-methods.png\" title=\"\" alt=\"\" loading=\"lazy\" \/>\t\t\t\t\t\t\t\t\t\t\t\t\t\t\t<\/div>\n\t\t\t\t<\/div>\n\t\t\t\t\t<\/div>\n\t\t<\/div>\n\t\t\t\t\t<\/div>\n\t\t<\/section>\n\t\t\t\t<section class=\"elementor-section elementor-top-section elementor-element elementor-element-92786f4 elementor-section-full_width elementor-section-height-default elementor-section-height-default\" data-id=\"92786f4\" data-element_type=\"section\" data-e-type=\"section\">\n\t\t\t\t\t\t<div class=\"elementor-container elementor-column-gap-default\">\n\t\t\t\t\t<div class=\"elementor-column elementor-col-100 elementor-top-column elementor-element elementor-element-94caa53\" data-id=\"94caa53\" data-element_type=\"column\" data-e-type=\"column\">\n\t\t\t<div class=\"elementor-widget-wrap elementor-element-populated\">\n\t\t\t\t\t\t<div class=\"elementor-element elementor-element-3c18a1d elementor-widget-divider--view-line elementor-widget elementor-widget-divider\" data-id=\"3c18a1d\" data-element_type=\"widget\" data-e-type=\"widget\" data-widget_type=\"divider.default\">\n\t\t\t\t<div class=\"elementor-widget-container\">\n\t\t\t\t\t\t\t<div class=\"elementor-divider\">\n\t\t\t<span class=\"elementor-divider-separator\">\n\t\t\t\t\t\t<\/span>\n\t\t<\/div>\n\t\t\t\t\t\t<\/div>\n\t\t\t\t<\/div>\n\t\t\t\t<div class=\"elementor-element elementor-element-ff3e27c elementor-widget elementor-widget-heading\" data-id=\"ff3e27c\" data-element_type=\"widget\" data-e-type=\"widget\" data-widget_type=\"heading.default\">\n\t\t\t\t<div class=\"elementor-widget-container\">\n\t\t\t\t\t<h3 class=\"elementor-heading-title elementor-size-default\">Ostatnio ogl\u0105dane produkty<\/h3>\t\t\t\t<\/div>\n\t\t\t\t<\/div>\n\t\t\t\t<div class=\"elementor-element elementor-element-ca117a9 elementor-widget elementor-widget-martfury-recently-viewed-products\" data-id=\"ca117a9\" data-element_type=\"widget\" data-e-type=\"widget\" data-widget_type=\"martfury-recently-viewed-products.default\">\n\t\t\t\t<div class=\"elementor-widget-container\">\n\t\t\t\t\t<div class=\"mf-product-recently-viewed woocommerce\"><ul class=\"products columns-6\">\n<li class=\"col-xs-6 col-sm-4 col-md-3 col-lg-2 un-6-cols product type-product post-122150 status-publish first instock product_cat-dysza-atomizera product_cat-rozpylacz has-post-thumbnail sale taxable shipping-taxable purchasable product-type-simple\">\n\t<div class=\"product-inner  clearfix\"><div class=\"mf-product-thumbnail\"><a href=\"https:\/\/shop4trac.com\/pl\/czesci-silnika\/dysza-atomizera\/atomizer-kompletny-iseki-e374-e383-e390-e393-e3cd-t-tm15-tk538-th4260-tf-tm215\/\"><img fetchpriority=\"high\" decoding=\"async\" width=\"300\" height=\"300\" src=\"https:\/\/shop4trac.com\/wp-content\/uploads\/2024\/07\/vers-16-300x300.jpg\" class=\"attachment-woocommerce_thumbnail size-woocommerce_thumbnail\" alt=\"Wtryskiwacz kompletny Iseki E374 \u2013 E383 \u2013 E390 \u2013 E393 | E3CD-T | TM15 | TK538 | TH4260 | TF | TM215\" srcset=\"https:\/\/shop4trac.com\/wp-content\/uploads\/2024\/07\/vers-16-300x300.jpg 300w, https:\/\/shop4trac.com\/wp-content\/uploads\/2024\/07\/vers-16-1024x1024.jpg 1024w, https:\/\/shop4trac.com\/wp-content\/uploads\/2024\/07\/vers-16-150x150.jpg 150w, https:\/\/shop4trac.com\/wp-content\/uploads\/2024\/07\/vers-16-768x768.jpg 768w, https:\/\/shop4trac.com\/wp-content\/uploads\/2024\/07\/vers-16-370x370.jpg 370w, https:\/\/shop4trac.com\/wp-content\/uploads\/2024\/07\/vers-16-600x600.jpg 600w, https:\/\/shop4trac.com\/wp-content\/uploads\/2024\/07\/vers-16-100x100.jpg 100w, https:\/\/shop4trac.com\/wp-content\/uploads\/2024\/07\/vers-16.jpg 1500w\" sizes=\"(max-width: 300px) 100vw, 300px\" \/><img decoding=\"async\" width=\"300\" height=\"180\" src=\"https:\/\/shop4trac.com\/wp-content\/uploads\/2022\/07\/Schermafbeelding-2024-07-02-om-13.17.27-300x180.jpg\" class=\"attachment-woocommerce_thumbnail size-woocommerce_thumbnail hover-image\" alt=\"\" srcset=\"https:\/\/shop4trac.com\/wp-content\/uploads\/2022\/07\/Scherm\u00adafbeelding-2024-07-02-om-13.17.27-300x180.jpg 300w, https:\/\/shop4trac.com\/wp-content\/uploads\/2022\/07\/Schermafbeelding-2024-07-02-om-13.17.27-600x361.jpg 600w, https:\/\/shop4trac.com\/wp-content\/uploads\/2022\/07\/Scherm\u00adafbeelding-2024-07-02-om-13.17.27-768x462.jpg 768w, https:\/\/shop4trac.com\/wp-content\/uploads\/2022\/07\/Scherm\u00adafbeelding-2024-07-02-om-13.17.27-370x223.jpg 370w, https:\/\/shop4trac.com\/wp-content\/uploads\/2022\/07\/Schermafbeelding-2024-07-02-om-13.17.27.jpg 863w\" sizes=\"(max-width: 300px) 100vw, 300px\" \/><\/a><\/div><div class=\"mf-product-details\"><div class=\"mf-product-content\"><h2 class=\"woo-loop-product__title\"><a href=\"https:\/\/shop4trac.com\/pl\/czesci-silnika\/dysza-atomizera\/atomizer-kompletny-iseki-e374-e383-e390-e393-e3cd-t-tm15-tk538-th4260-tf-tm215\/\">Wtryskiwacz kompletny Iseki E374 \u2013 E383 \u2013 E390 \u2013 E393 | E3CD-T | TM15 | TK538 | TH4260 | TF | TM215<\/a><\/h2><\/div><div class=\"mf-product-price-box\">\n\t<span class=\"price\"><ins><span class=\"woocommerce-Price-amount amount\"><bdi><span class=\"woocommerce-Price-currencySymbol\">\u20ac<\/span>79,50<\/bdi><\/span><\/ins><del><span class=\"woocommerce-Price-amount amount\"><bdi><span class=\"woocommerce-Price-currencySymbol\">\u20ac<\/span>209,50<\/bdi><\/span><\/del> <small class=\"woocommerce-price-suffix\">Z podatkiem VAT <\/small><\/span>\n<\/div><span class=\"gtm4wp_productdata\" style=\"display:none; visibility:hidden;\" data-gtm4wp_product_data=\"{&quot;internal_id&quot;:122150,&quot;item_id&quot;:122150,&quot;item_name&quot;:&quot;Wtryskiwacz kompletny Iseki E374 \\u2013 E383 \\u2013 E390 \\u2013 E393 | E3CD-T | TM15 | TK538 | TH4260 | TF | TM215&quot;,&quot;sku&quot;:&quot;SKU-47037&quot;,&quot;price&quot;:79.5,&quot;stocklevel&quot;:2,&quot;stockstatus&quot;:&quot;instock&quot;,&quot;google_business_vertical&quot;:&quot;retail&quot;,&quot;item_category&quot;:&quot;Rozpylacz&quot;,&quot;id&quot;:122150,&quot;productlink&quot;:&quot;https:\\\/\\\/shop4trac.com\\\/pl\\\/czesci-silnika\\\/dysza-atomizera\\\/atomizer-kompletny-iseki-e374-e383-e390-e393-e3cd-t-tm15-tk538-th4260-tf-tm215\\\/&quot;,&quot;item_list_name&quot;:&quot;General Product List&quot;,&quot;index&quot;:1,&quot;product_type&quot;:&quot;simple&quot;,&quot;item_brand&quot;:&quot;&quot;}\"><\/span><\/div><\/div><\/li>\n<li class=\"col-xs-6 col-sm-4 col-md-3 col-lg-2 un-6-cols product type-product post-112956 status-publish instock product_cat-zestawy-filtrow product_tag-snelparts-pl has-post-thumbnail taxable shipping-taxable purchasable product-type-simple\">\n\t<div class=\"product-inner  clearfix\"><div class=\"mf-product-thumbnail\"><a href=\"https:\/\/shop4trac.com\/pl\/filtry\/zestawy-filtrow\/zestaw-filtrow-hinomoto-e2002-e2004-e2302-e2304-e2604-e262-e264\/\"><img decoding=\"async\" width=\"300\" height=\"225\" src=\"https:\/\/shop4trac.com\/wp-content\/uploads\/2020\/02\/P1011701-1-scaled-300x225.jpeg\" class=\"attachment-woocommerce_thumbnail size-woocommerce_thumbnail\" alt=\"Zestaw filtr\u00f3w Hinomoto E2002 E2004 E2302 E2304 \u2013 E2604 E262 E264\" srcset=\"https:\/\/shop4trac.com\/wp-content\/uploads\/2020\/02\/P1011701-1-scaled-300x225.jpeg 300w, https:\/\/shop4trac.com\/wp-content\/uploads\/2020\/02\/P1011701-1-scaled-600x450.jpeg 600w\" sizes=\"(max-width: 300px) 100vw, 300px\" \/><\/a><\/div><div class=\"mf-product-details\"><div class=\"mf-product-content\"><h2 class=\"woo-loop-product__title\"><a href=\"https:\/\/shop4trac.com\/pl\/filtry\/zestawy-filtrow\/zestaw-filtrow-hinomoto-e2002-e2004-e2302-e2304-e2604-e262-e264\/\">Zestaw filtr\u00f3w Hinomoto E2002 E2004 E2302 E2304 \u2013 E2604 E262 E264<\/a><\/h2><\/div><div class=\"mf-product-price-box\">\n\t<span class=\"price\"><span class=\"woocommerce-Price-amount amount\"><bdi><span class=\"woocommerce-Price-currencySymbol\">\u20ac<\/span>34,50<\/bdi><\/span> <small class=\"woocommerce-price-suffix\">Z podatkiem VAT <\/small><\/span>\n<\/div><span class=\"gtm4wp_productdata\" style=\"display:none; visibility:hidden;\" data-gtm4wp_product_data=\"{&quot;internal_id&quot;:112956,&quot;item_id&quot;:112956,&quot;item_name&quot;:&quot;Zestaw filtr\\u00f3w Hinomoto E2002 E2004 E2302 E2304 - E2604 E262 E264&quot;,&quot;sku&quot;:&quot;SKU-10032&quot;,&quot;price&quot;:34.5,&quot;stocklevel&quot;:29,&quot;stockstatus&quot;:&quot;instock&quot;,&quot;google_business_vertical&quot;:&quot;retail&quot;,&quot;item_category&quot;:&quot;&quot;,&quot;id&quot;:112956,&quot;productlink&quot;:&quot;https:\\\/\\\/shop4trac.com\\\/pl\\\/filtry\\\/zestawy-filtrow\\\/zestaw-filtrow-hinomoto-e2002-e2004-e2302-e2304-e2604-e262-e264\\\/&quot;,&quot;item_list_name&quot;:&quot;General Product List&quot;,&quot;index&quot;:2,&quot;product_type&quot;:&quot;simple&quot;,&quot;item_brand&quot;:&quot;&quot;}\"><\/span><\/div><\/div><\/li>\n<\/ul>\n<\/div>\t\t\t\t<\/div>\n\t\t\t\t<\/div>\n\t\t\t\t\t<\/div>\n\t\t<\/div>\n\t\t\t\t\t<\/div>\n\t\t<\/section>\n\t\t\t\t<section class=\"elementor-section elementor-top-section elementor-element elementor-element-1fde089 elementor-section-full_width elementor-section-height-default elementor-section-height-default\" data-id=\"1fde089\" data-element_type=\"section\" data-e-type=\"section\">\n\t\t\t\t\t\t<div class=\"elementor-container elementor-column-gap-default\">\n\t\t\t\t\t<div class=\"elementor-column elementor-col-100 elementor-top-column elementor-element elementor-element-4465f82\" data-id=\"4465f82\" data-element_type=\"column\" data-e-type=\"column\">\n\t\t\t<div class=\"elementor-widget-wrap elementor-element-populated\">\n\t\t\t\t\t\t<div class=\"elementor-element elementor-element-5f9cff5 mf-elementor-icons-list__display-column columns-4 elementor-widget elementor-widget-martfury-icons-list\" data-id=\"5f9cff5\" data-element_type=\"widget\" data-e-type=\"widget\" data-widget_type=\"martfury-icons-list.default\">\n\t\t\t\t<div class=\"elementor-widget-container\">\n\t\t\t\t\t        <div class=\"mf-elementor-icons-list\">\r\n            <div class=\"icons-list-wrapper\">\r\n\t\t\t\t                        <div class=\"box-item\">\r\n                            <div class=\"martfury-icon-box mf-icon-left\">\r\n                                <div class=\"mf-icon box-icon \">\r\n\t\t\t\t\t\t\t\t\t<i aria-hidden=\"true\" class=\"fas fa-truck\"><\/i>                                <\/div>\r\n                                <div class=\"box-wrapper\">\r\n\t\t\t\t\t\t\t\t\t<span class=\"box-title\" >Szybka dostawa<\/span>                                    <div class=\"desc\">Zam\u00f3wione przed 16:00 = wys\u0142ane dzisiaj!<\/div>\r\n                                <\/div>\r\n                            <\/div>\r\n                            <div class=\"separator\"><\/div>\r\n                        <\/div>\r\n\t\t\t\t\t\t                        <div class=\"box-item\">\r\n                            <div class=\"martfury-icon-box mf-icon-left\">\r\n                                <div class=\"mf-icon box-icon \">\r\n\t\t\t\t\t\t\t\t\t<i aria-hidden=\"true\" class=\"fas fa-boxes\"><\/i>                                <\/div>\r\n                                <div class=\"box-wrapper\">\r\n\t\t\t\t\t\t\t\t\t<span class=\"box-title\" >Du\u017cy asortyment<\/span>                                    <div class=\"desc\">Sprzedajemy ponad 10 000 cz\u0119\u015bci!\n<\/div>\r\n                                <\/div>\r\n                            <\/div>\r\n                            <div class=\"separator\"><\/div>\r\n                        <\/div>\r\n\t\t\t\t\t\t                        <div class=\"box-item\">\r\n                            <div class=\"martfury-icon-box mf-icon-left\">\r\n                                <div class=\"mf-icon box-icon \">\r\n\t\t\t\t\t\t\t\t\t<i aria-hidden=\"true\" class=\"fas fa-user-check\"><\/i>                                <\/div>\r\n                                <div class=\"box-wrapper\">\r\n\t\t\t\t\t\t\t\t\t<span class=\"box-title\" >Porada eksperta<\/span>                                    <div class=\"desc\">Nasi eksperci s\u0105 gotowi Ci pom\u00f3c!\n<\/div>\r\n                                <\/div>\r\n                            <\/div>\r\n                            <div class=\"separator\"><\/div>\r\n                        <\/div>\r\n\t\t\t\t\t\t                        <div class=\"box-item\">\r\n                            <div class=\"martfury-icon-box mf-icon-left\">\r\n                                <div class=\"mf-icon box-icon \">\r\n\t\t\t\t\t\t\t\t\t<i aria-hidden=\"true\" class=\"fas fa-lock\"><\/i>                                <\/div>\r\n                                <div class=\"box-wrapper\">\r\n\t\t\t\t\t\t\t\t\t<span class=\"box-title\" >Kontrola<\/span>                                    <div class=\"desc\">Z iDeal, Paypal, kart\u0105 kredytow\u0105 i Bancontact!<\/div>\r\n                                <\/div>\r\n                            <\/div>\r\n                            <div class=\"separator\"><\/div>\r\n                        <\/div>\r\n\t\t\t\t\t\t            <\/div>\r\n        <\/div>\r\n\t\t\t\t\t\t<\/div>\n\t\t\t\t<\/div>\n\t\t\t\t\t<\/div>\n\t\t<\/div>\n\t\t\t\t\t<\/div>\n\t\t<\/section>\n\t\t\t\t<\/div>\n\t\t","protected":false},"excerpt":{"rendered":"<p>Ostatnio ogl\u0105dane produkty Szybka dostawa Zam\u00f3wione przed 16:00 = wys\u0142ane dzisiaj! Du\u017cy asortyment Sprzedajemy ponad 10 000 cz\u0119\u015bci! Porada eksperta Nasi eksperci s\u0105 gotowi Ci pom\u00f3c! Kontrola Z iDeal, Paypal, kart\u0105 kredytow\u0105 i Bancontact!<\/p>\n","protected":false},"author":1,"featured_media":0,"parent":0,"menu_order":0,"comment_status":"closed","ping_status":"open","template":"template-large-container.php","meta":{"footnotes":""},"class_list":["post-108995","page","type-page","status-publish","hentry"],"_links":{"self":[{"href":"https:\/\/shop4trac.com\/pl\/wp-json\/wp\/v2\/pages\/108995","targetHints":{"allow":["GET"]}}],"collection":[{"href":"https:\/\/shop4trac.com\/pl\/wp-json\/wp\/v2\/pages"}],"about":[{"href":"https:\/\/shop4trac.com\/pl\/wp-json\/wp\/v2\/types\/page"}],"author":[{"embeddable":true,"href":"https:\/\/shop4trac.com\/pl\/wp-json\/wp\/v2\/users\/1"}],"replies":[{"embeddable":true,"href":"https:\/\/shop4trac.com\/pl\/wp-json\/wp\/v2\/comments?post=108995"}],"version-history":[{"count":0,"href":"https:\/\/shop4trac.com\/pl\/wp-json\/wp\/v2\/pages\/108995\/revisions"}],"wp:attachment":[{"href":"https:\/\/shop4trac.com\/pl\/wp-json\/wp\/v2\/media?parent=108995"}],"curies":[{"name":"wp","href":"https:\/\/api.w.org\/{rel}","templated":true}]}}