{"id":108968,"date":"2024-05-27T11:23:49","date_gmt":"2024-05-27T10:23:49","guid":{"rendered":"https:\/\/shop4trac.com\/regulamin\/"},"modified":"2026-03-25T16:34:39","modified_gmt":"2026-03-25T15:34:39","slug":"regulamin","status":"publish","type":"page","link":"https:\/\/shop4trac.com\/pl\/regulamin\/","title":{"rendered":"Regulamin"},"content":{"rendered":"\t\t<div data-elementor-type=\"wp-page\" data-elementor-id=\"108968\" class=\"elementor elementor-108968 elementor-451\">\n\t\t\t\t\t\t<section class=\"elementor-section elementor-top-section elementor-element elementor-element-77fba2c4 elementor-section-boxed elementor-section-height-default elementor-section-height-default\" data-id=\"77fba2c4\" data-element_type=\"section\" data-e-type=\"section\">\n\t\t\t\t\t\t<div class=\"elementor-container elementor-column-gap-default\">\n\t\t\t\t\t<div class=\"elementor-column elementor-col-100 elementor-top-column elementor-element elementor-element-75d830fb\" data-id=\"75d830fb\" data-element_type=\"column\" data-e-type=\"column\">\n\t\t\t<div class=\"elementor-widget-wrap elementor-element-populated\">\n\t\t\t\t\t\t<div class=\"elementor-element elementor-element-7199fe3 elementor-widget elementor-widget-text-editor\" data-id=\"7199fe3\" data-element_type=\"widget\" data-e-type=\"widget\" data-widget_type=\"text-editor.default\">\n\t\t\t\t<div class=\"elementor-widget-container\">\n\t\t\t\t\t\t\t\t\t<p><strong>Artyku\u0142 1: Postanowienia og\u00f3lne<\/strong><br>1.1 Niniejszy dokument to Og\u00f3lne Warunki Sprzeda\u017cy i Dostaw firmy Snel parts z siedzib\u0105 w Amsterdamie. Firma Snel parts jest zarejestrowana w Izbie Handlowej pod numerem 72200987.<br>1.2 Niniejsze og\u00f3lne warunki sprzeda\u017cy i dostaw maj\u0105 zastosowanie do wszystkich zlece\u0144, ofert i um\u00f3w serwisu Shop4trac.com.<\/p><p><strong>Artyku\u0142 2: Zam\u00f3wienia i zawarcie umowy<\/strong><br>2.1 Zam\u00f3wienia mo\u017cna sk\u0142ada\u0107 za po\u015brednictwem strony https:\/\/shop4trac.com. Po sfinalizowaniu zam\u00f3wienia na podany adres e-mail zostanie wys\u0142ane potwierdzenie.<br>2.2 Sk\u0142adaj\u0105c zam\u00f3wienie, kupuj\u0105cy o\u015bwiadcza, \u017ce akceptuje niniejsze warunki.<br>2.3.  Shop4trac zastrzega sobie prawo do odmowy realizacji zam\u00f3wienia w przypadku \u015bwiadomego podania b\u0142\u0119dnych danych i informacji, braku p\u0142atno\u015bci lub innych okoliczno\u015bci, w przypadku kt\u00f3rych Shop4trac uzna, \u017ce \u200b\u200bryzyko finansowe jest zbyt du\u017ce, aby m\u00f3c je zrealizowa\u0107. Z przyj\u0119ciem zam\u00f3wienia mog\u0105 by\u0107 zatem zwi\u0105zane dodatkowe warunki, np. wp\u0142ata zaliczki.<br> 2.4 W przypadku \u015bwiadomego podania nieprawid\u0142owych danych lub jakiejkolwiek innej formy pr\u00f3by oszustwa Shop4trac zg\u0142osi to organom s\u0105dowym.<br> 2.5 Umowa zostaje zawarta dopiero po przyj\u0119ciu zam\u00f3wienia przez Shop4trac.<br> 2.6 Kupuj\u0105cy ma obowi\u0105zek sprawdzi\u0107 tre\u015b\u0107 zam\u00f3wienia i swoje dane pod k\u0105tem prawid\u0142owo\u015bci przed realizacj\u0105 zam\u00f3wienia. Ze wzgl\u0119du na szybko\u015b\u0107 zam\u00f3wie\u0144 i wysy\u0142ki Shop4trac mo\u017ce nie by\u0107 ju\u017c w stanie wprowadza\u0107 zmian. Wszelkie koszty wynikaj\u0105ce z podania nieprawid\u0142owych informacji zostan\u0105 przerzucone na kupuj\u0105cego.<\/p><p><strong>Artyku\u0142 3: Ceny<\/strong><br>3.1 Ceny s\u0105 podane w euro i zawieraj\u0105 21% podatek VAT, koszty administracyjne oraz koszty wysy\u0142ki. Koszty wysy\u0142ki i administracyjne s\u0105 obliczane dla ka\u017cdego zam\u00f3wienia i zale\u017c\u0105 od ca\u0142kowitej kwoty zam\u00f3wienia.<br>3.2 Shop4trac mo\u017ce w dowolnym momencie zmieni\u0107 swoje ceny.  Zmiany cen nie maj\u0105 wp\u0142ywu na ju\u017c zawarte umowy.<\/p><p><strong>Artyku\u0142 4: Dostawa<\/strong><br> 4.1 Dostawa w przypadku zam\u00f3wie\u0144 z\u0142o\u017conych w dni robocze zazwyczaj nast\u0119puje w ci\u0105gu 2 tygodni roboczych (je\u015bli na odpowiedniej stronie wskazano stan magazynowy). Czas dostawy jest wskaz\u00f3wk\u0105, a nie ostatecznym terminem. Artyku\u0142y oznaczone na stronie internetowej jako \u201eBrak w magazynie\u201d maj\u0105 og\u00f3lny czas dostawy od 2 do 6 tygodni roboczych.<br> 4.2 Shop4trac ma obowi\u0105zek w miar\u0119 mo\u017cliwo\u015bci przestrzega\u0107 tego terminu dostawy. Nie mo\u017ce jednak ponosi\u0107 odpowiedzialno\u015bci za przekroczenie terminu dostawy, kt\u00f3rego w chwili zawarcia umowy nie mo\u017cna by\u0142o przewidzie\u0107. W takich przypadkach Shop4trac ma prawo, w porozumieniu z kupuj\u0105cym, wyd\u0142u\u017cy\u0107 czas dostawy lub anulowa\u0107 umow\u0119.<br>4.3 Shop4trac nie ma wp\u0142ywu na op\u00f3\u017anienia spowodowane przez przewo\u017anika i nie mo\u017ce ponosi\u0107 za nie odpowiedzialno\u015bci.<br>4.4 Je\u015bli dostawa nie nast\u0105pi w terminie 30 dni, chyba \u017ce uzgodniono inaczej, kupuj\u0105cy ma prawo anulowa\u0107 zam\u00f3wienie i \u017c\u0105da\u0107 zwrotu wp\u0142aconych \u015brodk\u00f3w. W takim przypadku wp\u0142acone kwoty zostan\u0105 zwr\u00f3cone w ci\u0105gu 30 dni.<br>4.5 W przypadku odmowy przyj\u0119cia przesy\u0142ki, Shop4trac ma prawo obci\u0105\u017cy\u0107 kupuj\u0105cego poniesionymi kosztami transportu. <\/p><p><strong>Artyku\u0142 5: Transport i ryzyko<\/strong><br>5.1 Spos\u00f3b transportu, wysy\u0142ki i pakowania, o ile kupuj\u0105cy nie przeka\u017ce Shop4trac innych wytycznych, jest okre\u015blany przez nas z nale\u017cyt\u0105 staranno\u015bci\u0105. Ewentualne specyficzne \u017cyczenia kupuj\u0105cego dotycz\u0105ce transportu\/wysy\u0142ki zostan\u0105 zrealizowane tylko wtedy, gdy kupuj\u0105cy zadeklaruje pokrycie ich dodatkowych koszt\u00f3w.<br>5.2 Przy odbiorze paczki kupuj\u0105cy musi z\u0142o\u017cy\u0107 podpis u kuriera, potwierdzaj\u0105c jej otrzymanie.<br>5.3 Po dostarczeniu przesy\u0142ki kupuj\u0105cy powinien sprawdzi\u0107 jej zawarto\u015b\u0107. Je\u015bli zam\u00f3wienie oka\u017ce si\u0119 niekompletne lub nieprawid\u0142owe, kupuj\u0105cy powinien jak najszybciej, a najp\u00f3\u017aniej w ci\u0105gu siedmiu (7) dni roboczych od otrzymania, skontaktowa\u0107 si\u0119 z nami e-mailem: support@shop4trac.com lub poprzez formularz kontaktowy na stronie.<br>5.4 Wszystkie przesy\u0142ki wysy\u0142ane przez Shop4trac s\u0105 obj\u0119te rozszerzon\u0105 odpowiedzialno\u015bci\u0105.   Ryzyko uszkodzenia i utraty przesy\u0142ki do kupuj\u0105cego ponosi zatem Shop4trac. Po otrzymaniu przedmiot\u00f3w przez kupuj\u0105cego ryzyko uszkodzenia i utraty przechodzi na kupuj\u0105cego.<\/p><p><strong>Artyku\u0142 6: P\u0142atno\u015b\u0107<\/strong><br>6.1 Dost\u0119pne metody p\u0142atno\u015bci to: karta kredytowa (Visa \u2013 Mastercard); iDeal | Wero; przelew bankowy (SEPA); PayPal oraz Klarna.<br>6.2 Przedp\u0142aty mo\u017cna dokona\u0107 przelewem bankowym lub pocztowym. W przypadku p\u0142atno\u015bci przelewem bankowym lub giro, dat\u0105 p\u0142atno\u015bci jest data uznania giro lub rachunku bankowego Shop4trac. Termin dostawy podany w artykule 4 obowi\u0105zuje od chwili otrzymania przez Shop4trac odpowiedniej kwoty na numer konta firmowego.<br> 6.3 Shop4trac zastrzega sobie prawo do odst\u0105pienia w ka\u017cdej chwili od wybranej przez kupuj\u0105cego metody p\u0142atno\u015bci i na\u0142o\u017cenia dodatkowych warunk\u00f3w.<br> 6.4 Je\u017celi kupuj\u0105cy zalega z jak\u0105kolwiek p\u0142atno\u015bci\u0105, Shop4trac ma prawo zawiesi\u0107 lub rozwi\u0105za\u0107 dalsze umowy.<br> 6.5 Je\u017celi kupuj\u0105cy otrzyma\u0142 zam\u00f3wienie do domu i za\u017c\u0105da\u0142 autoryzacji zwrotu w swoim banku, dane zam\u00f3wienie musia\u0142o ju\u017c dotrze\u0107 do Shop4trac. Je\u017celi tak si\u0119 nie stanie, Shop4trac b\u0119dzie m\u00f3g\u0142 pobra\u0107 nale\u017cn\u0105 kwot\u0119 do czasu otrzymania zam\u00f3wienia z zastrze\u017ceniem \u201ewarunk\u00f3w zwrotu\u201d.<\/p><p><strong>Artyku\u0142 7: Zastrze\u017cenie tytu\u0142u w\u0142asno\u015bci<\/strong><br> 7.1 Dostarczone przedmioty pozostaj\u0105 w\u0142asno\u015bci\u0105 Shop4trac do momentu uregulowania wszystkich zobowi\u0105za\u0144 p\u0142atniczych. Jednak\u017ce ryzyko dotycz\u0105ce ju\u017c dostarczonych przedmiot\u00f3w przechodzi na kupuj\u0105cego ju\u017c w momencie dostawy. <\/p><p><strong>Artyku\u0142 8: Gwarancja<\/strong><br>8.1 Wszystkie produkty sprzedawane przez Shop4trac za po\u015brednictwem strony internetowej s\u0105 obj\u0119te gwarancj\u0105 producenta danej marki.<br>8.2 Kupuj\u0105cy nie mo\u017ce skorzysta\u0107 z gwarancji w nast\u0119puj\u0105cych przypadkach: normalne zu\u017cycie; niew\u0142a\u015bciwe u\u017cytkowanie i\/lub nieprzestrzeganie instrukcji obs\u0142ugi; wprowadzenie zmian w produkcie; uszkodzenia wynikaj\u0105ce z winy umy\u015blnej lub ra\u017c\u0105cego niedbalstwa; samodzielne dokonanie napraw dostarczonych towar\u00f3w przez kupuj\u0105cego i\/lub osoby trzecie zaanga\u017cowane przez kupuj\u0105cego w okresie gwarancyjnym.<br>8.3 Kupuj\u0105cy ma obowi\u0105zek poinformowa\u0107 Shop4trac o swojej reklamacji przed odes\u0142aniem produktu. Koszty wysy\u0142ki w ramach gwarancji pokrywa Shop4trac, pod warunkiem skorzystania z w\u0142a\u015bciwego numeru zwrotnego. Nale\u017cy przy tym pami\u0119ta\u0107 o nast\u0119puj\u0105cych kwestiach: Numer gwarancyjny musi zosta\u0107 zg\u0142oszony w wyznaczonym okresie gwarancji; Produkt musi zosta\u0107 wys\u0142any w ci\u0105gu pi\u0119ciu (5) dni roboczych od przyznania numeru gwarancyjnego; Produkt obj\u0119ty gwarancj\u0105 musi by\u0107 dobrze zapakowany do wysy\u0142ki zwrotnej, aby unikn\u0105\u0107 uszkodze\u0144; Przesy\u0142ka zwrotna musi zawiera\u0107 opis problemu, numer gwarancyjny, dane kupuj\u0105cego oraz kopi\u0119 faktury; Problemy z przesy\u0142k\u0105 realizowan\u0105 przez firm\u0119 transportow\u0105 dostarczaj\u0105c\u0105 paczk\u0119 do Shop4trac obci\u0105\u017caj\u0105 kupuj\u0105cego.<br>8.4 Gwarancja wygasa, je\u015bli kupuj\u0105cy nie dope\u0142ni\u0142 obowi\u0105zku zap\u0142aty.<br>8.5 Odpowiedzialno\u015b\u0107 Shop4Trac za szkody jest ograniczona do kwoty ceny zakupu danego produktu. Shop4Trac nie ponosi odpowiedzialno\u015bci za szkody po\u015brednie lub nast\u0119pcze, takie jak utracone zyski czy oszcz\u0119dno\u015bci. Nic w niniejszych warunkach nie narusza ustawowych praw konsumenta dotycz\u0105cych r\u0119kojmi ani odpowiedzialno\u015bci Shop4Trac za win\u0119 umy\u015bln\u0105, ra\u017c\u0105ce niedbalstwo lub uszczerbek na zdrowiu.     <\/p><p><strong>Artyku\u0142 9: Zwroty<\/strong><br>9.1 Kupuj\u0105cy ma prawo odst\u0105pi\u0107 od umowy bez podania przyczyny w ci\u0105gu czternastu (14) dni roboczych od otrzymania towaru. Przed dokonaniem zwrotu kupuj\u0105cy musi poprosi\u0107 o numer zwrotu.<br>9.2 Po przyznaniu numeru zwrotu kupuj\u0105cy musi odes\u0142a\u0107 zam\u00f3wienie w ci\u0105gu pi\u0119ciu (5) dni roboczych.<br>9.3 Produkty musz\u0105 by\u0107 nieu\u017cywane, kompletne, nieuszkodzone i w oryginalnym opakowaniu, chyba \u017ce Shop4Trac wska\u017ce inaczej. Zwrotom nie podlegaj\u0105 produkty zam\u00f3wione przez kupuj\u0105cego z personalizowanym grawerem, niestandardowymi kolorami lub innymi modyfikacjami.<br>9.4 Przesy\u0142ka zwrotna musi by\u0107 zawsze wys\u0142ana listem poleconym, odpowiednio op\u0142acona i dobrze zapakowana. Koszty wysy\u0142ki pokrywa kupuj\u0105cy.<br>9.5 Otrzymane p\u0142atno\u015bci zostan\u0105 zwr\u00f3cone w ci\u0105gu 14 dni od zg\u0142oszenia zwrotu, po potr\u0105ceniu poniesionych koszt\u00f3w, takich jak koszty administracyjne, koszty przetwarzania i koszty czyszczenia, je\u015bli Shop4Trac zdecyduje si\u0119 przyj\u0105\u0107 u\u017cywany produkt. Shop4Trac zastrzega sobie prawo do wstrzymania zwrotu pieni\u0119dzy do czasu udowodnienia, \u017ce produkt lub produkty dotar\u0142y na wskazany adres zwrotny. W przypadku zwrotu tylko cz\u0119\u015bci zam\u00f3wienia, koszty pierwotnej wysy\u0142ki zawsze pokrywa kupuj\u0105cy.     <\/p><p><strong>Artyku\u0142 10: Informacje o produktach<\/strong><br>10.1 Shop4trac dok\u0142ada wszelkich stara\u0144, aby informacje o oferowanych produktach by\u0142y rzetelne. Shop4trac nie ponosi jednak odpowiedzialno\u015bci za b\u0142\u0119dne specyfikacje i\/lub inne oznaczenia artyku\u0142\u00f3w.<br>10.2 Prezentowane zdj\u0119cia maj\u0105 charakter pogl\u0105dowy i mog\u0105 odbiega\u0107 od rzeczywistego wygl\u0105du produktu.  Odmienne obrazy nie mog\u0105 stanowi\u0107 podstawy do odszkodowania i\/lub zako\u0144czenia zakupu.<\/p><p><strong>Artyku\u0142 11: Prywatno\u015b\u0107<\/strong><br> 11.1 Shop4trac przywi\u0105zuje du\u017c\u0105 wag\u0119 do prywatno\u015bci swoich klient\u00f3w. Dlatego wszystkie dane osobowe s\u0105 traktowane z ostro\u017cno\u015bci\u0105. Wszystkie regulacje prawne dotycz\u0105ce danych osobowych s\u0105 \u015bci\u015ble przestrzegane. Shop4trac wykorzystuje podane przez kupuj\u0105cego dane osobowe w celu realizacji zam\u00f3wie\u0144 oraz, je\u015bli kupuj\u0105cy wyrazi\u0142 na to zgod\u0119, w celach marketingowych.<br> 11.2 Shop4trac nie udost\u0119pnia danych osobowych osobom trzecim bez zgody kupuj\u0105cego, chyba \u017ce jest to konieczne do realizacji p\u0142atno\u015bci.<br> 11.3 Dane osobowe mog\u0105 zosta\u0107 zmienione na pro\u015bb\u0119 kupuj\u0105cego.   <\/p><p><strong>Artyku\u0142 12: Spory<\/strong><br>12.1 Reklamacje nale\u017cy sk\u0142ada\u0107 w rozs\u0105dnym terminie w jasnej formie e-mailowej na adres support@shop4trac.com. Shop4Trac udzieli odpowiedzi w ci\u0105gu 14 dni.<br>12.2 Niniejsze warunki podlegaj\u0105 prawu holenderskiemu.<br>12.3 Wszelkie spory mi\u0119dzy stronami b\u0119d\u0105 rozstrzygane wy\u0142\u0105cznie przez w\u0142a\u015bciwy s\u0105d w Holandii. <\/p>\t\t\t\t\t\t\t\t<\/div>\n\t\t\t\t<\/div>\n\t\t\t\t\t<\/div>\n\t\t<\/div>\n\t\t\t\t\t<\/div>\n\t\t<\/section>\n\t\t\t\t<\/div>\n\t\t","protected":false},"excerpt":{"rendered":"<p>Artyku\u0142 1: Postanowienia og\u00f3lne1.1 Niniejszy dokument to Og\u00f3lne Warunki Sprzeda\u017cy i Dostaw firmy Snel parts z siedzib\u0105 w Amsterdamie. Firma Snel parts jest zarejestrowana w Izbie Handlowej pod numerem 72200987.1.2 Niniejsze og\u00f3lne warunki sprzeda\u017cy i dostaw maj\u0105 zastosowanie do wszystkich zlece\u0144, ofert i um\u00f3w serwisu Shop4trac.com. Artyku\u0142 2: Zam\u00f3wienia i zawarcie umowy2.1 Zam\u00f3wienia mo\u017cna sk\u0142ada\u0107&hellip;<\/p>\n","protected":false},"author":1,"featured_media":0,"parent":0,"menu_order":0,"comment_status":"closed","ping_status":"open","template":"","meta":{"footnotes":""},"class_list":["post-108968","page","type-page","status-publish","hentry"],"_links":{"self":[{"href":"https:\/\/shop4trac.com\/pl\/wp-json\/wp\/v2\/pages\/108968","targetHints":{"allow":["GET"]}}],"collection":[{"href":"https:\/\/shop4trac.com\/pl\/wp-json\/wp\/v2\/pages"}],"about":[{"href":"https:\/\/shop4trac.com\/pl\/wp-json\/wp\/v2\/types\/page"}],"author":[{"embeddable":true,"href":"https:\/\/shop4trac.com\/pl\/wp-json\/wp\/v2\/users\/1"}],"replies":[{"embeddable":true,"href":"https:\/\/shop4trac.com\/pl\/wp-json\/wp\/v2\/comments?post=108968"}],"version-history":[{"count":0,"href":"https:\/\/shop4trac.com\/pl\/wp-json\/wp\/v2\/pages\/108968\/revisions"}],"wp:attachment":[{"href":"https:\/\/shop4trac.com\/pl\/wp-json\/wp\/v2\/media?parent=108968"}],"curies":[{"name":"wp","href":"https:\/\/api.w.org\/{rel}","templated":true}]}}