{"id":108868,"date":"2024-05-27T11:21:13","date_gmt":"2024-05-27T10:21:13","guid":{"rendered":"https:\/\/shop4trac.com\/czesto-zadawane-pytania\/"},"modified":"2025-09-23T12:18:19","modified_gmt":"2025-09-23T10:18:19","slug":"czesto-zadawane-pytania","status":"publish","type":"page","link":"https:\/\/shop4trac.com\/pl\/czesto-zadawane-pytania\/","title":{"rendered":"Cz\u0119sto Zadawane Pytania"},"content":{"rendered":"\t\t<div data-elementor-type=\"wp-page\" data-elementor-id=\"108868\" class=\"elementor elementor-108868\">\n\t\t\t\t\t\t<section class=\"elementor-section elementor-top-section elementor-element elementor-element-b594e2b elementor-section-boxed elementor-section-height-default elementor-section-height-default\" data-id=\"b594e2b\" data-element_type=\"section\" data-e-type=\"section\">\n\t\t\t\t\t\t<div class=\"elementor-container elementor-column-gap-default\">\n\t\t\t\t\t<div class=\"elementor-column elementor-col-100 elementor-top-column elementor-element elementor-element-ae96c77\" data-id=\"ae96c77\" data-element_type=\"column\" data-e-type=\"column\">\n\t\t\t<div class=\"elementor-widget-wrap elementor-element-populated\">\n\t\t\t\t\t\t<div class=\"elementor-element elementor-element-573772e elementor-widget elementor-widget-heading\" data-id=\"573772e\" data-element_type=\"widget\" data-e-type=\"widget\" data-widget_type=\"heading.default\">\n\t\t\t\t<div class=\"elementor-widget-container\">\n\t\t\t\t\t<h1 class=\"elementor-heading-title elementor-size-default\">Cz\u0119sto Zadawane Pytania<\/h1>\t\t\t\t<\/div>\n\t\t\t\t<\/div>\n\t\t\t\t\t<\/div>\n\t\t<\/div>\n\t\t\t\t\t<\/div>\n\t\t<\/section>\n\t\t\t\t<section class=\"elementor-section elementor-top-section elementor-element elementor-element-db23fe4 elementor-section-boxed elementor-section-height-default elementor-section-height-default\" data-id=\"db23fe4\" data-element_type=\"section\" data-e-type=\"section\">\n\t\t\t\t\t\t<div class=\"elementor-container elementor-column-gap-default\">\n\t\t\t\t\t<div class=\"elementor-column elementor-col-50 elementor-top-column elementor-element elementor-element-83a9363\" data-id=\"83a9363\" data-element_type=\"column\" data-e-type=\"column\">\n\t\t\t<div class=\"elementor-widget-wrap elementor-element-populated\">\n\t\t\t\t\t\t<div class=\"elementor-element elementor-element-e26537b elementor-widget elementor-widget-mf-elementor-icon-box\" data-id=\"e26537b\" data-element_type=\"widget\" data-e-type=\"widget\" data-widget_type=\"mf-elementor-icon-box.default\">\n\t\t\t\t<div class=\"elementor-widget-container\">\n\t\t\t\t\t<div class=\"mf-elementor-icon-box align-icon-left\">\r\n\t\t\t\t<div class=\"mf-icon box-icon\"><i class=\"fa fa-truck\"><\/i><\/div>\r\n\t\t\t\t<div class=\"box-wrapper\">\r\n\t\t\t\t\t<h3 class=\"box-title\"><a class=\"\" href=\"https:\/\/shop4trac.com\/pl\/czesto-zadawane-pytania\/czasy-wysylki-i-dostawy\/\">Czasy wysy\u0142ki i dostawy<\/a><\/h3>\r\n\t\t\t\t\t<div class=\"desc\"><\/div>\r\n\t\t\t\t\t<a class=\"box-url\" href=\"https:\/\/shop4trac.com\/pl\/czesto-zadawane-pytania\/czasy-wysylki-i-dostawy\/\">8 pyta\u0144<\/a>\r\n\t\t\t\t<\/div>\r\n\t\t\t<\/div>\t\t\t\t<\/div>\n\t\t\t\t<\/div>\n\t\t\t\t\t<\/div>\n\t\t<\/div>\n\t\t\t\t<div class=\"elementor-column elementor-col-50 elementor-top-column elementor-element elementor-element-7349299\" data-id=\"7349299\" data-element_type=\"column\" data-e-type=\"column\">\n\t\t\t<div class=\"elementor-widget-wrap elementor-element-populated\">\n\t\t\t\t\t\t<div class=\"elementor-element elementor-element-9b35d2f elementor-widget elementor-widget-mf-elementor-icon-box\" data-id=\"9b35d2f\" data-element_type=\"widget\" data-e-type=\"widget\" data-widget_type=\"mf-elementor-icon-box.default\">\n\t\t\t\t<div class=\"elementor-widget-container\">\n\t\t\t\t\t<div class=\"mf-elementor-icon-box align-icon-left\">\r\n\t\t\t\t<div class=\"mf-icon box-icon\"><i class=\"icon-return\"><\/i><\/div>\r\n\t\t\t\t<div class=\"box-wrapper\">\r\n\t\t\t\t\t<h3 class=\"box-title\"><a class=\"\" href=\"https:\/\/shop4trac.com\/pl\/czesto-zadawane-pytania\/platnosci-i-zwroty-pieniedzy\/\">P\u0142atno\u015bci i zwroty pieni\u0119dzy<\/a><\/h3>\r\n\t\t\t\t\t<div class=\"desc\"><\/div>\r\n\t\t\t\t\t<a class=\"box-url\" href=\"https:\/\/shop4trac.com\/pl\/czesto-zadawane-pytania\/platnosci-i-zwroty-pieniedzy\/\">4 pytania<\/a>\r\n\t\t\t\t<\/div>\r\n\t\t\t<\/div>\t\t\t\t<\/div>\n\t\t\t\t<\/div>\n\t\t\t\t\t<\/div>\n\t\t<\/div>\n\t\t\t\t\t<\/div>\n\t\t<\/section>\n\t\t\t\t<section class=\"elementor-section elementor-top-section elementor-element elementor-element-b26ac3b elementor-section-boxed elementor-section-height-default elementor-section-height-default\" data-id=\"b26ac3b\" data-element_type=\"section\" data-e-type=\"section\">\n\t\t\t\t\t\t<div class=\"elementor-container elementor-column-gap-default\">\n\t\t\t\t\t<div class=\"elementor-column elementor-col-50 elementor-top-column elementor-element elementor-element-1e4702b\" data-id=\"1e4702b\" data-element_type=\"column\" data-e-type=\"column\">\n\t\t\t<div class=\"elementor-widget-wrap elementor-element-populated\">\n\t\t\t\t\t\t<div class=\"elementor-element elementor-element-d7edeef elementor-widget elementor-widget-mf-elementor-icon-box\" data-id=\"d7edeef\" data-element_type=\"widget\" data-e-type=\"widget\" data-widget_type=\"mf-elementor-icon-box.default\">\n\t\t\t\t<div class=\"elementor-widget-container\">\n\t\t\t\t\t<div class=\"mf-elementor-icon-box align-icon-left\">\r\n\t\t\t\t<div class=\"mf-icon box-icon\"><i class=\"icon-credit-card\"><\/i><\/div>\r\n\t\t\t\t<div class=\"box-wrapper\">\r\n\t\t\t\t\t<h3 class=\"box-title\"><a class=\"\" href=\"https:\/\/shop4trac.com\/pl\/czesto-zadawane-pytania\/zamow-i-zmien\/\">Zam\u00f3w i zmie\u0144<\/a><\/h3>\r\n\t\t\t\t\t<div class=\"desc\"><\/div>\r\n\t\t\t\t\t<a class=\"box-url\" href=\"https:\/\/shop4trac.com\/pl\/czesto-zadawane-pytania\/zamow-i-zmien\/\">19 pyta\u0144<\/a>\r\n\t\t\t\t<\/div>\r\n\t\t\t<\/div>\t\t\t\t<\/div>\n\t\t\t\t<\/div>\n\t\t\t\t\t<\/div>\n\t\t<\/div>\n\t\t\t\t<div class=\"elementor-column elementor-col-50 elementor-top-column elementor-element elementor-element-d8234c2\" data-id=\"d8234c2\" data-element_type=\"column\" data-e-type=\"column\">\n\t\t\t<div class=\"elementor-widget-wrap elementor-element-populated\">\n\t\t\t\t\t\t<div class=\"elementor-element elementor-element-4486b09 elementor-widget elementor-widget-mf-elementor-icon-box\" data-id=\"4486b09\" data-element_type=\"widget\" data-e-type=\"widget\" data-widget_type=\"mf-elementor-icon-box.default\">\n\t\t\t\t<div class=\"elementor-widget-container\">\n\t\t\t\t\t<div class=\"mf-elementor-icon-box align-icon-left\">\r\n\t\t\t\t<div class=\"mf-icon box-icon\"><i class=\"icon-warning\"><\/i><\/div>\r\n\t\t\t\t<div class=\"box-wrapper\">\r\n\t\t\t\t\t<h3 class=\"box-title\"><a class=\"\" href=\" https:\/\/shop4trac.com\/pl\/czesto-zadawane-pytania\/gwarancja-i-zwroty\/\">Gwarancja i zwroty<\/a><\/h3>\r\n\t\t\t\t\t<div class=\"desc\"><\/div>\r\n\t\t\t\t\t<a class=\"box-url\" href=\" https:\/\/shop4trac.com\/pl\/czesto-zadawane-pytania\/gwarancja-i-zwroty\/\">7 pyta\u0144<\/a>\r\n\t\t\t\t<\/div>\r\n\t\t\t<\/div>\t\t\t\t<\/div>\n\t\t\t\t<\/div>\n\t\t\t\t\t<\/div>\n\t\t<\/div>\n\t\t\t\t\t<\/div>\n\t\t<\/section>\n\t\t\t\t<section class=\"elementor-section elementor-top-section elementor-element elementor-element-fe39089 elementor-section-boxed elementor-section-height-default elementor-section-height-default\" data-id=\"fe39089\" data-element_type=\"section\" data-e-type=\"section\">\n\t\t\t\t\t\t<div class=\"elementor-container elementor-column-gap-default\">\n\t\t\t\t\t<div class=\"elementor-column elementor-col-50 elementor-top-column elementor-element elementor-element-ddebe36\" data-id=\"ddebe36\" data-element_type=\"column\" data-e-type=\"column\">\n\t\t\t<div class=\"elementor-widget-wrap elementor-element-populated\">\n\t\t\t\t\t\t<div class=\"elementor-element elementor-element-4e7522d elementor-widget elementor-widget-mf-elementor-icon-box\" data-id=\"4e7522d\" data-element_type=\"widget\" data-e-type=\"widget\" data-widget_type=\"mf-elementor-icon-box.default\">\n\t\t\t\t<div class=\"elementor-widget-container\">\n\t\t\t\t\t<div class=\"mf-elementor-icon-box align-icon-left\">\r\n\t\t\t\t<div class=\"mf-icon box-icon\"><i class=\"icon-telephone\"><\/i><\/div>\r\n\t\t\t\t<div class=\"box-wrapper\">\r\n\t\t\t\t\t<h3 class=\"box-title\"><a class=\"\" href=\"https:\/\/shop4trac.com\/pl\/czesto-zadawane-pytania\/konto-i-wsparcie\/\">Konto i wsparcie<\/a><\/h3>\r\n\t\t\t\t\t<div class=\"desc\"><\/div>\r\n\t\t\t\t\t<a class=\"box-url\" href=\"https:\/\/shop4trac.com\/pl\/czesto-zadawane-pytania\/konto-i-wsparcie\/\">8 pyta\u0144<\/a>\r\n\t\t\t\t<\/div>\r\n\t\t\t<\/div>\t\t\t\t<\/div>\n\t\t\t\t<\/div>\n\t\t\t\t\t<\/div>\n\t\t<\/div>\n\t\t\t\t<div class=\"elementor-column elementor-col-50 elementor-top-column elementor-element elementor-element-8cb67e3\" data-id=\"8cb67e3\" data-element_type=\"column\" data-e-type=\"column\">\n\t\t\t<div class=\"elementor-widget-wrap elementor-element-populated\">\n\t\t\t\t\t\t<div class=\"elementor-element elementor-element-6890e66 elementor-widget elementor-widget-mf-elementor-icon-box\" data-id=\"6890e66\" data-element_type=\"widget\" data-e-type=\"widget\" data-widget_type=\"mf-elementor-icon-box.default\">\n\t\t\t\t<div class=\"elementor-widget-container\">\n\t\t\t\t\t<div class=\"mf-elementor-icon-box align-icon-left\">\r\n\t\t\t\t<div class=\"mf-icon box-icon\"><i class=\"fa fa-suitcase\"><\/i><\/div>\r\n\t\t\t\t<div class=\"box-wrapper\">\r\n\t\t\t\t\t<h3 class=\"box-title\"><a class=\"\" href=\" https:\/\/shop4trac.com\/pl\/handlowy\/\">Handlowy<\/a><\/h3>\r\n\t\t\t\t\t<div class=\"desc\"><\/div>\r\n\t\t\t\t\t<a class=\"box-url\" href=\" https:\/\/shop4trac.com\/pl\/handlowy\/\">3 pytania<\/a>\r\n\t\t\t\t<\/div>\r\n\t\t\t<\/div>\t\t\t\t<\/div>\n\t\t\t\t<\/div>\n\t\t\t\t\t<\/div>\n\t\t<\/div>\n\t\t\t\t\t<\/div>\n\t\t<\/section>\n\t\t\t\t<section class=\"elementor-section elementor-top-section elementor-element elementor-element-09c0a22 elementor-section-boxed elementor-section-height-default elementor-section-height-default\" data-id=\"09c0a22\" data-element_type=\"section\" data-e-type=\"section\">\n\t\t\t\t\t\t<div class=\"elementor-container elementor-column-gap-default\">\n\t\t\t\t\t<div class=\"elementor-column elementor-col-100 elementor-top-column elementor-element elementor-element-e745f58\" data-id=\"e745f58\" data-element_type=\"column\" data-e-type=\"column\">\n\t\t\t<div class=\"elementor-widget-wrap elementor-element-populated\">\n\t\t\t\t\t\t<div class=\"elementor-element elementor-element-61bff02 elementor-widget elementor-widget-text-editor\" data-id=\"61bff02\" data-element_type=\"widget\" data-e-type=\"widget\" data-widget_type=\"text-editor.default\">\n\t\t\t\t<div class=\"elementor-widget-container\">\n\t\t\t\t\t\t\t\t\t<h4 style=\"text-align: center\"><span style=\"color: #ea7317\">Nie znalaz\u0142e\u015b tego, czego szukasz? Skontaktuj si\u0119 z nami. <\/span><\/h4>\t\t\t\t\t\t\t\t<\/div>\n\t\t\t\t<\/div>\n\t\t\t\t<div class=\"elementor-element elementor-element-7d89611 elementor-widget elementor-widget-html\" data-id=\"7d89611\" data-element_type=\"widget\" data-e-type=\"widget\" data-widget_type=\"html.default\">\n\t\t\t\t<div class=\"elementor-widget-container\">\n\t\t\t\t\t<div style=\"margin: 0 auto;text-align: center\">\n  <button class=\"elementor-button elementor-size-lg\" role=\"button\" style=\"background-color: #3971B8;color: white;border: none;padding: 12px 24px;font-size: 16px;border-radius: 5px;cursor: pointer\">\n    <span class=\"elementor-button-content-wrapper\">\n      <span class=\"elementor-button-text\">Wys\u0142a\u0107 wiadomo\u015b\u0107<\/span>\n    <\/span>\n  <\/button>\n<\/div>\t\t\t\t<\/div>\n\t\t\t\t<\/div>\n\t\t\t\t\t<\/div>\n\t\t<\/div>\n\t\t\t\t\t<\/div>\n\t\t<\/section>\n\t\t\t\t<\/div>\n\t\t","protected":false},"excerpt":{"rendered":"<p>Cz\u0119sto Zadawane Pytania Czasy wysy\u0142ki i dostawy 8 pyta\u0144 P\u0142atno\u015bci i zwroty pieni\u0119dzy 4 pytania Zam\u00f3w i zmie\u0144 19 pyta\u0144 Gwarancja i zwroty 7 pyta\u0144 Konto i wsparcie 8 pyta\u0144 Handlowy 3 pytania Nie znalaz\u0142e\u015b tego, czego szukasz? Skontaktuj si\u0119 z nami. Wys\u0142a\u0107 wiadomo\u015b\u0107<\/p>\n","protected":false},"author":1,"featured_media":0,"parent":0,"menu_order":0,"comment_status":"closed","ping_status":"closed","template":"template-full-width.php","meta":{"footnotes":""},"class_list":["post-108868","page","type-page","status-publish","hentry"],"_links":{"self":[{"href":"https:\/\/shop4trac.com\/pl\/wp-json\/wp\/v2\/pages\/108868","targetHints":{"allow":["GET"]}}],"collection":[{"href":"https:\/\/shop4trac.com\/pl\/wp-json\/wp\/v2\/pages"}],"about":[{"href":"https:\/\/shop4trac.com\/pl\/wp-json\/wp\/v2\/types\/page"}],"author":[{"embeddable":true,"href":"https:\/\/shop4trac.com\/pl\/wp-json\/wp\/v2\/users\/1"}],"replies":[{"embeddable":true,"href":"https:\/\/shop4trac.com\/pl\/wp-json\/wp\/v2\/comments?post=108868"}],"version-history":[{"count":0,"href":"https:\/\/shop4trac.com\/pl\/wp-json\/wp\/v2\/pages\/108868\/revisions"}],"wp:attachment":[{"href":"https:\/\/shop4trac.com\/pl\/wp-json\/wp\/v2\/media?parent=108868"}],"curies":[{"name":"wp","href":"https:\/\/api.w.org\/{rel}","templated":true}]}}