{"id":108861,"date":"2024-05-27T11:21:12","date_gmt":"2024-05-27T10:21:12","guid":{"rendered":"https:\/\/shop4trac.com\/polityka-prywatnosci\/"},"modified":"2024-05-27T11:21:13","modified_gmt":"2024-05-27T10:21:13","slug":"polityka-prywatnosci","status":"publish","type":"page","link":"https:\/\/shop4trac.com\/pl\/polityka-prywatnosci\/","title":{"rendered":"Polityka prywatno\u015bci"},"content":{"rendered":"&#13;\n<p>Shop4Trac\u00a0respecteert de privacy van alle gebruikers van haar site en draagt er zorg voor dat de persoonlijke informatie die u ons verschaft vertrouwelijk wordt behandeld.\u00a0<br\/>Wij gebruiken uw gegevens om de bestellingen zo snel en gemakkelijk mogelijk te laten verlopen.\u00a0<br\/>Voor het overige zullen wij deze gegevens uitsluitend gebruiken met uw toestemming.\u00a0<br\/>Shop4Trac zal uw persoonlijke gegevens niet aan derden verkopen en zal deze uitsluitend aan derden ter beschikking stellen die zijn betrokken bij het uitvoeren van uw bestelling.<\/p>&#13;\n&#13;\n<p>Shop4Trac wykorzystuje zebrane dane w celu \u015bwiadczenia swoim Klientom nast\u0119puj\u0105cych us\u0142ug:  <br\/>\u25a0 Je\u015bli z\u0142o\u017cysz zam\u00f3wienie, potrzebujemy Twojego imienia i nazwiska, adresu e-mail, adresu dostawy i szczeg\u00f3\u0142\u00f3w p\u0142atno\u015bci, aby przetworzy\u0107 Twoje zam\u00f3wienie i informowa\u0107 Ci\u0119 o jego post\u0119pie.  <br\/>\u25a0 Aby zakupy w Shop4Trac by\u0142y jak najbardziej przyjemne, przechowujemy Twoje dane osobowe oraz dane zwi\u0105zane z Twoim zam\u00f3wieniem i korzystaniem z naszych us\u0142ug za Twoj\u0105 zgod\u0105. Dzi\u0119ki temu mo\u017cemy personalizowa\u0107 stron\u0119 internetow\u0105.  <br\/>\u25a0 Tw\u00f3j adres e-mail wykorzystujemy do informowania Ci\u0119 o rozwoju serwisu oraz o ofertach specjalnych i promocjach. Je\u015bli nie chcesz ju\u017c tego otrzymywa\u0107, mo\u017cesz zrezygnowa\u0107 z subskrypcji na naszej stronie internetowej.  <br\/>\u25a0 Je\u015bli z\u0142o\u017cysz zam\u00f3wienie w Shop4Trac, je\u015bli zajdzie taka potrzeba, b\u0119dziemy przechowywa\u0107 Twoje dane na bezpiecznym serwerze. Mo\u017cesz poda\u0107 nazw\u0119 u\u017cytkownika i has\u0142o, dzi\u0119ki czemu nie b\u0119dziesz musia\u0142 wpisywa\u0107 swojego imienia i nazwiska oraz adresu, numeru telefonu, adresu e-mail, szczeg\u00f3\u0142\u00f3w dostawy i p\u0142atno\u015bci przy ka\u017cdym nowym zam\u00f3wieniu.  <br\/>\u25a0 Dane dotycz\u0105ce korzystania z naszej witryny oraz informacje zwrotne, kt\u00f3re otrzymujemy od naszych go\u015bci, pomagaj\u0105 nam w dalszym rozwoju i ulepszaniu naszej witryny.  <br\/>\u25a0 Je\u015bli zdecydujesz si\u0119 napisa\u0107 recenzj\u0119, mo\u017cesz wybra\u0107, czy chcesz doda\u0107 swoje imi\u0119 i nazwisko lub inne dane osobowe. Jeste\u015bmy ciekawi opinii naszych go\u015bci, ale zastrzegamy sobie prawo do niepublikowania wpis\u00f3w, kt\u00f3re nie spe\u0142niaj\u0105 warunk\u00f3w naszego serwisu.  <br\/>\u25a0 Je\u015bli odpowiadasz na promocj\u0119 lub konkurs, prosimy o podanie Twojego imienia i nazwiska, adresu i adresu e-mail. Wykorzystujemy te dane do przeprowadzania promocji, og\u0142aszania zwyci\u0119zc\u00f3w nagr\u00f3d i pomiaru reakcji na nasze kampanie marketingowe. Shop4Trac nie sprzedaje Twoich danych. Shop4Trac nie b\u0119dzie sprzedawa\u0107 Twoich danych osobowych osobom trzecim, a jedynie udost\u0119pni je osobom trzecim zaanga\u017cowanym w realizacj\u0119 Twojego zam\u00f3wienia. Nasi pracownicy oraz zaanga\u017cowane przez nas osoby trzecie zobowi\u0105zane s\u0105 do poszanowania poufno\u015bci Twoich danych.<\/p>&#13;\n&#13;\n<h3 class=\"wp-block-heading\">Ciasteczka<\/h3>&#13;\n&#13;\n<p>Pliki cookie to ma\u0142e fragmenty informacji przechowywane na Twoim komputerze przez Twoj\u0105 przegl\u0105dark\u0119.  <br\/>Shop4Trac wykorzystuje pliki cookie, aby rozpozna\u0107 Ci\u0119 podczas kolejnej wizyty. Pliki cookies pozwalaj\u0105 nam zbiera\u0107 informacje na temat korzystania z naszych us\u0142ug oraz ulepsza\u0107 je i dostosowywa\u0107 do \u017cycze\u0144 naszych go\u015bci. Nasze pliki cookies dostarczaj\u0105 informacji dotycz\u0105cych identyfikacji osobistej.  <br\/>Mo\u017cesz ustawi\u0107 swoj\u0105 przegl\u0105dark\u0119 tak, aby podczas zakup\u00f3w w Shop4Trac nie otrzymywa\u0142a plik\u00f3w cookies. Je\u015bli masz jakiekolwiek pytania dotycz\u0105ce Polityki prywatno\u015bci Shop4Trac, mo\u017cesz si\u0119 z nami skontaktowa\u0107. Nasza obs\u0142uga klienta pomo\u017ce Ci, je\u015bli potrzebujesz informacji o swoich danych lub chcesz je zmieni\u0107. Je\u017celi konieczne b\u0119d\u0105 zmiany w naszej Polityce Prywatno\u015bci, na tej stronie zawsze znajdziesz naj\u015bwie\u017csze informacje.<\/p>&#13;\n","protected":false},"excerpt":{"rendered":"<p>&#13; Shop4Trac\u00a0respecteert de privacy van alle gebruikers van haar site en draagt er zorg voor dat de persoonlijke informatie die u ons verschaft vertrouwelijk wordt behandeld.\u00a0Wij gebruiken uw gegevens om de bestellingen zo snel en gemakkelijk mogelijk te laten verlopen.\u00a0Voor het overige zullen wij deze gegevens uitsluitend gebruiken met uw toestemming.\u00a0Shop4Trac zal uw persoonlijke gegevens&hellip;<\/p>\n","protected":false},"author":1,"featured_media":0,"parent":0,"menu_order":0,"comment_status":"closed","ping_status":"open","template":"","meta":{"footnotes":""},"class_list":["post-108861","page","type-page","status-publish","hentry"],"_links":{"self":[{"href":"https:\/\/shop4trac.com\/pl\/wp-json\/wp\/v2\/pages\/108861","targetHints":{"allow":["GET"]}}],"collection":[{"href":"https:\/\/shop4trac.com\/pl\/wp-json\/wp\/v2\/pages"}],"about":[{"href":"https:\/\/shop4trac.com\/pl\/wp-json\/wp\/v2\/types\/page"}],"author":[{"embeddable":true,"href":"https:\/\/shop4trac.com\/pl\/wp-json\/wp\/v2\/users\/1"}],"replies":[{"embeddable":true,"href":"https:\/\/shop4trac.com\/pl\/wp-json\/wp\/v2\/comments?post=108861"}],"version-history":[{"count":0,"href":"https:\/\/shop4trac.com\/pl\/wp-json\/wp\/v2\/pages\/108861\/revisions"}],"wp:attachment":[{"href":"https:\/\/shop4trac.com\/pl\/wp-json\/wp\/v2\/media?parent=108861"}],"curies":[{"name":"wp","href":"https:\/\/api.w.org\/{rel}","templated":true}]}}