{"id":79210,"date":"2023-04-19T12:18:55","date_gmt":"2023-04-19T11:18:55","guid":{"rendered":"https:\/\/shop4trac.com\/senza-categoria\/olio-motore-15w40-iseki-kubota-yanmar-shibaura-satoh-suzu-hinomoto\/"},"modified":"2025-12-19T10:43:39","modified_gmt":"2025-12-19T08:43:39","slug":"olio-motore-15w40-iseki-kubota-yanmar-shibaura-satoh-suzue-hinomoto","status":"publish","type":"product","link":"https:\/\/shop4trac.com\/it\/filtri\/olio-motore\/olio-motore-15w40-iseki-kubota-yanmar-shibaura-satoh-suzue-hinomoto\/","title":{"rendered":"Olio motore 15W40 Iseki | Motore diesel | Marchio Yanmar | Italiano: Satoh | Suzue | Italiano:"},"content":{"rendered":"<p>Se stai cercando un lubrificante adatto per il tuo mini trattore, <strong>l&#8217;olio 15W40<\/strong> \u00e8 una scelta eccellente.<\/p>\n<p><span style=\"text-decoration: underline\">La maggior parte dei motori a 2 cilindri necessita di circa 2,5-3 litri.<\/span><\/p>\n<p><span style=\"text-decoration: underline\">La maggior parte dei motori a 3 cilindri necessita di circa 3,5-4 litri.<\/span><\/p>\n<p>\u00c8 adatto a varie marche, tra cui:<\/p>\n<p><strong>SAE15W-40<\/strong><\/p>\n<p><strong>API SG\/CD<\/strong><\/p>\n<ul>\n<li>Iseki<\/li>\n<li>Kubota<\/li>\n<li>Yanmar<\/li>\n<li>Shibaura<\/li>\n<li>Satoh<\/li>\n<li>Suzu<\/li>\n<li>Hinomoto<\/li>\n<li>Mitsubishi<\/li>\n<li>Komatsu<\/li>\n<li>Hitachi<\/li>\n<li>Kobelco<\/li>\n<\/ul>\n<p>Inoltre, questo olio viene fornito in una pratica <span style=\"text-decoration: underline\"><strong>bottiglia da 5 litri.<\/strong><\/span><\/p>\n<p>L&#8217;olio 15W40 ha una viscosit\u00e0 adatta per l&#8217;uso nei mini trattori. Scorre rapidamente attraverso il sistema e protegge le parti sensibili del motore. Inoltre, questo olio pu\u00f2 resistere alle alte temperature che possono verificarsi durante l&#8217;uso del mini trattore.<\/p>\n<p>\u00c8 importante effettuare cambi d&#8217;olio regolari per mantenere il motore del mini trattore in condizioni ottimali. L&#8217;olio cattivo o vecchio pu\u00f2 impedire al motore di funzionare senza intoppi e pu\u00f2 persino causare danni.<\/p>\n<p>Se vuoi mantenere il tuo mini trattore in buone condizioni, l&#8217;olio 15W40 \u00e8 una scelta eccellente. Questo olio pu\u00f2 essere utilizzato per qualsiasi motore diesel, ma \u00e8 espressamente indicato per i motori montati su questi trattorini.<\/p>\n<p><strong>Dati tecnici:<\/strong><\/p>\n<ul>\n<li>API SG e CD<\/li>\n<\/ul>\n<p>&nbsp;<\/p>\n<p>&nbsp;<\/p>\n","protected":false},"excerpt":{"rendered":"<p><strong>Olio motore SAE 15W-40 da 5 litri adatto a qualsiasi trattore mini o motore diesel Iseki, Kubota, Yanmar e Mitsubishi!  <\/strong><\/p>\n","protected":false},"featured_media":148440,"comment_status":"open","ping_status":"closed","template":"","meta":[],"product_cat":[15476,19390],"product_tag":[],"class_list":{"0":"post-79210","1":"product","2":"type-product","3":"status-publish","4":"has-post-thumbnail","6":"product_cat-olio-motore","7":"product_cat-olio-motore-it","8":"pa_merk-aixam-it","9":"pa_merk-allis-chalmers-it","10":"pa_merk-hanix-it","11":"pa_merk-hinomoto-it","12":"pa_merk-holder-it","13":"pa_merk-iseki-it","14":"pa_merk-john-deere-it","15":"pa_merk-komatsu-it","16":"pa_merk-kubota-it","17":"pa_merk-kumiai-it","18":"pa_merk-satoh-it","19":"pa_merk-shibaura-it","20":"pa_merk-suzue-it","21":"pa_merk-yanmar-it","22":"pa_merk-zen-noh-it","24":"first","25":"instock","26":"sale","27":"featured","28":"taxable","29":"shipping-taxable","30":"purchasable","31":"product-type-simple","32":"col-xs-6 col-sm-4","33":"col-md-3 col-lg-3","34":"un-4-cols"},"_links":{"self":[{"href":"https:\/\/shop4trac.com\/it\/wp-json\/wp\/v2\/product\/79210","targetHints":{"allow":["GET"]}}],"collection":[{"href":"https:\/\/shop4trac.com\/it\/wp-json\/wp\/v2\/product"}],"about":[{"href":"https:\/\/shop4trac.com\/it\/wp-json\/wp\/v2\/types\/product"}],"replies":[{"embeddable":true,"href":"https:\/\/shop4trac.com\/it\/wp-json\/wp\/v2\/comments?post=79210"}],"wp:featuredmedia":[{"embeddable":true,"href":"https:\/\/shop4trac.com\/it\/wp-json\/wp\/v2\/media\/148440"}],"wp:attachment":[{"href":"https:\/\/shop4trac.com\/it\/wp-json\/wp\/v2\/media?parent=79210"}],"wp:term":[{"taxonomy":"product_cat","embeddable":true,"href":"https:\/\/shop4trac.com\/it\/wp-json\/wp\/v2\/product_cat?post=79210"},{"taxonomy":"product_tag","embeddable":true,"href":"https:\/\/shop4trac.com\/it\/wp-json\/wp\/v2\/product_tag?post=79210"}],"curies":[{"name":"wp","href":"https:\/\/api.w.org\/{rel}","templated":true}]}}