{"id":161939,"date":"2025-07-31T18:41:03","date_gmt":"2025-07-31T16:41:03","guid":{"rendered":"https:\/\/shop4trac.com\/senza-categoria\/kit-guarnizioni-base-mitsubishi-s3l-s3l2-mahindra-caterpillar-pel-job-weidemann-solis-26\/"},"modified":"2025-08-01T17:12:35","modified_gmt":"2025-08-01T15:12:35","slug":"kit-guarnizioni-base-mitsubishi-s3l-s3l2-mahindra-caterpillar-pel-job-weidemann-solis-26","status":"publish","type":"product","link":"https:\/\/shop4trac.com\/it\/parti-del-motore\/guarnizioni\/kit-guarnizioni-base-mitsubishi-s3l-s3l2-mahindra-caterpillar-pel-job-weidemann-solis-26\/","title":{"rendered":"Kit guarnizioni base Mitsubishi S3L | S3L2 | Mahindra | Caterpillar | Pel-job | Weidemann | Solis 26"},"content":{"rendered":"<p class=\"p1\"><span class=\"s1\">\u2705 <\/span><b>Kit guarnizioni base | Compatibile con motori Mitsubishi S3L e S3L2<\/b><b><\/b><\/p>\n<p class=\"p2\">Tenuta affidabile per il tuo motore Mitsubishi \u2013 essenziale per la manutenzione o la revisione.<\/p>\n<p class=\"p2\">Questo kit guarnizioni superiore di alta qualit\u00e0 \u00e8 stato appositamente assemblato per motori Mitsubishi S3L e S3L2. Con una vestibilit\u00e0 perfetta per diverse applicazioni come miniescavatori, generatori e trattori compatti. <\/p>\n<p class=\"p1\"><span class=\"s1\">? <\/span><b>Contenuto del kit:<\/b><b><\/b><\/p>\n<p class=\"p2\">\u2714\ufe0f Guarnizione collettore di aspirazione<\/p>\n<p class=\"p2\">\u2714\ufe0f Guarnizione collettore di scarico<\/p>\n<p class=\"p2\">\u2714\ufe0f Guarnizione coperchio valvole<\/p>\n<p class=\"p2\">\u2714\ufe0f Guarnizione coppa dell&#8217;olio<\/p>\n<p class=\"p1\"><b>Compatibile con i seguenti motori:<\/b><b><\/b><\/p>\n<p class=\"p1\"><b>Motore Mitsubishi<\/b><b><\/b><\/p>\n<p class=\"p2\">\u2022 MVS3L2J-ZB62CT, S3L, S3L2, S3L2-61ES, S3L2-61SD, S3L2-61SDH, S3L2-61TG, S3L2-61WH, S3L2-63ES, S3L2-63KL-NP2, S3L2-64ES, S3L2-SD, S3L2-W463KL, S3L2-Y131NSB<\/p>\n<p class=\"p1\"><b>AMI<\/b><b><\/b><\/p>\n<p class=\"p2\">\u2022 GS0009M32S<\/p>\n<p class=\"p1\"><b>Bredenoord<\/b><b><\/b><\/p>\n<p class=\"p2\">\u2022 BRMI10<\/p>\n<p class=\"p1\"><b>Broadcrown<\/b><b><\/b><\/p>\n<p class=\"p2\">\u2022 BCM11-50E2, BCM11-60, BCM11-60SP, BCM11-60SPT4, BCM8-50SPE2<\/p>\n<p class=\"p1\"><b>Captain<\/b><b><\/b><\/p>\n<p class=\"p2\">\u2022 263<\/p>\n<p class=\"p1\"><b>Caterpillar<\/b><b><\/b><\/p>\n<p class=\"p2\">\u2022 302.5C, 303CR, 303SR<\/p>\n<p class=\"p1\"><b>Doosan<\/b><b><\/b><\/p>\n<p class=\"p2\">\u2022 G10(1Ph), G10(3Ph)<\/p>\n<p class=\"p1\"><b>Eisemann<\/b><b><\/b><\/p>\n<p class=\"p2\">\u2022 P11000DE, P11001DE, T11000DE<\/p>\n<p class=\"p1\"><b>Fogo<\/b><b><\/b><\/p>\n<p class=\"p2\">\u2022 FM10<\/p>\n<p class=\"p1\"><b>Geko<\/b><b><\/b><\/p>\n<p class=\"p2\">\u2022 DH\/S10, DH\/S10MF<\/p>\n<p class=\"p1\"><b>Giese<\/b><b><\/b><\/p>\n<p class=\"p2\">\u2022 HB5-10, HB7.5-15<\/p>\n<p class=\"p1\"><b>Hanix<\/b><b><\/b><\/p>\n<p class=\"p2\">\u2022 H22A, H24A, H26C, H36C, H36CR<\/p>\n<p class=\"p1\"><b>Hyundai Heavy Industries (Escavatori)<\/b><b><\/b><\/p>\n<p class=\"p2\">\u2022 R25Z-9A, R27Z-9, R28-7, R36N-7, Robex28-7, Robex35-7, Robex36N-7, Robex55-7<\/p>\n<p class=\"p1\"><b>Ingersoll Rand<\/b><b><\/b><\/p>\n<p class=\"p2\">\u2022 G11, G12<\/p>\n<p class=\"p1\"><b>Mahindra<\/b><b><\/b><\/p>\n<p class=\"p2\">\u2022 1526HST, 1526Shuttle, 1626HST, 1626Shuttle, 2815G, 2815HST, 2816G, 3016G4WD, 3016HST4WD, 3215G, 3215HST<\/p>\n<p class=\"p2\">\u2022 Max24HST4WD, Max26XLHST4WD, Max26XLShuttle4WD, Max28XLHST4WD, Max28XLShuttle4WD<\/p>\n<p class=\"p1\"><b>Mam<\/b><b><\/b><\/p>\n<p class=\"p2\">\u2022 GS160, GS180, GS200, GS210, GS230, GS250<\/p>\n<p class=\"p1\"><b>McCormick<\/b><b><\/b><\/p>\n<p class=\"p2\">\u2022 IntlCTJ23<\/p>\n<p class=\"p1\"><b>Mitsubishi<\/b><b><\/b><\/p>\n<p class=\"p2\">\u2022 MM25T, MM30CR, MM30CR2, MM30SR, MM30T, MT200, MT231, MT240, MT251, MTZ23, GS232, GS160<\/p>\n<p class=\"p1\"><b>Refrigerazione Trasporto Mitsubishi<\/b><b><\/b><\/p>\n<p class=\"p2\">\u2022 TU73D, TU73E, TU73EX<\/p>\n<p class=\"p1\"><b>Nagano<\/b><b><\/b><\/p>\n<p class=\"p2\">\u2022 NA120A, NA90A, NA90ZA, NB30, NS25-3, NS35R-3, NUZ090D, NUL120-3, CX26-3<\/p>\n<p class=\"p1\"><b>Nilfisk-Alto<\/b><b><\/b><\/p>\n<p class=\"p2\">\u2022 ContractorSilent<\/p>\n<p class=\"p1\"><b>Optimess<\/b><b><\/b><\/p>\n<p class=\"p2\">\u2022 Tiger8\/16PPN<\/p>\n<p class=\"p1\"><b>Pel Job<\/b><b><\/b><\/p>\n<p class=\"p2\">\u2022 EB250, EB25.4, EB30.4, EB306<\/p>\n<p class=\"p1\"><b>Schaeff Terex<\/b><b><\/b><\/p>\n<p class=\"p2\">\u2022 TC25<\/p>\n<p class=\"p1\"><b>Solis<\/b><b><\/b><\/p>\n<p class=\"p2\">\u2022 26<\/p>\n<p class=\"p1\"><b>Sol\u00e9 Diesel<\/b><b><\/b><\/p>\n<p class=\"p2\">\u2022 G-10M-15, G-10T-15, Mini33<\/p>\n<p class=\"p1\"><b>Technogen<\/b><b><\/b><\/p>\n<p class=\"p2\">\u2022 MI12\/4SX, MI12T\/4SX<\/p>\n<p class=\"p1\"><b>Generatore Teksan<\/b><b><\/b><\/p>\n<p class=\"p2\">\u2022 TJ11MS, TJ20MS, TJ9MS<\/p>\n<p class=\"p1\"><b>Terex<\/b><b><\/b><\/p>\n<p class=\"p2\">\u2022 TC25<\/p>\n<p class=\"p1\"><b>Terex-Schaeff<\/b><b><\/b><\/p>\n<p class=\"p2\">\u2022 TC25<\/p>\n<p class=\"p1\"><b>Toro<\/b><b><\/b><\/p>\n<p class=\"p2\">\u2022 Reelmaster5300-D<\/p>\n<p class=\"p1\"><b>TYM<\/b><b><\/b><\/p>\n<p class=\"p2\">\u2022 T293<\/p>\n<p class=\"p1\"><b>Volvo<\/b><b><\/b><\/p>\n<p class=\"p2\">\u2022 EC25, EC30<\/p>\n<p class=\"p1\"><b>Weidemann<\/b><b><\/b><\/p>\n<p class=\"p2\">\u2022 1050D\/M, 1050DM, 1055DM, 1504DM, 2015<\/p>\n<p><strong>Codici OEM di riferimento<\/strong><\/p>\n<ul>\n<li>31B04-13201<\/li>\n<li>MD050317<\/li>\n<li>31B30-00902<\/li>\n<li>31B32-01200<\/li>\n<\/ul>\n","protected":false},"excerpt":{"rendered":"<p>\u2705 Kit guarnizioni base | Compatibile con motori Mitsubishi S3L e S3L2 Tenuta affidabile per il tuo motore Mitsubishi \u2013 essenziale per la manutenzione o la revisione. Questo kit guarnizioni superiore di alta qualit\u00e0 \u00e8 stato appositamente assemblato per motori Mitsubishi S3L e S3L2. Con una vestibilit\u00e0 perfetta per diverse applicazioni come miniescavatori, generatori e&hellip;<\/p>\n","protected":false},"featured_media":162041,"comment_status":"open","ping_status":"closed","template":"","meta":[],"product_cat":[8104],"product_tag":[],"class_list":{"0":"post-161939","1":"product","2":"type-product","3":"status-publish","4":"has-post-thumbnail","6":"product_cat-guarnizioni","7":"pa_merk-mitsubishi-it","9":"first","10":"instock","11":"sale","12":"taxable","13":"shipping-taxable","14":"purchasable","15":"product-type-simple","16":"col-xs-6 col-sm-4","17":"col-md-3 col-lg-3","18":"un-4-cols"},"_links":{"self":[{"href":"https:\/\/shop4trac.com\/it\/wp-json\/wp\/v2\/product\/161939","targetHints":{"allow":["GET"]}}],"collection":[{"href":"https:\/\/shop4trac.com\/it\/wp-json\/wp\/v2\/product"}],"about":[{"href":"https:\/\/shop4trac.com\/it\/wp-json\/wp\/v2\/types\/product"}],"replies":[{"embeddable":true,"href":"https:\/\/shop4trac.com\/it\/wp-json\/wp\/v2\/comments?post=161939"}],"wp:featuredmedia":[{"embeddable":true,"href":"https:\/\/shop4trac.com\/it\/wp-json\/wp\/v2\/media\/162041"}],"wp:attachment":[{"href":"https:\/\/shop4trac.com\/it\/wp-json\/wp\/v2\/media?parent=161939"}],"wp:term":[{"taxonomy":"product_cat","embeddable":true,"href":"https:\/\/shop4trac.com\/it\/wp-json\/wp\/v2\/product_cat?post=161939"},{"taxonomy":"product_tag","embeddable":true,"href":"https:\/\/shop4trac.com\/it\/wp-json\/wp\/v2\/product_tag?post=161939"}],"curies":[{"name":"wp","href":"https:\/\/api.w.org\/{rel}","templated":true}]}}