{"id":17868,"date":"2020-03-21T17:32:06","date_gmt":"2020-03-21T16:32:06","guid":{"rendered":"https:\/\/shop4trac.com\/cgv\/"},"modified":"2026-03-25T16:34:29","modified_gmt":"2026-03-25T15:34:29","slug":"cgv","status":"publish","type":"page","link":"https:\/\/shop4trac.com\/it\/cgv\/","title":{"rendered":"Termini e condizioni generali"},"content":{"rendered":"\t\t<div data-elementor-type=\"wp-page\" data-elementor-id=\"17868\" class=\"elementor elementor-17868 elementor-451\">\n\t\t\t\t\t\t<section class=\"elementor-section elementor-top-section elementor-element elementor-element-77fba2c4 elementor-section-boxed elementor-section-height-default elementor-section-height-default\" data-id=\"77fba2c4\" data-element_type=\"section\" data-e-type=\"section\">\n\t\t\t\t\t\t<div class=\"elementor-container elementor-column-gap-default\">\n\t\t\t\t\t<div class=\"elementor-column elementor-col-100 elementor-top-column elementor-element elementor-element-75d830fb\" data-id=\"75d830fb\" data-element_type=\"column\" data-e-type=\"column\">\n\t\t\t<div class=\"elementor-widget-wrap elementor-element-populated\">\n\t\t\t\t\t\t<div class=\"elementor-element elementor-element-7199fe3 elementor-widget elementor-widget-text-editor\" data-id=\"7199fe3\" data-element_type=\"widget\" data-e-type=\"widget\" data-widget_type=\"text-editor.default\">\n\t\t\t\t<div class=\"elementor-widget-container\">\n\t\t\t\t\t\t\t\t\t<p><strong>Articolo 1: Disposizioni generali<\/strong><br>1.1 Questi sono i Termini e le Condizioni Generali di Vendita e Consegna di Snel parts con sede ad Amsterdam. Snel parts \u00e8 iscritta alla Camera di Commercio con il numero 72200987.<br>1.2 Questi termini e condizioni generali di vendita e consegna si applicano a tutti gli ordini, le offerte e i contratti di Shop4trac.com.<\/p><p><strong>Articolo 2: Ordini e conclusione del contratto<\/strong><br>2.1 Gli ordini possono essere effettuati tramite https:\/\/shop4trac.com. Una volta completato l&#8217;ordine, verr\u00e0 inviata una conferma via e-mail.<br>2.2 Effettuando un ordine, l&#8217;acquirente indica di accettare i presenti termini e condizioni.<br>2.3 Shop4trac si riserva il diritto di rifiutare un ordine in caso di fornitura deliberata di dati e informazioni errati, e qualora si siano verificati mancati pagamenti o altre questioni per le quali Shop4trac ritenga il rischio finanziario troppo elevato per procedere alla consegna. All&#8217;accettazione di un ordine possono quindi essere collegate condizioni extra, come il pagamento anticipato.<br>2.4 In caso di fornitura deliberata di dati errati o di qualsiasi altra forma di tentativo di frode, Shop4trac sporger\u00e0 denuncia alle autorit\u00e0 giudiziarie.<br>2.5 Il contratto si intende concluso solo nel momento in cui Shop4trac ha accettato l&#8217;ordine.<br>2.6 Prima di completare l&#8217;ordine, l&#8217;acquirente deve controllare la correttezza del contenuto dell&#8217;ordine e dei propri dati. A causa della rapidit\u00e0 degli ordini e delle spedizioni, Shop4trac potrebbe non essere pi\u00f9 in grado di apportare modifiche. Eventuali costi derivanti da dati errati saranno addebitati all&#8217;acquirente.     <\/p><p><strong>Articolo 3: Prezzi<\/strong><br>3.1 I prezzi sono espressi in euro, comprensivi di IVA al 21%, spese amministrative e spese di spedizione. Le spese di spedizione e amministrative vengono calcolate per ordine e dipendono dall&#8217;importo totale dell&#8217;ordine.<br>3.2 Shop4trac pu\u00f2 modificare i propri prezzi in qualsiasi momento. Le variazioni di prezzo non hanno effetto sui contratti gi\u00e0 conclusi.  <\/p><p><strong>Articolo 4: Consegna<\/strong><br>4.1 La consegna per gli ordini effettuati nei giorni lavorativi avviene normalmente entro 2 settimane lavorative (se indicato come disponibile nella pagina relativa). Il tempo di consegna \u00e8 da considerarsi indicativo e non come termine perentorio. Gli articoli visualizzati sulla pagina internet come \u201cNon disponibile\u201d hanno un termine di consegna generale da 2 a 6 settimane lavorative.<br>4.2 Shop4trac \u00e8 obbligata a rispettare il pi\u00f9 possibile questo tempo di consegna. Tuttavia, non pu\u00f2 essere ritenuta responsabile per il superamento del tempo di consegna che fosse ragionevolmente imprevedibile al momento della stipula del contratto. In tali casi, Shop4trac ha il diritto di prolungare il tempo di consegna in consultazione con l&#8217;acquirente o di annullare il contratto.<br>4.3 Shop4trac non ha alcuna influenza sui ritardi causati dal trasportatore e non pu\u00f2 esserne ritenuta responsabile.<br>4.4 Se la consegna non avviene entro un termine di 30 giorni, salvo diversamente concordato, l&#8217;acquirente ha il diritto di annullare l&#8217;ordine e di richiedere il rimborso di quanto gi\u00e0 pagato. Gli importi gi\u00e0 versati saranno accreditati in questo caso entro 30 giorni.<br>4.5 Se una spedizione viene rifiutata, Shop4trac ha il diritto di recuperare le spese di trasporto sostenute dall&#8217;acquirente.     <\/p><p><strong>Articolo 5: Trasporto e rischio<\/strong><br>5.1 Le modalit\u00e0 di trasporto, spedizione e imballaggio sono determinate da noi con la diligenza del buon commerciante, qualora l&#8217;acquirente non abbia fornito ulteriori indicazioni a Shop4trac. Eventuali desideri specifici dell&#8217;acquirente riguardanti il trasporto\/le spedizioni saranno eseguiti solo se l&#8217;acquirente ha dichiarato di volerne sostenere i maggiori costi.<br>5.2 Al momento della consegna del pacco, l&#8217;acquirente deve firmare a uno dei corrieri per la ricezione del pacco.<br>5.3 Dopo la consegna, l&#8217;acquirente deve controllare il contenuto del pacco. Nel caso in cui l&#8217;ordine non dovesse essere completo o corretto, l&#8217;acquirente deve contattarci il prima possibile e al pi\u00f9 tardi entro sette (7) giorni lavorativi dal ricevimento via email all&#8217;indirizzo support@shop4trac.com o tramite il modulo di contatto sul sito web.<br>5.4 Tutte le spedizioni vengono inviate da Shop4trac con responsabilit\u00e0 aumentata. Il rischio di danneggiamento e smarrimento di una spedizione verso l&#8217;acquirente \u00e8 quindi a carico di Shop4trac. Dopo che gli articoli sono stati ricevuti dall&#8217;acquirente, il rischio di danneggiamento e smarrimento passa all&#8217;acquirente.    <\/p><p><strong>Articolo 6: Pagamento<\/strong><br>6.1 Le opzioni di pagamento sono: carta di credito (Visa \u2013 Mastercard); iDeal | Wero; bonifico bancario (SEPA); PayPal; e Klarna.<br>6.2 Il pagamento anticipato pu\u00f2 essere effettuato tramite banca o conto corrente postale. In caso di pagamento tramite banca o posta, la data di pagamento \u00e8 considerata la data di accreditamento sul conto corrente di Shop4trac. Il tempo di consegna indicato nell&#8217;articolo 4 \u00e8 valido dal momento in cui Shop4trac riceve l&#8217;importo relativo sul conto corrente aziendale.<br>6.3 Shop4trac si riserva in ogni momento il diritto di deviare dalla modalit\u00e0 di pagamento scelta dall&#8217;acquirente e di porre condizioni supplementari.<br>6.4 Se l&#8217;acquirente \u00e8 inadempiente con un qualsiasi pagamento, Shop4trac ha il diritto di sospendere o risolvere eventuali ulteriori contratti.<br>6.5 Se l&#8217;acquirente ha ricevuto l&#8217;ordine a casa e richiede uno storno alla propria banca, l&#8217;ordine in questione dovr\u00e0 essere gi\u00e0 tornato a Shop4trac. Qualora ci\u00f2 non avvenga, Shop4trac avr\u00e0 la possibilit\u00e0 di incassare comunque l&#8217;importo dovuto fino a quando l&#8217;ordine non sar\u00e0 ricevuto nel rispetto delle \u2018condizioni di reso\u2019.   <\/p><p><strong>Articolo 7: Riserva di propriet\u00e0<\/strong><br>7.1 Gli articoli consegnati rimangono di propriet\u00e0 di Shop4trac finch\u00e9 non sono stati soddisfatti tutti gli obblighi di pagamento. Il rischio relativo agli articoli gi\u00e0 consegnati passa tuttavia all&#8217;acquirente al momento della consegna. <\/p><p><strong>Articolo 8: Garanzia<\/strong><br>8.1 I prodotti venduti da Shop4trac tramite il sito web rientrano tutti nella garanzia di fabbrica dei rispettivi marchi.<br>8.2 L&#8217;acquirente non pu\u00f2 avvalersi della garanzia nei seguenti casi: normale usura; uso improprio e\/o mancata osservanza delle istruzioni per l&#8217;uso; modifiche apportate all&#8217;articolo; danni derivanti da dolo o colpa grave; l&#8217;acquirente e\/o terzi incaricati dall&#8217;acquirente hanno effettuato riparazioni ai beni consegnati di propria iniziativa durante il periodo di garanzia.<br>8.3 L&#8217;acquirente \u00e8 obbligato a informare Shop4trac del proprio reclamo prima di rispedire l&#8217;articolo in questione. Le spese di spedizione in garanzia sono a carico di Shop4trac, a condizione che venga utilizzato il numero di risposta corretto. A tal fine, occorre tenere conto di quanto segue: un numero di garanzia deve essere richiesto entro il periodo di garanzia indicato; il prodotto deve essere spedito entro cinque (5) giorni lavorativi dall&#8217;assegnazione del numero di garanzia; l&#8217;articolo coperto da garanzia deve essere ben imballato e spedito al momento della restituzione per evitare danni; la spedizione di reso deve contenere una descrizione del problema, il numero di garanzia, i dati dell&#8217;acquirente e una copia della fattura; i problemi con la spedizione da parte della societ\u00e0 di trasporti che cura l&#8217;invio a Shop4trac sono a rischio dell&#8217;acquirente.<br>8.4 La garanzia decade se l&#8217;acquirente non ha adempiuto all&#8217;obbligo di pagamento.<br>8.5 La responsabilit\u00e0 di Shop4Trac per i danni \u00e8 limitata all&#8217;importo del prezzo d&#8217;acquisto del prodotto in questione. Shop4Trac non \u00e8 responsabile per danni indiretti o consequenziali, come perdita di profitto o mancati risparmi. Nulla nei presenti termini e condizioni pregiudica i diritti legali del consumatore relativi alla garanzia legale di conformit\u00e0 o alla responsabilit\u00e0 di Shop4Trac per dolo, colpa grave o lesioni personali.     <\/p><p><strong>Articolo 9: Resi<\/strong><br>9.1 L&#8217;acquirente ha il diritto di recedere dal contratto senza fornire motivazioni entro quattordici (14) giorni lavorativi dal ricevimento. L&#8217;acquirente deve richiedere un numero di reso prima della restituzione.<br>9.2 Dopo l&#8217;assegnazione di un numero di reso, l&#8217;acquirente deve restituire l&#8217;ordine entro cinque (5) giorni lavorativi.<br>9.3 Gli articoli devono essere inutilizzati, completi, non danneggiati e nella confezione originale, salvo diversamente indicato da Shop4Trac. Sono esclusi dal reso gli articoli ordinati dall&#8217;acquirente con incisioni personali, colori personalizzati e altre lavorazioni non standard.<br>9.4 Una spedizione di reso deve essere sempre inviata tramite raccomandata, sufficientemente affrancata e ben imballata. Le spese di spedizione sono a carico dell&#8217;acquirente.<br>9.5 I pagamenti ricevuti saranno rimborsati entro 14 giorni dalla notifica del reso, previa detrazione dei costi sostenuti, come spese amministrative, costi di elaborazione e costi di pulizia qualora Shop4Trac decida di accettare un articolo usato. Shop4Trac si riserva il diritto di trattenere il rimborso finch\u00e9 non sia dimostrato che l&#8217;articolo o gli articoli sono arrivati all&#8217;indirizzo di reso indicato. Se viene restituita solo una parte di un ordine, le spese di spedizione della spedizione originale sono sempre a carico dell&#8217;acquirente.     <\/p><p><strong>Articolo 10: Informazioni sui prodotti<\/strong><br>10.1 Shop4trac dedica molta cura alla fornitura di informazioni sui prodotti offerti. Tuttavia, Shop4trac non \u00e8 responsabile per specifiche errate e\/o altre indicazioni degli articoli da essa fornite.<br>10.2 Le immagini mostrate sono solo indicative e possono differire dal prodotto reale. Immagini divergenti non possono dar luogo a risarcimento danni e\/o risoluzione dell&#8217;acquisto.  <\/p><p><strong>Articolo 11: Privacy<\/strong><br>11.1 Shop4trac attribuisce grande valore alla privacy dei propri clienti. Tutti i dati personali vengono quindi trattati con cura. In questo ambito, vengono seguite rigorosamente tutte le normative legali applicabili ai dati personali. Shop4trac utilizza i dati personali forniti dall&#8217;acquirente per l&#8217;elaborazione degli ordini e, a condizione che l&#8217;acquirente abbia fornito il consenso, per scopi di marketing.<br>11.2 I dati personali non saranno forniti a terzi da Shop4trac senza il consenso dell&#8217;acquirente, a meno che ci\u00f2 non sia necessario per la gestione del pagamento.<br>11.3 I dati personali possono essere modificati su richiesta dell&#8217;acquirente.   <\/p><p><strong>Articolo 12: Controversie<\/strong><br>12.1 I reclami devono essere presentati chiaramente via e-mail a support@shop4trac.com entro un termine ragionevole. Shop4Trac risponder\u00e0 entro 14 giorni.<br>12.2 Ai presenti termini e condizioni si applica la legge olandese.<br>12.3 Tutte le controversie tra le parti saranno sottoposte esclusivamente al giudice competente nei Paesi Bassi. <\/p>\t\t\t\t\t\t\t\t<\/div>\n\t\t\t\t<\/div>\n\t\t\t\t\t<\/div>\n\t\t<\/div>\n\t\t\t\t\t<\/div>\n\t\t<\/section>\n\t\t\t\t<\/div>\n\t\t","protected":false},"excerpt":{"rendered":"<p>Articolo 1: Disposizioni generali1.1 Questi sono i Termini e le Condizioni Generali di Vendita e Consegna di Snel parts con sede ad Amsterdam. Snel parts \u00e8 iscritta alla Camera di Commercio con il numero 72200987.1.2 Questi termini e condizioni generali di vendita e consegna si applicano a tutti gli ordini, le offerte e i contratti&hellip;<\/p>\n","protected":false},"author":1,"featured_media":0,"parent":0,"menu_order":0,"comment_status":"closed","ping_status":"open","template":"","meta":{"footnotes":""},"class_list":["post-17868","page","type-page","status-publish","hentry"],"_links":{"self":[{"href":"https:\/\/shop4trac.com\/it\/wp-json\/wp\/v2\/pages\/17868","targetHints":{"allow":["GET"]}}],"collection":[{"href":"https:\/\/shop4trac.com\/it\/wp-json\/wp\/v2\/pages"}],"about":[{"href":"https:\/\/shop4trac.com\/it\/wp-json\/wp\/v2\/types\/page"}],"author":[{"embeddable":true,"href":"https:\/\/shop4trac.com\/it\/wp-json\/wp\/v2\/users\/1"}],"replies":[{"embeddable":true,"href":"https:\/\/shop4trac.com\/it\/wp-json\/wp\/v2\/comments?post=17868"}],"version-history":[{"count":0,"href":"https:\/\/shop4trac.com\/it\/wp-json\/wp\/v2\/pages\/17868\/revisions"}],"wp:attachment":[{"href":"https:\/\/shop4trac.com\/it\/wp-json\/wp\/v2\/media?parent=17868"}],"curies":[{"name":"wp","href":"https:\/\/api.w.org\/{rel}","templated":true}]}}