{"id":97460,"date":"2024-01-11T22:09:39","date_gmt":"2024-01-11T21:09:39","guid":{"rendered":"https:\/\/shop4trac.com\/non%20class\u00e9\/dynamo-bobcat-6669618-319-553-e08-e20\/"},"modified":"2025-08-01T17:26:35","modified_gmt":"2025-08-01T15:26:35","slug":"dynamo-bobcat-6669618-319-553-e08-e20","status":"publish","type":"product","link":"https:\/\/shop4trac.com\/fr\/pieces-electriques\/pieces-dynamo\/dynamo-bobcat-6669618-319-553-e08-e20\/","title":{"rendered":"Alternateur Bobcat 6669618 | 319-553 | E08 \u2013 E20"},"content":{"rendered":"<p>Il s&rsquo;agit d&rsquo;un alternateur <span style=\"text-decoration: underline\">premium<\/span> adapt\u00e9 aux mod\u00e8les ci-dessous ! Cela garantit le fonctionnement optimal de votre Bobcat. <\/p>\n<p><strong>Donn\u00e9es techniques<\/strong><\/p>\n<ul>\n<li>Tension 12<\/li>\n<li>Amp\u00e9rage 40<\/li>\n<li>Poulie (mm) 69,0<\/li>\n<li>B+M8<\/li>\n<\/ul>\n<p><strong>Lynx<\/strong><\/p>\n<ul>\n<li>319, 320, 321, 322, 323, 324, 325, 328, 329, 418, 425, 428, 453, 463, 553<\/li>\n<li>E08, E10, E10z, E14, E16, E17, E17z, E19, E20, E20z<\/li>\n<li>MT100, MT50, MT52, MT55, MT85<\/li>\n<\/ul>\n<p><strong>OEM pour r\u00e9f\u00e9rence<\/strong><\/p>\n<ul>\n<li>0210800810, 1012111100<\/li>\n<li>6669618<\/li>\n<\/ul>\n","protected":false},"excerpt":{"rendered":"<p>Il s&rsquo;agit d&rsquo;un alternateur premium adapt\u00e9 aux mod\u00e8les ci-dessous ! Cela garantit le fonctionnement optimal de votre Bobcat. Donn\u00e9es techniques Tension 12 Amp\u00e9rage 40 Poulie (mm) 69,0 B+M8 Lynx 319, 320, 321, 322, 323, 324, 325, 328, 329, 418, 425, 428, 453, 463, 553 E08, E10, E10z, E14, E16, E17, E17z, E19, E20, E20z MT100,&hellip;<\/p>\n","protected":false},"featured_media":97454,"comment_status":"open","ping_status":"open","template":"","meta":[],"product_cat":[421],"product_tag":[],"class_list":{"0":"post-97460","1":"product","2":"type-product","3":"status-publish","4":"has-post-thumbnail","6":"product_cat-pieces-dynamo","7":"pa_merk-bobcat-fr","9":"first","10":"onbackorder","11":"sale","12":"taxable","13":"shipping-taxable","14":"purchasable","15":"product-type-simple","16":"col-xs-6 col-sm-4","17":"col-md-3 col-lg-3","18":"un-4-cols"},"_links":{"self":[{"href":"https:\/\/shop4trac.com\/fr\/wp-json\/wp\/v2\/product\/97460","targetHints":{"allow":["GET"]}}],"collection":[{"href":"https:\/\/shop4trac.com\/fr\/wp-json\/wp\/v2\/product"}],"about":[{"href":"https:\/\/shop4trac.com\/fr\/wp-json\/wp\/v2\/types\/product"}],"replies":[{"embeddable":true,"href":"https:\/\/shop4trac.com\/fr\/wp-json\/wp\/v2\/comments?post=97460"}],"wp:featuredmedia":[{"embeddable":true,"href":"https:\/\/shop4trac.com\/fr\/wp-json\/wp\/v2\/media\/97454"}],"wp:attachment":[{"href":"https:\/\/shop4trac.com\/fr\/wp-json\/wp\/v2\/media?parent=97460"}],"wp:term":[{"taxonomy":"product_cat","embeddable":true,"href":"https:\/\/shop4trac.com\/fr\/wp-json\/wp\/v2\/product_cat?post=97460"},{"taxonomy":"product_tag","embeddable":true,"href":"https:\/\/shop4trac.com\/fr\/wp-json\/wp\/v2\/product_tag?post=97460"}],"curies":[{"name":"wp","href":"https:\/\/api.w.org\/{rel}","templated":true}]}}