{"id":97389,"date":"2024-01-10T21:08:37","date_gmt":"2024-01-10T20:08:37","guid":{"rendered":"https:\/\/shop4trac.com\/non%20class\u00e9\/regulateur-de-tension-alternateur-kubota-l175-2250-0260002121-kh\/"},"modified":"2025-10-08T23:51:22","modified_gmt":"2025-10-08T21:51:22","slug":"regulateur-de-tension-alternateur-kubota-l175-2250-0260002121-kh","status":"publish","type":"product","link":"https:\/\/shop4trac.com\/fr\/pieces-electriques\/regulateur-de-tension\/regulateur-de-tension-alternateur-kubota-l175-2250-0260002121-kh\/","title":{"rendered":"R\u00e9gulateur de tension dynamo Kubota L175 \u2013 2250 | 0260002121 | KH"},"content":{"rendered":"<p class=\"p1\"><b>R\u00e9gulateur de tension adapt\u00e9 aux machines suivantes<\/b><b><\/b><\/p>\n<p class=\"p3\">Ce r\u00e9gulateur de tension remplace <span class=\"s1\"><br \/>\n  <b>Denso 0260002121<\/b><br \/>\n<\/span> (et variantes), utilis\u00e9 en combinaison avec une <span class=\"s1\"><br \/>\n  <b>dynamo<\/b><br \/>\n<\/span>.<\/p>\n<p class=\"p1\"><b>Kubota<\/b><b><\/b><\/p>\n<ul>\n<li>\n<p class=\"p1\"><span class=\"s1\"><b>S\u00e9rie L :<\/b><\/span>  L175 \u00b7 L185 \u00b7 L200 \u00b7 L210 \u00b7 L2200 \u00b7 L2201 \u00b7 L225 \u00b7 L235 \u00b7 L240 \u00b7 L245 \u00b7 L1501 \u00b7 L1801 \u00b7 L185DT \u00b7 L185F \u00b7 L2050 \u00b7 L2050DT \u00b7 L2050F \u00b7 L2250 \u00b7 L2250DT \u00b7 L2250F \u00b7 L2350 \u00b7 L2350DT \u00b7 L2350F \u00b7 L245DT \u00b7 L245F \u00b7 L245H \u00b7 L2550 \u00b7 L2550DT \u00b7 L2550DTGST \u00b7 L2550F \u00b7 L260 \u00b7 L275 \u00b7 L2850 \u00b7 L2850DT \u00b7 L2850DTGST \u00b7 L2850F \u00b7 L295 \u00b7 L295DT \u00b7 L295F \u00b7 L305 \u00b7 L305DT \u00b7 L305F \u00b7 L3250 \u00b7 L3250DT \u00b7 L3250F \u00b7 L3350 \u00b7 L3350DT \u00b7 L345 \u00b7 L345DT \u00b7 L355SS \u00b7 L3750 \u00b7 L3750DT \u00b7 L4150 \u00b7 L4150DT \u00b7 L4150DTN \u00b7 L4350DT \u00b7 L4850DT \u00b7 L5450DT<\/p>\n<\/li>\n<li>\n<p class=\"p1\"><span class=\"s1\"><br \/>\n  <b>S\u00e9rie M :<\/b><br \/>\n<\/span> M4030 \u00b7 M4030DT \u00b7 M4030SU \u00b7 M4030SUTF \u00b7 M4050 \u00b7 M4050DT \u00b7 M4500 \u00b7 M4500DT \u00b7 M4950 \u00b7 M4950DT \u00b7 M5030 \u00b7 M5030DT \u00b7 M5030SU \u00b7 M5500DT \u00b7 M5950 \u00b7 M5950DT \u00b7 M5950DTS \u00b7 M5950S \u00b7 M6030 \u00b7 M6030DT \u00b7 M6030DTN \u00b7 M6030DTNB \u00b7 M6950 \u00b7 M6950DT \u00b7 M6950DTS \u00b7 M6950S \u00b7 M6970DT \u00b7 M7030 \u00b7 M7030DT \u00b7 M7030DTNB \u00b7 M7030N \u00b7 M7030SU \u00b7 M7030SUDT \u00b7 M7500 \u00b7 M7500ACL \u00b7 M7500DT \u00b7 M7500DTACL \u00b7 M7950 \u00b7 M7950DT \u00b7 M7950DTS \u00b7 M7950S \u00b7 M7970DT \u00b7 M8030 \u00b7 M8030DT \u00b7 M8950 \u00b7 M8950DT \u00b7 M8950DTS \u00b7 M8950S \u00b7 M8970DT<\/p>\n<\/li>\n<li>\n<p class=\"p1\"><b>S\u00e9rie B \/ KH \/ KX \/ F \/ G \/ GV :<\/b><b><\/b><\/p>\n<p class=\"p2\">B6200D\/E \u00b7 B7200D\/E \u00b7 B8200DP\/EP\/HSTDP\/HSTEP \u00b7 B9200HSD\/HST\/HSTDP \u00b7 KH10 \u00b7 KH18 \u00b7 KH28 \u00b7 KH60 \u00b7 KH90 \u00b7 KH91 \u00b7 KH101 \u00b7 KH110 \u00b7 KH151 \u00b7 KH170L \u00b7 KH191 \u00b7 KH28L \u00b7 KH66 \u00b7 KH66HKCL \u00b7 KH91H \u00b7 KX101(H) \u00b7 KX151(H) \u00b7 F2000 \u00b7 F2100\/E \u00b7 G5500S \u00b7 GV1125Q60KTC \u00b7 GV312060B \u00b7 GV3170SW \u00b7 GV3190Q60 \u00b7 GV3240 \u00b7 GV3250Q60SW<\/p>\n<\/li>\n<li>\n<p class=\"p1\"><span class=\"s1\"><br \/>\n  <b>Autre :<\/b><br \/>\n<\/span> R400B \u00b7 R410<\/p>\n<\/li>\n<\/ul>\n<p class=\"p1\"><b>R\u00e9f\u00e9rence OEM<\/b><b><\/b><\/p>\n<p class=\"p4\">33251-74010 \u00b7 33251-74012 \u00b7 Denso 0260001650 \u00b7 0260002121 \u00b7 0260002310 \u00b7 0260002550 \u00b7 0260003750 \u00b7 0260003751 \u00b7 SBA185516010 \u00b7 132801<\/p>\n","protected":false},"excerpt":{"rendered":"<p>R\u00e9gulateur de tension adapt\u00e9 aux machines suivantes Ce r\u00e9gulateur de tension remplace Denso 0260002121 (et variantes), utilis\u00e9 en combinaison avec une dynamo . Kubota S\u00e9rie L : L175 \u00b7 L185 \u00b7 L200 \u00b7 L210 \u00b7 L2200 \u00b7 L2201 \u00b7 L225 \u00b7 L235 \u00b7 L240 \u00b7 L245 \u00b7 L1501 \u00b7 L1801 \u00b7 L185DT \u00b7 L185F \u00b7&hellip;<\/p>\n","protected":false},"featured_media":97377,"comment_status":"open","ping_status":"closed","template":"","meta":[],"product_cat":[422],"product_tag":[],"class_list":{"0":"post-97389","1":"product","2":"type-product","3":"status-publish","4":"has-post-thumbnail","6":"product_cat-regulateur-de-tension","7":"pa_merk-kubota-fr","9":"first","10":"outofstock","11":"sale","12":"taxable","13":"shipping-taxable","14":"purchasable","15":"product-type-simple","16":"col-xs-6 col-sm-4","17":"col-md-3 col-lg-3","18":"un-4-cols"},"_links":{"self":[{"href":"https:\/\/shop4trac.com\/fr\/wp-json\/wp\/v2\/product\/97389","targetHints":{"allow":["GET"]}}],"collection":[{"href":"https:\/\/shop4trac.com\/fr\/wp-json\/wp\/v2\/product"}],"about":[{"href":"https:\/\/shop4trac.com\/fr\/wp-json\/wp\/v2\/types\/product"}],"replies":[{"embeddable":true,"href":"https:\/\/shop4trac.com\/fr\/wp-json\/wp\/v2\/comments?post=97389"}],"wp:featuredmedia":[{"embeddable":true,"href":"https:\/\/shop4trac.com\/fr\/wp-json\/wp\/v2\/media\/97377"}],"wp:attachment":[{"href":"https:\/\/shop4trac.com\/fr\/wp-json\/wp\/v2\/media?parent=97389"}],"wp:term":[{"taxonomy":"product_cat","embeddable":true,"href":"https:\/\/shop4trac.com\/fr\/wp-json\/wp\/v2\/product_cat?post=97389"},{"taxonomy":"product_tag","embeddable":true,"href":"https:\/\/shop4trac.com\/fr\/wp-json\/wp\/v2\/product_tag?post=97389"}],"curies":[{"name":"wp","href":"https:\/\/api.w.org\/{rel}","templated":true}]}}