{"id":96242,"date":"2023-12-13T17:24:19","date_gmt":"2023-12-13T16:24:19","guid":{"rendered":"https:\/\/shop4trac.com\/non%20class\u00e9\/demarreur-mitsubishi-l2a-l2e-l3a-l3e-l3c-mitsubishi-marine\/"},"modified":"2025-12-10T16:30:33","modified_gmt":"2025-12-10T14:30:33","slug":"demarreur-mitsubishi-l2a-l2e-l3a-l3e-l3c-mitsubishi-marine","status":"publish","type":"product","link":"https:\/\/shop4trac.com\/fr\/pieces-electriques\/demarreur-moteur\/demarreur-mitsubishi-l2a-l2e-l3a-l3e-l3c-mitsubishi-marine\/","title":{"rendered":"D\u00e9marreur Mitsubishi L2A | L2E | L3A | L3E | L3C | Mitsubishi Marine"},"content":{"rendered":"<p>D\u00e9marreur adapt\u00e9 pour :<\/p>\n<p><strong>Informations techniques:<\/strong><\/p>\n<ul>\n<li>Dents : 15<\/li>\n<li>Longueur totale : 225 mm<\/li>\n<li>Tension (volts): 12<\/li>\n<li>Puissance (kW) : 1,6<\/li>\n<li>Bord de montage (mm): 76,6<\/li>\n<li>Pince : B+ : M8<\/li>\n<li>Nombre de trous de fixation : 2<\/li>\n<li>Position (\u00b0) : +55<\/li>\n<li>Rotation&nbsp;: CW<\/li>\n<\/ul>\n<p><strong>Moteur Mitsubishi<\/strong><\/p>\n<ul>\n<li>L2A, L2A-61DM, L2A-61SS, L2A-62SS, L2E, L2E-61DM, L2E-61HMG<\/li>\n<li>L3A<\/li>\n<li>L3E2-65ESB<\/li>\n<li>L3E, L3E-SD, L3E-SDH, L3E-61SD, L3E-61SDH, L3E-W262KL, L3E-W462KL, L3E-6ACAM, L3E-W461DPP Tier 4 Final, L3E-31NS, L3E-31NSA<\/li>\n<li>L3E-W231NSA, L3E-W431NSA, L3E-61HMG, L3E-W231KBS, L3E-61R, L3E-31KS, L3E-31NCN, L3E-W231KBS, L3E-W431KBS, L3E-W462KL, L3E-62KL, L3E-W462KLY, L3E-63ES<\/li>\n<li>L3C<\/li>\n<\/ul>\n<p><strong>OEM pour r\u00e9f\u00e9rence<\/strong><\/p>\n<ul>\n<li>MM317602, MM317604, M2T50271, M2T50281, M2T50285, M2T53681<\/li>\n<li>MM317-60201, MM317-60002, MM314604, MM317600<\/li>\n<li>E7410733, E7412897, E7414742<\/li>\n<li>5166001159, 5166001163, 5166317604, 5166317612,<\/li>\n<li>7410733, 67-4600, 70-8760, 5527662777<\/li>\n<li>5999999577, 5999999877<\/li>\n<\/ul>\n<p><strong>Mitsubishi<\/strong><\/p>\n<ul>\n<li>MT15, MT16, MT17D, MT155, MT156, MT165, MT1600, MT1800<\/li>\n<li>MT14<\/li>\n<li>MTX15<\/li>\n<\/ul>\n<p><strong>Autres machines<\/strong><\/p>\n<p><strong>AMI<\/strong>:<\/p>\n<ul>\n<li>GS0011M32S, GS0006M32S<\/li>\n<\/ul>\n<p><strong>ATLAS<\/strong><\/p>\n<ul>\n<li>AM15R, AM16R, AM21R, AM15R, AM16R, AM21R<\/li>\n<\/ul>\n<p><strong>Lynx<\/strong><\/p>\n<ul>\n<li>X119<\/li>\n<\/ul>\n<p><strong>Casalini<\/strong><\/p>\n<ul>\n<li>M10<\/li>\n<\/ul>\n<p><strong>Cas<\/strong><\/p>\n<ul>\n<li>CX15B s\u00e9rie 2, CX17B ZTS, CX18B s\u00e9rie 2<\/li>\n<\/ul>\n<p><strong>Daewoo Doosan<\/strong><\/p>\n<ul>\n<li>SOLAIRE 015+, SOLAIRE 015 PLUS, SOLAIRE 018 VT<\/li>\n<\/ul>\n<p><strong>Eurocomach<\/strong><\/p>\n<ul>\n<li>  ES 150.3, ES 180.3<\/li>\n<\/ul>\n<p><strong>Hanix<\/strong><\/p>\n<ul>\n<li>H22B<\/li>\n<\/ul>\n<p><strong>Iseki <\/strong><\/p>\n<ul>\n<li>TU125, TU127, TU135, TU137<\/li>\n<\/ul>\n<p><strong>Hyundai Heavy Industries (Excavatrices)<\/strong><\/p>\n<ul>\n<li>R16-9, R15-7, R16-7, R22-7, Robex 15-7, Robex 16-7, Robex 22-7<\/li>\n<\/ul>\n<p><strong>Kobelco<\/strong><\/p>\n<ul>\n<li>SK70SR, SK70SR-3<\/li>\n<\/ul>\n<p><strong>Magnum<\/strong><\/p>\n<ul>\n<li>MLG8, MLG8, MLT5080, MLT5060, MLT3060, MLT3060, MLT3080, MLT3080, MLT4060, MLT4080<\/li>\n<\/ul>\n<p><strong>Mitsubishi<\/strong><\/p>\n<ul>\n<li>GF130PYS1W, MM20CR, MM20SR, MM20, MM20CR, MM20SR, MM20T, MX15<\/li>\n<li>TNW4E, TNW5EA, TU42DX, TNW4EA, TU42D, TNW5E<\/li>\n<\/ul>\n<p><strong>Nouvelle Hollande<\/strong><\/p>\n<ul>\n<li>E16 \u00c9volution, E16, E16B, E18 \u00c9volution, E18, E18 SR, E18B, EC15<\/li>\n<\/ul>\n<p><strong>Nagano<\/strong><\/p>\n<ul>\n<li>NS16-3, NS15-3<\/li>\n<\/ul>\n<p><strong>D&rsquo;ACCORD<\/strong><\/p>\n<ul>\n<li>RH 1,21, RH 1,17<\/li>\n<\/ul>\n<p><strong>Pel Job<\/strong><\/p>\n<ul>\n<li>EB200, EB150, EB14.4, EB12.4, EB16.4<\/li>\n<li>EB200XT, EB150XT<\/li>\n<\/ul>\n<ul>\n<li>EB10, ED750<\/li>\n<\/ul>\n<p><strong>Ransomes Jacobsen<\/strong><\/p>\n<ul>\n<li>4000T-23D<\/li>\n<\/ul>\n<p><strong>Ref-Trans<\/strong><\/p>\n<ul>\n<li>Ref-Unit, Unit\u00e9 de refroidissement<\/li>\n<\/ul>\n<p><strong>Ingersoll Rand<\/strong><\/p>\n<ul>\n<li>FX 130, G8<\/li>\n<\/ul>\n<p><strong>G\u00e9n\u00e9rateur Teksan<\/strong><\/p>\n<ul>\n<li>TJ10MS<\/li>\n<\/ul>\n<p><strong>Samofa<\/strong><\/p>\n<ul>\n<li>Industriel L3E2<\/li>\n<\/ul>\n<p><strong>Sole Diesel<\/strong><\/p>\n<ul>\n<li>Sail-Drive (Mini 26), G-15T-3, groupe \u00e9lectrog\u00e8ne, Mini 26, G-6M-15, G-15M-3<\/li>\n<li>G5-28V, groupe \u00e9lectrog\u00e8ne marin,<\/li>\n<li>Marine Diesel Mini 16, Marine Diesel Mini 17, Marine G-8T-3, Marine Mini 11\/E, Marine G-8M-3, Application marine<\/li>\n<\/ul>\n<p><strong>Trixon<\/strong><\/p>\n<ul>\n<li>N4500<\/li>\n<\/ul>\n<p><strong>Triton<\/strong><\/p>\n<ul>\n<li>15\/6.5<\/li>\n<\/ul>\n<p><strong>Terex<\/strong><\/p>\n<ul>\n<li>Excavatrice Terex TC20, TC16<\/li>\n<\/ul>\n<p><strong>Toro<\/strong><\/p>\n<ul>\n<li>Reelmaster 5100-D, GM 223D, Groundsmaster 323-D, Reelmaster 223-D, Groundsmaster 223-D, Groundsmaster 324-D<\/li>\n<\/ul>\n<p><strong>V\u00e9tus<\/strong><\/p>\n<ul>\n<li>M3.28, M2.06<\/li>\n<\/ul>\n<p><strong>Volvo<\/strong><\/p>\n<ul>\n<li>EC15BXT, EC13<\/li>\n<\/ul>\n<p><strong>Chargeuse sur pneus Weidemann<\/strong><\/p>\n<ul>\n<li>811D\/M, 1010D\/M, 911D\/M<\/li>\n<\/ul>\n","protected":false},"excerpt":{"rendered":"<p>D\u00e9marreur adapt\u00e9 pour : Informations techniques: Dents : 15 Longueur totale : 225 mm Tension (volts): 12 Puissance (kW) : 1,6 Bord de montage (mm): 76,6 Pince : B+ : M8 Nombre de trous de fixation : 2 Position (\u00b0) : +55 Rotation&nbsp;: CW Moteur Mitsubishi L2A, L2A-61DM, L2A-61SS, L2A-62SS, L2E, L2E-61DM, L2E-61HMG L3A L3E2-65ESB&hellip;<\/p>\n","protected":false},"featured_media":96051,"comment_status":"open","ping_status":"closed","template":"","meta":[],"product_cat":[424],"product_tag":[],"class_list":{"0":"post-96242","1":"product","2":"type-product","3":"status-publish","4":"has-post-thumbnail","6":"product_cat-demarreur-moteur","7":"pa_motor-l2a-fr","8":"pa_motor-l2e-fr","9":"pa_motor-l3a-fr","10":"pa_motor-l3c-fr","11":"pa_motor-l3e-fr","13":"first","14":"instock","15":"sale","16":"taxable","17":"shipping-taxable","18":"purchasable","19":"product-type-simple","20":"col-xs-6 col-sm-4","21":"col-md-3 col-lg-3","22":"un-4-cols"},"_links":{"self":[{"href":"https:\/\/shop4trac.com\/fr\/wp-json\/wp\/v2\/product\/96242","targetHints":{"allow":["GET"]}}],"collection":[{"href":"https:\/\/shop4trac.com\/fr\/wp-json\/wp\/v2\/product"}],"about":[{"href":"https:\/\/shop4trac.com\/fr\/wp-json\/wp\/v2\/types\/product"}],"replies":[{"embeddable":true,"href":"https:\/\/shop4trac.com\/fr\/wp-json\/wp\/v2\/comments?post=96242"}],"wp:featuredmedia":[{"embeddable":true,"href":"https:\/\/shop4trac.com\/fr\/wp-json\/wp\/v2\/media\/96051"}],"wp:attachment":[{"href":"https:\/\/shop4trac.com\/fr\/wp-json\/wp\/v2\/media?parent=96242"}],"wp:term":[{"taxonomy":"product_cat","embeddable":true,"href":"https:\/\/shop4trac.com\/fr\/wp-json\/wp\/v2\/product_cat?post=96242"},{"taxonomy":"product_tag","embeddable":true,"href":"https:\/\/shop4trac.com\/fr\/wp-json\/wp\/v2\/product_tag?post=96242"}],"curies":[{"name":"wp","href":"https:\/\/api.w.org\/{rel}","templated":true}]}}