{"id":95956,"date":"2023-12-12T11:50:31","date_gmt":"2023-12-12T10:50:31","guid":{"rendered":"https:\/\/shop4trac.com\/non%20class\u00e9\/joint-axial-avant-kubota-l2601-l3001-bz1322e\/"},"modified":"2025-08-01T17:27:19","modified_gmt":"2025-08-01T15:27:19","slug":"joint-axial-avant-kubota-l2601-l3001-bz1322e","status":"publish","type":"product","link":"https:\/\/shop4trac.com\/fr\/embrayage-transmission\/joint\/joint-axial-avant-kubota-l2601-l3001-bz1322e\/","title":{"rendered":"Joint axial avant Kubota L2601 | L3001 | BZ1322E"},"content":{"rendered":"<p>Joint d&rsquo;essieu avant \/ joint d&rsquo;essieu avec manchon d&rsquo;usure \/ fus\u00e9e de direction convenant pour :<\/p>\n<p><strong>Kubota<\/strong><\/p>\n<ul>\n<li>  L2601, L2601DT, L3001, L3001DT<\/li>\n<\/ul>\n<p><strong>Dimensions<\/strong><\/p>\n<ul>\n<li class=\"p1\">\n<p class=\"p1\">45-72-23<\/p>\n<\/li>\n<\/ul>\n<p><strong>OEM pour r\u00e9f\u00e9rence<\/strong><\/p>\n<ul>\n<li>BZ1322E<\/li>\n<li>35316-4349-0, 35316-43490, 3531643490<\/li>\n<li>37800-4349-0, 37800-43490, 3780043490<\/li>\n<\/ul>\n","protected":false},"excerpt":{"rendered":"<p>Joint d&rsquo;essieu avant \/ joint d&rsquo;essieu avec manchon d&rsquo;usure \/ fus\u00e9e de direction convenant pour : Kubota L2601, L2601DT, L3001, L3001DT Dimensions 45-72-23 OEM pour r\u00e9f\u00e9rence BZ1322E 35316-4349-0, 35316-43490, 3531643490 37800-4349-0, 37800-43490, 3780043490<\/p>\n","protected":false},"featured_media":102396,"comment_status":"open","ping_status":"closed","template":"","meta":[],"product_cat":[5936],"product_tag":[],"class_list":{"0":"post-95956","1":"product","2":"type-product","3":"status-publish","4":"has-post-thumbnail","6":"product_cat-joint","7":"pa_merk-kubota-fr","8":"pa_model-l2601-fr","9":"pa_model-l3001-fr","11":"first","12":"instock","13":"sale","14":"taxable","15":"shipping-taxable","16":"purchasable","17":"product-type-simple","18":"col-xs-6 col-sm-4","19":"col-md-3 col-lg-3","20":"un-4-cols"},"_links":{"self":[{"href":"https:\/\/shop4trac.com\/fr\/wp-json\/wp\/v2\/product\/95956","targetHints":{"allow":["GET"]}}],"collection":[{"href":"https:\/\/shop4trac.com\/fr\/wp-json\/wp\/v2\/product"}],"about":[{"href":"https:\/\/shop4trac.com\/fr\/wp-json\/wp\/v2\/types\/product"}],"replies":[{"embeddable":true,"href":"https:\/\/shop4trac.com\/fr\/wp-json\/wp\/v2\/comments?post=95956"}],"wp:featuredmedia":[{"embeddable":true,"href":"https:\/\/shop4trac.com\/fr\/wp-json\/wp\/v2\/media\/102396"}],"wp:attachment":[{"href":"https:\/\/shop4trac.com\/fr\/wp-json\/wp\/v2\/media?parent=95956"}],"wp:term":[{"taxonomy":"product_cat","embeddable":true,"href":"https:\/\/shop4trac.com\/fr\/wp-json\/wp\/v2\/product_cat?post=95956"},{"taxonomy":"product_tag","embeddable":true,"href":"https:\/\/shop4trac.com\/fr\/wp-json\/wp\/v2\/product_tag?post=95956"}],"curies":[{"name":"wp","href":"https:\/\/api.w.org\/{rel}","templated":true}]}}