{"id":91677,"date":"2023-11-07T12:55:04","date_gmt":"2023-11-07T10:55:04","guid":{"rendered":"https:\/\/shop4trac.com\/non%20class\u00e9\/bougie-de-prechauffage-bobine-de-prechauffage-iseki-geas-sf-sg-tf-tm-tk-e3cd-e3100\/"},"modified":"2026-03-31T09:27:51","modified_gmt":"2026-03-31T08:27:51","slug":"glow-plug-iseki-geas-sf-sg-tf-tm-tk-e3cd-e3100","status":"publish","type":"product","link":"https:\/\/shop4trac.com\/fr\/pieces-de-moteur\/bougie-de-prechauffage\/glow-plug-iseki-geas-sf-sg-tf-tm-tk-e3cd-e3100\/","title":{"rendered":"Bougie de pr\u00e9chauffage | Bobine de pr\u00e9chauffage Iseki Geas | SF | SG | TF | TM | TK | E3CD | E3100"},"content":{"rendered":"<p>Bougie incandescente \/ Bougie de pr\u00e9chauffage de <strong><span style=\"text-decoration: underline\">qualit\u00e9 premium<\/span><\/strong> adapt\u00e9e pour :<\/p>\n<p><strong>Iseki<\/strong><\/p>\n<ul>\n<li>SF200, SF230, SF300, SF303, SF310, SF330, SF333, SF370<\/li>\n<li>SG13, SG15, SG15H, SG17, SG133, SG152, SG153, SG173<\/li>\n<li>SGR17, SGR19, SGR22<\/li>\n<li>SGX19H, SXG22<\/li>\n<li>SZ330<\/li>\n<li>SXG19, SXG216H, SXG326<\/li>\n<li>TH4260, TH4290, TH4295, TH4330, TH4335, TH4365, TH4365FH, TH4365FS<\/li>\n<li>TM15, TM17, TM217, TM223, TM3200, TM3240, TM3160, TM3267F, TM3267H<\/li>\n<li>TMG18<\/li>\n<li>TF223, TF330, TF317, TF321, TF327<\/li>\n<li>GEAS : TG21, TG23, TG25, TG29, T31, TG33, TG5330, TG5390, TG5395, TG5470, TG5475, TG5570, TG5370, TG6400, TG6490<\/li>\n<li>TG233, TG253<\/li>\n<li>TK21, TK25, TK29, TK527, TK532, TK538, TK538H, TK546, TK553<\/li>\n<li>TU318<\/li>\n<li>TM223, TM3160, TM3200, TM3215, TM3215FH, TM3240<\/li>\n<li>TMG18<\/li>\n<li>TXG23, TXG237<\/li>\n<li>3020, 2120, 3015, 3020, 3125, 3130, 3135<\/li>\n<\/ul>\n<p><strong>Massey Ferguson<\/strong><\/p>\n<ul>\n<li>1205, 1210, 1215, 1220, 1220H, 1225, 1225H, 1230, 1230H, 1233, 1235, 1235H, 1417, 1417H, 1423, 1423H, 1428V, 1429, 1430, 1433, 1433H, 1433V, 1440, 1440V, 1445, 1445H, 1455, 1455V, 1520, 1526, 1528, 1529, 1531, 1532, 1533, 1540, 1547, 1552, 1560, 1635, 1643, 1648, 1652, 1655, 1660<\/li>\n<li>FC23<\/li>\n<li>GC2300, GC2310, GC2400, GC2410, GC2600, GC2610<\/li>\n<li>ZT29, ZT33.<\/li>\n<\/ul>\n<p><strong>Challenger<\/strong><\/p>\n<ul>\n<li>MT225, MT225B, MT255, MT255B, MT265, MT265B, MT275, MT275B, MT285, MT285B, MT295, MT295B, MT297, MT297B.<\/li>\n<\/ul>\n<p><strong>Agco<\/strong><\/p>\n<ul>\n<li>ST22A, ST24A, ST25, ST28A, ST30, ST30X, ST32, ST33A, ST34A, ST35, ST35H, ST35X, ST40, ST40H, ST40X, ST41A, ST45, ST47A, ST52A, ST55, ST60A.<\/li>\n<\/ul>\n<div><strong>Moteurs<\/strong><\/div>\n<div><\/div>\n<div class=\"group w-full text-token-text-primary border-b border-black\/10 gizmo:border-0 dark:border-gray-900\/50 gizmo:dark:border-0 bg-gray-50 gizmo:bg-transparent dark:bg-[#444654] gizmo:dark:bg-transparent\" data-testid=\"conversation-turn-38\">\n<div class=\"p-4 gizmo:py-2 justify-center text-base md:gap-6 md:py-6 m-auto\">\n<div class=\"flex flex-1 gap-4 text-base mx-auto md:gap-6 gizmo:gap-3 gizmo:md:px-5 gizmo:lg:px-1 gizmo:xl:px-5 md:max-w-2xl lg:max-w-[38rem] gizmo:md:max-w-3xl gizmo:lg:max-w-[40rem] gizmo:xl:max-w-[48rem] xl:max-w-3xl }\">\n<div class=\"relative flex w-[calc(100%-50px)] flex-col gizmo:w-full lg:w-[calc(100%-115px)] agent-turn\">\n<div class=\"flex-col gap-1 md:gap-3\">\n<div class=\"flex flex-grow flex-col max-w-full gap-3 gizmo:gap-0\">\n<div class=\"min-h-[20px] flex flex-col items-start gap-3 whitespace-pre-wrap break-words overflow-x-auto\" data-message-author-role=\"assistant\" data-message-id=\"1d4e9a8f-4acf-4012-a5cc-e7a020af2371\">\n<div class=\"markdown prose w-full break-words dark:prose-invert light\">\n<ul>\n<li>E255, E262, E269, E374, E383<\/li>\n<li>E3CC, E3CD, E3CD-T, E3CE, E3DF, E4CG<\/li>\n<li>E3100, E3112, E3112-G03<\/li>\n<\/ul>\n<\/div>\n<\/div>\n<\/div>\n<\/div>\n<\/div>\n<\/div>\n<\/div>\n<\/div>\n<p><strong>OEM pour r\u00e9f\u00e9rence<\/strong><\/p>\n<div>\n<ul>\n<li>3704242M1, 3757093M1, 6242215M1, 6252809M1, 839912M91<\/li>\n<li>6281-410-010-00, 6281-410-0100-0, 6281-410-023-10, 628141001000<\/li>\n<li>6281-410-002-00, 6281-410-0012-0<\/li>\n<li>6281-410-028-10, 6281-410-0281-0, 628141002810<\/li>\n<li>62814100230A<\/li>\n<\/ul>\n<\/div>\n","protected":false},"excerpt":{"rendered":"<p>Bougie incandescente \/ Bougie de pr\u00e9chauffage de qualit\u00e9 premium adapt\u00e9e pour : Iseki SF200, SF230, SF300, SF303, SF310, SF330, SF333, SF370 SG13, SG15, SG15H, SG17, SG133, SG152, SG153, SG173 SGR17, SGR19, SGR22 SGX19H, SXG22 SZ330 SXG19, SXG216H, SXG326 TH4260, TH4290, TH4295, TH4330, TH4335, TH4365, TH4365FH, TH4365FS TM15, TM17, TM217, TM223, TM3200, TM3240, TM3160, TM3267F, TM3267H&hellip;<\/p>\n","protected":false},"featured_media":105906,"comment_status":"open","ping_status":"closed","template":"","meta":[],"product_cat":[453],"product_tag":[],"class_list":{"0":"post-91677","1":"product","2":"type-product","3":"status-publish","4":"has-post-thumbnail","6":"product_cat-bougie-de-prechauffage","7":"pa_merk-iseki-fr","8":"pa_merk-massey-ferguson-fr","9":"pa_motor-e3100-fr","10":"pa_motor-e3112-fr","11":"pa_motor-e383-fr","12":"pa_motor-e3cc-fr","13":"pa_motor-e3cd-fr","14":"pa_motor-e3ce-fr","15":"pa_motor-e3cf-fr","17":"first","18":"instock","19":"sale","20":"taxable","21":"shipping-taxable","22":"purchasable","23":"product-type-simple","24":"col-xs-6 col-sm-4","25":"col-md-3 col-lg-3","26":"un-4-cols"},"_links":{"self":[{"href":"https:\/\/shop4trac.com\/fr\/wp-json\/wp\/v2\/product\/91677","targetHints":{"allow":["GET"]}}],"collection":[{"href":"https:\/\/shop4trac.com\/fr\/wp-json\/wp\/v2\/product"}],"about":[{"href":"https:\/\/shop4trac.com\/fr\/wp-json\/wp\/v2\/types\/product"}],"replies":[{"embeddable":true,"href":"https:\/\/shop4trac.com\/fr\/wp-json\/wp\/v2\/comments?post=91677"}],"wp:featuredmedia":[{"embeddable":true,"href":"https:\/\/shop4trac.com\/fr\/wp-json\/wp\/v2\/media\/105906"}],"wp:attachment":[{"href":"https:\/\/shop4trac.com\/fr\/wp-json\/wp\/v2\/media?parent=91677"}],"wp:term":[{"taxonomy":"product_cat","embeddable":true,"href":"https:\/\/shop4trac.com\/fr\/wp-json\/wp\/v2\/product_cat?post=91677"},{"taxonomy":"product_tag","embeddable":true,"href":"https:\/\/shop4trac.com\/fr\/wp-json\/wp\/v2\/product_tag?post=91677"}],"curies":[{"name":"wp","href":"https:\/\/api.w.org\/{rel}","templated":true}]}}