{"id":88232,"date":"2023-09-20T00:06:49","date_gmt":"2023-09-19T23:09:23","guid":{"rendered":"https:\/\/shop4trac.com\/non%20class\u00e9\/manuel-kubota-gl23-liste-des-pieces-detachees-japonais\/"},"modified":"2025-08-01T17:29:32","modified_gmt":"2025-08-01T15:29:32","slug":"manual-kubota-gl23-parts-list-japanese","status":"publish","type":"product","link":"https:\/\/shop4trac.com\/fr\/autres-pieces\/manuels\/manual-kubota-gl23-parts-list-japanese\/","title":{"rendered":"Manuel Kubota GL23 \u2013 Liste des pi\u00e8ces d\u00e9tach\u00e9es \u2013 Japonais"},"content":{"rendered":"<p>Liste compl\u00e8te des pi\u00e8ces d\u00e9tach\u00e9es pour :<\/p>\n<p><strong>Kubota<\/strong><\/p>\n<ul>\n<li>GL23, GL23DT et autres mod\u00e8les GL !<\/li>\n<\/ul>\n<p><span style=\"text-decoration: underline\">Compos\u00e9 de 260 pages<\/span><\/p>\n<p><strong>Langue<\/strong><\/p>\n<p><strong>Japonais !<\/strong><\/p>\n","protected":false},"excerpt":{"rendered":"<p>Liste compl\u00e8te des pi\u00e8ces d\u00e9tach\u00e9es pour : Kubota GL23, GL23DT et autres mod\u00e8les GL ! Compos\u00e9 de 260 pages Langue Japonais !<\/p>\n","protected":false},"featured_media":94626,"comment_status":"open","ping_status":"open","template":"","meta":[],"product_cat":[9012],"product_tag":[],"class_list":{"0":"post-88232","1":"product","2":"type-product","3":"status-publish","4":"has-post-thumbnail","6":"product_cat-manuels","7":"pa_merk-kubota-fr","9":"first","10":"instock","11":"sale","12":"taxable","13":"shipping-taxable","14":"purchasable","15":"product-type-variable","16":"col-xs-6 col-sm-4","17":"col-md-3 col-lg-3","18":"un-4-cols"},"_links":{"self":[{"href":"https:\/\/shop4trac.com\/fr\/wp-json\/wp\/v2\/product\/88232","targetHints":{"allow":["GET"]}}],"collection":[{"href":"https:\/\/shop4trac.com\/fr\/wp-json\/wp\/v2\/product"}],"about":[{"href":"https:\/\/shop4trac.com\/fr\/wp-json\/wp\/v2\/types\/product"}],"replies":[{"embeddable":true,"href":"https:\/\/shop4trac.com\/fr\/wp-json\/wp\/v2\/comments?post=88232"}],"wp:featuredmedia":[{"embeddable":true,"href":"https:\/\/shop4trac.com\/fr\/wp-json\/wp\/v2\/media\/94626"}],"wp:attachment":[{"href":"https:\/\/shop4trac.com\/fr\/wp-json\/wp\/v2\/media?parent=88232"}],"wp:term":[{"taxonomy":"product_cat","embeddable":true,"href":"https:\/\/shop4trac.com\/fr\/wp-json\/wp\/v2\/product_cat?post=88232"},{"taxonomy":"product_tag","embeddable":true,"href":"https:\/\/shop4trac.com\/fr\/wp-json\/wp\/v2\/product_tag?post=88232"}],"curies":[{"name":"wp","href":"https:\/\/api.w.org\/{rel}","templated":true}]}}