{"id":88197,"date":"2023-09-19T23:26:12","date_gmt":"2023-09-19T22:30:25","guid":{"rendered":"https:\/\/shop4trac.com\/non%20class\u00e9\/manuel-kubota-a-15-a-19-liste-des-pieces-detachees-japonais\/"},"modified":"2025-08-01T17:29:44","modified_gmt":"2025-08-01T15:29:44","slug":"manuel-kubota-a-15-a-19-liste-de-pieces-japonais","status":"publish","type":"product","link":"https:\/\/shop4trac.com\/fr\/autres-pieces\/manuels\/manuel-kubota-a-15-a-19-liste-de-pieces-japonais\/","title":{"rendered":"Manuel Kubota A-15 | A-19 liste des pi\u00e8ces d\u00e9tach\u00e9es | japonais"},"content":{"rendered":"<p>Liste compl\u00e8te des pi\u00e8ces d\u00e9tach\u00e9es pour :<\/p>\n<p><strong>Kubota<\/strong><\/p>\n<ul>\n<li>A-15, A-17, A-19<\/li>\n<\/ul>\n<p>Compos\u00e9 de 252<span style=\"text-decoration: underline\"> pages<\/span><\/p>\n<p><strong>Langue<\/strong><\/p>\n<p><strong>Japonais !<\/strong><\/p>\n","protected":false},"excerpt":{"rendered":"<p>Liste compl\u00e8te des pi\u00e8ces d\u00e9tach\u00e9es pour : Kubota A-15, A-17, A-19 Compos\u00e9 de 252 pages Langue Japonais !<\/p>\n","protected":false},"featured_media":94606,"comment_status":"open","ping_status":"open","template":"","meta":[],"product_cat":[9012],"product_tag":[],"class_list":{"0":"post-88197","1":"product","2":"type-product","3":"status-publish","4":"has-post-thumbnail","6":"product_cat-manuels","7":"pa_merk-kubota-fr","8":"pa_merk-zen-noh-fr","10":"first","11":"instock","12":"sale","13":"taxable","14":"shipping-taxable","15":"purchasable","16":"product-type-variable","17":"col-xs-6 col-sm-4","18":"col-md-3 col-lg-3","19":"un-4-cols"},"_links":{"self":[{"href":"https:\/\/shop4trac.com\/fr\/wp-json\/wp\/v2\/product\/88197","targetHints":{"allow":["GET"]}}],"collection":[{"href":"https:\/\/shop4trac.com\/fr\/wp-json\/wp\/v2\/product"}],"about":[{"href":"https:\/\/shop4trac.com\/fr\/wp-json\/wp\/v2\/types\/product"}],"replies":[{"embeddable":true,"href":"https:\/\/shop4trac.com\/fr\/wp-json\/wp\/v2\/comments?post=88197"}],"wp:featuredmedia":[{"embeddable":true,"href":"https:\/\/shop4trac.com\/fr\/wp-json\/wp\/v2\/media\/94606"}],"wp:attachment":[{"href":"https:\/\/shop4trac.com\/fr\/wp-json\/wp\/v2\/media?parent=88197"}],"wp:term":[{"taxonomy":"product_cat","embeddable":true,"href":"https:\/\/shop4trac.com\/fr\/wp-json\/wp\/v2\/product_cat?post=88197"},{"taxonomy":"product_tag","embeddable":true,"href":"https:\/\/shop4trac.com\/fr\/wp-json\/wp\/v2\/product_tag?post=88197"}],"curies":[{"name":"wp","href":"https:\/\/api.w.org\/{rel}","templated":true}]}}