{"id":85679,"date":"2023-08-04T14:24:19","date_gmt":"2023-08-04T13:24:19","guid":{"rendered":"https:\/\/shop4trac.com\/non%20class\u00e9\/dynamo-iseki-tu145-tu175-coupe-cadet-marine-sole-toro\/"},"modified":"2026-02-03T15:41:18","modified_gmt":"2026-02-03T14:41:18","slug":"dynamo-iseki-tu145-tu175-cup-cadet-marine-sole-toro","status":"publish","type":"product","link":"https:\/\/shop4trac.com\/fr\/pieces-electriques\/pieces-dynamo\/dynamo-iseki-tu145-tu175-cup-cadet-marine-sole-toro\/","title":{"rendered":"Alternateur Iseki TU145 \u2013 TU175 | Coupe cadette | Marine | Semelle | toro | Deutz"},"content":{"rendered":"<p>Alternateur de qualit\u00e9 <strong>sup\u00e9rieure<\/strong> adapt\u00e9 aux tracteurs et machines suivants<\/p>\n<p><strong>Informations techniques<\/strong><\/p>\n<ul>\n<li>Tension 12<\/li>\n<li>Amp\u00e9rage 40<\/li>\n<li>Poulie (mm) 68,0<\/li>\n<li>B+M5<\/li>\n<\/ul>\n<p><strong>Iseki<\/strong><\/p>\n<ul>\n<li>TU145, TU155, TU165, TU175<\/li>\n<li>TU145F, TU155F, TU165F, TU175F<\/li>\n<li>TU147, TU157, TU167, TU167<\/li>\n<li>TU147F, TU157F, TU167F, TU167F<\/li>\n<\/ul>\n<p><strong>Caterpillar<\/strong><\/p>\n<ul>\n<li>GP40, GPL40<\/li>\n<\/ul>\n<p><strong>Louveteau cadet<\/strong><\/p>\n<ul>\n<li>7192, 7193, 7194, 7195, 7232, 7233, 7234, 7235, 7272, 7273, 7274, 7275, 7300, 7305<\/li>\n<\/ul>\n<p><strong>Deutz Fahr<\/strong><\/p>\n<ul>\n<li>AgroKid 210, AgroKid 220, AgroKid 230, AgroKid 25 (S3L), AgroKid 25 (K3F), AgroKid 30, AgroKid 35 (S4L), AgroKid 35 (K4F), AgroKid 40, AgroKid 45 (S4L), AgroKid 45 (K4F) , Agro-Enfant 50<\/li>\n<\/ul>\n<p><strong>Mitsubishi<\/strong><\/p>\n<ul>\n<li>FG40-G, FG40-G2, FG40-LP, FG40-LP2, FG40-LPS, K3, K4E, K4M, L3, L3C, L3C, L3E, L3E<\/li>\n<li>MT165<\/li>\n<\/ul>\n<p><strong>Moteur Mitsubishi<\/strong><\/p>\n<ul>\n<li>K3A, K3B, K3C, K3D, K3E, K3F, K4E, K4M, L3, L3C, L3C, L3E, L3E<\/li>\n<li>K3, K4E-61DML, K4M-D61SS, L3, L3C-61WM, L3C-62WM, L3E-61SS, L3E-62SS<\/li>\n<\/ul>\n<p><strong>Semelle Diesel<\/strong><\/p>\n<ul>\n<li>Mini-11, Mini-17, Mini-26, Mini-29, Mini-48<\/li>\n<\/ul>\n<p><strong>Toro<\/strong><\/p>\n<ul>\n<li>Groundsmaster 220D, Groundsmaster 223D, Groundsmaster 224, Reelmaster 223-D, Reelmaster 5100-D, Workman 3300-D, Workman 4300-D<\/li>\n<\/ul>\n<p><strong>Vetus<\/strong><\/p>\n<ul>\n<li>M2.04, M2.06, M2.C5, M2.D5<\/li>\n<\/ul>\n<p><strong>OEM pour r\u00e9f\u00e9rence<\/strong><\/p>\n<ul>\n<li>CATERPILLAR 1038008, 138008, MITSUBISHI A000T25171, A000T25271, A000T25371, A000T25471, MITSUBISHI HEAVY INDUSTRIES MM131020<\/li>\n<li>MM432804, MM435081, MM435751, MM435752, PRESTOLITE 66021126M, SEMELLE DIESEL 13827210, TORO 67-4630, VETUS MARINE STM1243<\/li>\n<\/ul>\n","protected":false},"excerpt":{"rendered":"<p>Alternateur de qualit\u00e9 sup\u00e9rieure adapt\u00e9 aux tracteurs et machines suivants Informations techniques Tension 12 Amp\u00e9rage 40 Poulie (mm) 68,0 B+M5 Iseki TU145, TU155, TU165, TU175 TU145F, TU155F, TU165F, TU175F TU147, TU157, TU167, TU167 TU147F, TU157F, TU167F, TU167F Caterpillar GP40, GPL40 Louveteau cadet 7192, 7193, 7194, 7195, 7232, 7233, 7234, 7235, 7272, 7273, 7274, 7275, 7300,&hellip;<\/p>\n","protected":false},"featured_media":94806,"comment_status":"open","ping_status":"closed","template":"","meta":[],"product_cat":[421],"product_tag":[],"class_list":{"0":"post-85679","1":"product","2":"type-product","3":"status-publish","4":"has-post-thumbnail","6":"product_cat-pieces-dynamo","7":"pa_merk-caterpillar-fr","8":"pa_merk-cub-cadet-fr","9":"pa_merk-deutz-fr","10":"pa_merk-iseki-fr","11":"pa_merk-mitsubishi-fr","12":"pa_merk-sole-diesel-fr","13":"pa_merk-toro-fr","14":"pa_merk-vetus-fr","15":"pa_motor-k3a-fr","16":"pa_motor-k3b-fr","17":"pa_motor-k3c-fr","18":"pa_motor-k3d-fr","19":"pa_motor-k3e-fr","20":"pa_motor-k3f-fr","21":"pa_motor-k4e-fr","22":"pa_motor-l3a-fr","23":"pa_motor-l3c-fr","24":"pa_motor-l3e-fr","26":"first","27":"instock","28":"taxable","29":"shipping-taxable","30":"purchasable","31":"product-type-simple","32":"col-xs-6 col-sm-4","33":"col-md-3 col-lg-3","34":"un-4-cols"},"_links":{"self":[{"href":"https:\/\/shop4trac.com\/fr\/wp-json\/wp\/v2\/product\/85679","targetHints":{"allow":["GET"]}}],"collection":[{"href":"https:\/\/shop4trac.com\/fr\/wp-json\/wp\/v2\/product"}],"about":[{"href":"https:\/\/shop4trac.com\/fr\/wp-json\/wp\/v2\/types\/product"}],"replies":[{"embeddable":true,"href":"https:\/\/shop4trac.com\/fr\/wp-json\/wp\/v2\/comments?post=85679"}],"wp:featuredmedia":[{"embeddable":true,"href":"https:\/\/shop4trac.com\/fr\/wp-json\/wp\/v2\/media\/94806"}],"wp:attachment":[{"href":"https:\/\/shop4trac.com\/fr\/wp-json\/wp\/v2\/media?parent=85679"}],"wp:term":[{"taxonomy":"product_cat","embeddable":true,"href":"https:\/\/shop4trac.com\/fr\/wp-json\/wp\/v2\/product_cat?post=85679"},{"taxonomy":"product_tag","embeddable":true,"href":"https:\/\/shop4trac.com\/fr\/wp-json\/wp\/v2\/product_tag?post=85679"}],"curies":[{"name":"wp","href":"https:\/\/api.w.org\/{rel}","templated":true}]}}