{"id":83850,"date":"2023-07-03T15:50:22","date_gmt":"2023-07-03T14:50:22","guid":{"rendered":"https:\/\/shop4trac.com\/non%20class\u00e9\/durit-de-radiateur-kubota-b1600-b1702\/"},"modified":"2025-08-16T12:34:45","modified_gmt":"2025-08-16T10:34:45","slug":"durit-de-radiateur-kubota-b1600-b1702","status":"publish","type":"product","link":"https:\/\/shop4trac.com\/fr\/refroidissement-et-radiateurs\/tuyau-de-radiateur\/durit-de-radiateur-kubota-b1600-b1702\/","title":{"rendered":"Durite de radiateur inf\u00e9rieure Kubota B1600 \u2013 B1702"},"content":{"rendered":"<p>Durite de radiateur \/ durite d&rsquo;eau de refroidissement adapt\u00e9e pour :<\/p>\n<p><strong>Kubota<\/strong><\/p>\n<ul>\n<li>B1600, B5200, B6200, B7200, B8200<\/li>\n<li>B20<\/li>\n<li>B1702, B1902<\/li>\n<\/ul>\n<p><strong>Zen-noh<\/strong><\/p>\n<ul>\n<li>ZB1600, ZB1702, ZB1902<\/li>\n<\/ul>\n<p><strong>Moteur Kubota<\/strong><\/p>\n<ul>\n<li>D950<\/li>\n<\/ul>\n<p><strong>Dimensions<\/strong><\/p>\n<p>interne<\/p>\n<ul>\n<li>12 mm<\/li>\n<\/ul>\n<p>Dimensions ext\u00e9rieures<\/p>\n<ul>\n<li>20 mm<\/li>\n<\/ul>\n<p><strong>OEM pour r\u00e9f\u00e9rence<\/strong><\/p>\n<ul>\n<li>15533-73360, 15533-7336-0<\/li>\n<\/ul>\n","protected":false},"excerpt":{"rendered":"<p>Durite de radiateur \/ durite d&rsquo;eau de refroidissement adapt\u00e9e pour : Kubota B1600, B5200, B6200, B7200, B8200 B20 B1702, B1902 Zen-noh ZB1600, ZB1702, ZB1902 Moteur Kubota D950 Dimensions interne 12 mm Dimensions ext\u00e9rieures 20 mm OEM pour r\u00e9f\u00e9rence 15533-73360, 15533-7336-0<\/p>\n","protected":false},"featured_media":93891,"comment_status":"open","ping_status":"closed","template":"","meta":[],"product_cat":[434],"product_tag":[],"class_list":{"0":"post-83850","1":"product","2":"type-product","3":"status-publish","4":"has-post-thumbnail","6":"product_cat-tuyau-de-radiateur","7":"pa_merk-kubota-fr","9":"first","10":"instock","11":"taxable","12":"shipping-taxable","13":"purchasable","14":"product-type-simple","15":"col-xs-6 col-sm-4","16":"col-md-3 col-lg-3","17":"un-4-cols"},"_links":{"self":[{"href":"https:\/\/shop4trac.com\/fr\/wp-json\/wp\/v2\/product\/83850","targetHints":{"allow":["GET"]}}],"collection":[{"href":"https:\/\/shop4trac.com\/fr\/wp-json\/wp\/v2\/product"}],"about":[{"href":"https:\/\/shop4trac.com\/fr\/wp-json\/wp\/v2\/types\/product"}],"replies":[{"embeddable":true,"href":"https:\/\/shop4trac.com\/fr\/wp-json\/wp\/v2\/comments?post=83850"}],"wp:featuredmedia":[{"embeddable":true,"href":"https:\/\/shop4trac.com\/fr\/wp-json\/wp\/v2\/media\/93891"}],"wp:attachment":[{"href":"https:\/\/shop4trac.com\/fr\/wp-json\/wp\/v2\/media?parent=83850"}],"wp:term":[{"taxonomy":"product_cat","embeddable":true,"href":"https:\/\/shop4trac.com\/fr\/wp-json\/wp\/v2\/product_cat?post=83850"},{"taxonomy":"product_tag","embeddable":true,"href":"https:\/\/shop4trac.com\/fr\/wp-json\/wp\/v2\/product_tag?post=83850"}],"curies":[{"name":"wp","href":"https:\/\/api.w.org\/{rel}","templated":true}]}}