{"id":81755,"date":"2023-05-23T23:25:40","date_gmt":"2023-05-23T22:25:40","guid":{"rendered":"https:\/\/shop4trac.com\/non%20class\u00e9\/siege-de-tracteur-siege-de-chariot-elevateur-dossier-reglable\/"},"modified":"2026-01-26T14:46:51","modified_gmt":"2026-01-26T13:46:51","slug":"siege-de-tracteur-siege-de-chariot-elevateur-dossier-reglable","status":"publish","type":"product","link":"https:\/\/shop4trac.com\/fr\/autres-pieces\/siege-micro-tracteur\/siege-de-tracteur-siege-de-chariot-elevateur-dossier-reglable\/","title":{"rendered":"Si\u00e8ge de tracteur | si\u00e8ge de chariot \u00e9l\u00e9vateur | dossier r\u00e9glable"},"content":{"rendered":"<p>Ce si\u00e8ge de tracteur exceptionnel est une option polyvalente qui peut \u00e9galement servir de si\u00e8ge de chariot \u00e9l\u00e9vateur. Avec sa structure en acier robuste et sa finition de haute qualit\u00e9, cette chaise r\u00e9pond aux normes les plus strictes. Le mat\u00e9riau PVC durable et r\u00e9sistant \u00e0 l&rsquo;eau utilis\u00e9 pour recouvrir la chaise garantit des performances durables et fiables, m\u00eame dans des conditions difficiles.<\/p>\n<p>Le niveau de confort de ce si\u00e8ge est in\u00e9gal\u00e9. Le si\u00e8ge \u00e9pais et rembourr\u00e9 offre un confort d&rsquo;assise optimal, ce qui permet une utilisation prolong\u00e9e sans probl\u00e8me. Que vous deviez travailler pendant des heures sur un tracteur ou un chariot \u00e9l\u00e9vateur, cette chaise vous permettra de rester d\u00e9tendu et confortable, ce qui am\u00e9liorera votre productivit\u00e9.<\/p>\n<ul>\n<li><strong>Kubota<\/strong><\/li>\n<li><strong>Mitsubishi<\/strong><\/li>\n<li><strong>Shibaura<\/strong><\/li>\n<li><strong>Hinomoto<\/strong><\/li>\n<li><strong>Lynx<\/strong><\/li>\n<li><strong>Zen-noh<\/strong><\/li>\n<li><strong>Bolens<\/strong><\/li>\n<li><strong>Kioti<\/strong><\/li>\n<li><strong>Suzue<\/strong><\/li>\n<li><strong>Satoh<\/strong><\/li>\n<li><strong>Cas<\/strong><\/li>\n<li><strong>Hitachi<\/strong><\/li>\n<li><strong>etc<\/strong>.<\/li>\n<\/ul>\n<p><strong>Dimensions<\/strong><\/p>\n<ul>\n<li>48 x 48 x 50 cm<\/li>\n<li>R\u00e9glage du dossier de 60 \u00e0 150 degr\u00e9s<\/li>\n<\/ul>\n","protected":false},"excerpt":{"rendered":"<p>Ce si\u00e8ge de tracteur exceptionnel est une option polyvalente qui peut \u00e9galement servir de si\u00e8ge de chariot \u00e9l\u00e9vateur. Avec sa structure en acier robuste et sa finition de haute qualit\u00e9, cette chaise r\u00e9pond aux normes les plus strictes. Le mat\u00e9riau PVC durable et r\u00e9sistant \u00e0 l&rsquo;eau utilis\u00e9 pour recouvrir la chaise garantit des performances durables&hellip;<\/p>\n","protected":false},"featured_media":93573,"comment_status":"open","ping_status":"closed","template":"","meta":[],"product_cat":[446],"product_tag":[],"class_list":{"0":"post-81755","1":"product","2":"type-product","3":"status-publish","4":"has-post-thumbnail","6":"product_cat-siege-micro-tracteur","7":"pa_merk-atlas-fr","8":"pa_merk-bobcat-fr","9":"pa_merk-case-fr","10":"pa_merk-iseki-fr","11":"pa_merk-komatsu-fr","12":"pa_merk-kubota-fr","13":"pa_merk-mitsubishi-fr","14":"pa_merk-satoh-fr","15":"pa_merk-suzue-fr","16":"pa_merk-takeuchi-fr","17":"pa_merk-zen-noh-fr","19":"first","20":"outofstock","21":"sale","22":"taxable","23":"shipping-taxable","24":"product-type-simple","25":"col-xs-6 col-sm-4","26":"col-md-3 col-lg-3","27":"un-4-cols"},"_links":{"self":[{"href":"https:\/\/shop4trac.com\/fr\/wp-json\/wp\/v2\/product\/81755","targetHints":{"allow":["GET"]}}],"collection":[{"href":"https:\/\/shop4trac.com\/fr\/wp-json\/wp\/v2\/product"}],"about":[{"href":"https:\/\/shop4trac.com\/fr\/wp-json\/wp\/v2\/types\/product"}],"replies":[{"embeddable":true,"href":"https:\/\/shop4trac.com\/fr\/wp-json\/wp\/v2\/comments?post=81755"}],"wp:featuredmedia":[{"embeddable":true,"href":"https:\/\/shop4trac.com\/fr\/wp-json\/wp\/v2\/media\/93573"}],"wp:attachment":[{"href":"https:\/\/shop4trac.com\/fr\/wp-json\/wp\/v2\/media?parent=81755"}],"wp:term":[{"taxonomy":"product_cat","embeddable":true,"href":"https:\/\/shop4trac.com\/fr\/wp-json\/wp\/v2\/product_cat?post=81755"},{"taxonomy":"product_tag","embeddable":true,"href":"https:\/\/shop4trac.com\/fr\/wp-json\/wp\/v2\/product_tag?post=81755"}],"curies":[{"name":"wp","href":"https:\/\/api.w.org\/{rel}","templated":true}]}}